{"id":249,"date":"2022-05-06T11:40:36","date_gmt":"2022-05-06T11:40:36","guid":{"rendered":"https:\/\/kecskemetsymphony.com\/?page_id=249"},"modified":"2023-01-16T06:42:34","modified_gmt":"2023-01-16T06:42:34","slug":"a-zenekar-ottohna","status":"publish","type":"page","link":"https:\/\/kecskemetsymphony.com\/index.php\/a-zenekar-ottohna\/","title":{"rendered":"THE ORCHESTRA&#8217;S HOME"},"content":{"rendered":"\t\t<div data-elementor-type=\"wp-page\" data-elementor-id=\"249\" class=\"elementor elementor-249\">\n\t\t\t\t\t\t<section class=\"elementor-section elementor-top-section elementor-element elementor-element-3b104cf elementor-section-boxed elementor-section-height-default elementor-section-height-default\" data-id=\"3b104cf\" data-element_type=\"section\" data-e-type=\"section\">\n\t\t\t\t\t\t<div class=\"elementor-container elementor-column-gap-default\">\n\t\t\t\t\t<div class=\"elementor-column elementor-col-100 elementor-top-column elementor-element elementor-element-bb5c04d\" data-id=\"bb5c04d\" data-element_type=\"column\" data-e-type=\"column\">\n\t\t\t<div class=\"elementor-widget-wrap elementor-element-populated\">\n\t\t\t\t\t\t<div class=\"elementor-element elementor-element-9450962 e-transform elementor-widget elementor-widget-image\" data-id=\"9450962\" data-element_type=\"widget\" data-e-type=\"widget\" data-settings=\"{&quot;_transform_rotateZ_effect&quot;:{&quot;unit&quot;:&quot;px&quot;,&quot;size&quot;:0,&quot;sizes&quot;:[]},&quot;_transform_rotateZ_effect_tablet&quot;:{&quot;unit&quot;:&quot;deg&quot;,&quot;size&quot;:&quot;&quot;,&quot;sizes&quot;:[]},&quot;_transform_rotateZ_effect_mobile&quot;:{&quot;unit&quot;:&quot;deg&quot;,&quot;size&quot;:&quot;&quot;,&quot;sizes&quot;:[]}}\" data-widget_type=\"image.default\">\n\t\t\t\t<div class=\"elementor-widget-container\">\n\t\t\t\t\t\t\t\t\t\t\t\t<figure class=\"wp-caption\">\n\t\t\t\t\t\t\t\t\t\t\t<a href=\"https:\/\/hirosagora.hu\/\">\n\t\t\t\t\t\t\t<img fetchpriority=\"high\" decoding=\"async\" width=\"778\" height=\"463\" src=\"https:\/\/kecskemetsymphony.com\/wp-content\/uploads\/2023\/01\/kulturalis-kozpont-1.jpg\" class=\"attachment-large size-large wp-image-1589\" alt=\"\" srcset=\"https:\/\/kecskemetsymphony.com\/wp-content\/uploads\/2023\/01\/kulturalis-kozpont-1.jpg 778w, https:\/\/kecskemetsymphony.com\/wp-content\/uploads\/2023\/01\/kulturalis-kozpont-1-300x179.jpg 300w, https:\/\/kecskemetsymphony.com\/wp-content\/uploads\/2023\/01\/kulturalis-kozpont-1-768x457.jpg 768w\" sizes=\"(max-width: 778px) 100vw, 778px\" \/>\t\t\t\t\t\t\t\t<\/a>\n\t\t\t\t\t\t\t\t\t\t\t<figcaption class=\"widget-image-caption wp-caption-text\"><\/figcaption>\n\t\t\t\t\t\t\t\t\t\t<\/figure>\n\t\t\t\t\t\t\t\t\t<\/div>\n\t\t\t\t<\/div>\n\t\t\t\t\t<\/div>\n\t\t<\/div>\n\t\t\t\t\t<\/div>\n\t\t<\/section>\n\t\t\t\t<section class=\"elementor-section elementor-top-section elementor-element elementor-element-f91dfc8 elementor-section-boxed elementor-section-height-default elementor-section-height-default\" data-id=\"f91dfc8\" data-element_type=\"section\" data-e-type=\"section\">\n\t\t\t\t\t\t<div class=\"elementor-container elementor-column-gap-default\">\n\t\t\t\t\t<div class=\"elementor-column elementor-col-100 elementor-top-column elementor-element elementor-element-fec5b1e\" data-id=\"fec5b1e\" data-element_type=\"column\" data-e-type=\"column\">\n\t\t\t<div class=\"elementor-widget-wrap elementor-element-populated\">\n\t\t\t\t\t\t<div class=\"elementor-element elementor-element-25b2ad5 elementor-widget elementor-widget-text-editor\" data-id=\"25b2ad5\" data-element_type=\"widget\" data-e-type=\"widget\" data-widget_type=\"text-editor.default\">\n\t\t\t\t<div class=\"elementor-widget-container\">\n\t\t\t\t\t\t\t\t\t<h5><strong>A <a href=\"https:\/\/hirosagora.hu\/\" target=\"_blank\" rel=\"noopener\">H\u00edr\u00f6s Ag\u00f3ra Kult\u00far\u00e1lis \u00e9s Ifj\u00fas\u00e1gi K\u00f6zpont Nonprofit Kft.<\/a> f\u0151 feladata Kecskem\u00e9t v\u00e1ros polg\u00e1rainak kultur\u00e1lis, m\u0171v\u00e9szeti, szabadid\u0151s \u00e9s k\u00f6z\u00f6ss\u00e9gi ig\u00e9nyeinek, sz\u00fcks\u00e9gleteinek kiel\u00e9g\u00edt\u00e9se, a rekre\u00e1ci\u00f3, a sz\u00f3rakoz\u00e1s \u00e9s a sz\u00f3rakoztat\u00e1s, a szabadid\u0151 hasznos elt\u00f6lt\u00e9s\u00e9nek seg\u00edt\u00e9se, a k\u00f6z\u00f6ss\u00e9gi m\u0171vel\u0151d\u00e9s lehet\u0151s\u00e9geinek biztos\u00edt\u00e1sa \u00e9s az alkot\u00f3k\u00e9szs\u00e9g kibontakoztat\u00e1sa.\u00a0<\/strong><\/h5>\t\t\t\t\t\t\t\t<\/div>\n\t\t\t\t<\/div>\n\t\t\t\t\t<\/div>\n\t\t<\/div>\n\t\t\t\t\t<\/div>\n\t\t<\/section>\n\t\t\t\t<\/div>\n\t\t","protected":false},"excerpt":{"rendered":"<p>A H\u00edr\u00f6s Ag\u00f3ra Kult\u00far\u00e1lis \u00e9s Ifj\u00fas\u00e1gi K\u00f6zpont Nonprofit Kft. f\u0151 feladata Kecskem\u00e9t v\u00e1ros polg\u00e1rainak kultur\u00e1lis, m\u0171v\u00e9szeti, szabadid\u0151s \u00e9s k\u00f6z\u00f6ss\u00e9gi ig\u00e9nyeinek, sz\u00fcks\u00e9gleteinek kiel\u00e9g\u00edt\u00e9se, a rekre\u00e1ci\u00f3, a sz\u00f3rakoz\u00e1s \u00e9s a sz\u00f3rakoztat\u00e1s, a szabadid\u0151 hasznos elt\u00f6lt\u00e9s\u00e9nek seg\u00edt\u00e9se, a k\u00f6z\u00f6ss\u00e9gi m\u0171vel\u0151d\u00e9s lehet\u0151s\u00e9geinek biztos\u00edt\u00e1sa \u00e9s az alkot\u00f3k\u00e9szs\u00e9g kibontakoztat\u00e1sa.\u00a0<\/p>\n","protected":false},"author":1,"featured_media":0,"parent":0,"menu_order":0,"comment_status":"closed","ping_status":"closed","template":"","meta":{"footnotes":""},"class_list":["post-249","page","type-page","status-publish"],"yoast_head":"<!-- This site is optimized with the Yoast SEO plugin v27.4 - https:\/\/yoast.com\/product\/yoast-seo-wordpress\/ -->\n<title>THE ORCHESTRA&#039;S HOME - Kecskem\u00e9ti Szimfonikus Zenekar<\/title>\n<meta name=\"robots\" content=\"index, follow, max-snippet:-1, max-image-preview:large, max-video-preview:-1\" \/>\n<link rel=\"canonical\" href=\"https:\/\/kecskemetsymphony.com\/index.php\/a-zenekar-ottohna\/\" \/>\n<meta property=\"og:locale\" content=\"hu_HU\" \/>\n<meta property=\"og:type\" content=\"article\" \/>\n<meta property=\"og:title\" content=\"THE ORCHESTRA&#039;S HOME - Kecskem\u00e9ti Szimfonikus Zenekar\" \/>\n<meta property=\"og:description\" content=\"A H\u00edr\u00f6s Ag\u00f3ra Kult\u00far\u00e1lis \u00e9s Ifj\u00fas\u00e1gi K\u00f6zpont Nonprofit Kft. f\u0151 feladata Kecskem\u00e9t v\u00e1ros polg\u00e1rainak kultur\u00e1lis, m\u0171v\u00e9szeti, szabadid\u0151s \u00e9s k\u00f6z\u00f6ss\u00e9gi ig\u00e9nyeinek, sz\u00fcks\u00e9gleteinek kiel\u00e9g\u00edt\u00e9se, a rekre\u00e1ci\u00f3, a sz\u00f3rakoz\u00e1s \u00e9s a sz\u00f3rakoztat\u00e1s, a szabadid\u0151 hasznos elt\u00f6lt\u00e9s\u00e9nek seg\u00edt\u00e9se, a k\u00f6z\u00f6ss\u00e9gi m\u0171vel\u0151d\u00e9s lehet\u0151s\u00e9geinek biztos\u00edt\u00e1sa \u00e9s az alkot\u00f3k\u00e9szs\u00e9g kibontakoztat\u00e1sa.\u00a0\" \/>\n<meta property=\"og:url\" content=\"https:\/\/kecskemetsymphony.com\/index.php\/a-zenekar-ottohna\/\" \/>\n<meta property=\"og:site_name\" content=\"Kecskem\u00e9ti Szimfonikus Zenekar\" \/>\n<meta property=\"article:publisher\" content=\"https:\/\/www.facebook.com\/kecskemetiszimfonikuszenekar\" \/>\n<meta property=\"article:modified_time\" content=\"2023-01-16T06:42:34+00:00\" \/>\n<meta property=\"og:image\" content=\"https:\/\/kecskemetsymphony.com\/wp-content\/uploads\/2023\/01\/kulturalis-kozpont-1.jpg\" \/>\n<meta name=\"twitter:card\" content=\"summary_large_image\" \/>\n<meta name=\"twitter:label1\" content=\"Becs\u00fclt olvas\u00e1si id\u0151\" \/>\n\t<meta name=\"twitter:data1\" content=\"1 perc\" \/>\n<script type=\"application\/ld+json\" class=\"yoast-schema-graph\">{\"@context\":\"https:\\\/\\\/schema.org\",\"@graph\":[{\"@type\":\"WebPage\",\"@id\":\"https:\\\/\\\/kecskemetsymphony.com\\\/index.php\\\/a-zenekar-ottohna\\\/\",\"url\":\"https:\\\/\\\/kecskemetsymphony.com\\\/index.php\\\/a-zenekar-ottohna\\\/\",\"name\":\"THE ORCHESTRA'S HOME - Kecskem\u00e9ti Szimfonikus Zenekar\",\"isPartOf\":{\"@id\":\"https:\\\/\\\/kecskemetsymphony.com\\\/#website\"},\"primaryImageOfPage\":{\"@id\":\"https:\\\/\\\/kecskemetsymphony.com\\\/index.php\\\/a-zenekar-ottohna\\\/#primaryimage\"},\"image\":{\"@id\":\"https:\\\/\\\/kecskemetsymphony.com\\\/index.php\\\/a-zenekar-ottohna\\\/#primaryimage\"},\"thumbnailUrl\":\"https:\\\/\\\/kecskemetsymphony.com\\\/wp-content\\\/uploads\\\/2023\\\/01\\\/kulturalis-kozpont-1.jpg\",\"datePublished\":\"2022-05-06T11:40:36+00:00\",\"dateModified\":\"2023-01-16T06:42:34+00:00\",\"breadcrumb\":{\"@id\":\"https:\\\/\\\/kecskemetsymphony.com\\\/index.php\\\/a-zenekar-ottohna\\\/#breadcrumb\"},\"inLanguage\":\"hu\",\"potentialAction\":[{\"@type\":\"ReadAction\",\"target\":[\"https:\\\/\\\/kecskemetsymphony.com\\\/index.php\\\/a-zenekar-ottohna\\\/\"]}]},{\"@type\":\"ImageObject\",\"inLanguage\":\"hu\",\"@id\":\"https:\\\/\\\/kecskemetsymphony.com\\\/index.php\\\/a-zenekar-ottohna\\\/#primaryimage\",\"url\":\"https:\\\/\\\/kecskemetsymphony.com\\\/wp-content\\\/uploads\\\/2023\\\/01\\\/kulturalis-kozpont-1.jpg\",\"contentUrl\":\"https:\\\/\\\/kecskemetsymphony.com\\\/wp-content\\\/uploads\\\/2023\\\/01\\\/kulturalis-kozpont-1.jpg\",\"width\":778,\"height\":463},{\"@type\":\"BreadcrumbList\",\"@id\":\"https:\\\/\\\/kecskemetsymphony.com\\\/index.php\\\/a-zenekar-ottohna\\\/#breadcrumb\",\"itemListElement\":[{\"@type\":\"ListItem\",\"position\":1,\"name\":\"Home\",\"item\":\"https:\\\/\\\/kecskemetsymphony.com\\\/\"},{\"@type\":\"ListItem\",\"position\":2,\"name\":\"THE ORCHESTRA&#8217;S HOME\"}]},{\"@type\":\"WebSite\",\"@id\":\"https:\\\/\\\/kecskemetsymphony.com\\\/#website\",\"url\":\"https:\\\/\\\/kecskemetsymphony.com\\\/\",\"name\":\"Kecskem\u00e9ti Szimfonikus Zenekar\",\"description\":\"Kecskem\u00e9ti Szimfonikus Zenekar honlapja\",\"publisher\":{\"@id\":\"https:\\\/\\\/kecskemetsymphony.com\\\/#organization\"},\"potentialAction\":[{\"@type\":\"SearchAction\",\"target\":{\"@type\":\"EntryPoint\",\"urlTemplate\":\"https:\\\/\\\/kecskemetsymphony.com\\\/?s={search_term_string}\"},\"query-input\":{\"@type\":\"PropertyValueSpecification\",\"valueRequired\":true,\"valueName\":\"search_term_string\"}}],\"inLanguage\":\"hu\"},{\"@type\":\"Organization\",\"@id\":\"https:\\\/\\\/kecskemetsymphony.com\\\/#organization\",\"name\":\"Kecskem\u00e9ti Szimfonikus Zenekar\",\"url\":\"https:\\\/\\\/kecskemetsymphony.com\\\/\",\"logo\":{\"@type\":\"ImageObject\",\"inLanguage\":\"hu\",\"@id\":\"https:\\\/\\\/kecskemetsymphony.com\\\/#\\\/schema\\\/logo\\\/image\\\/\",\"url\":\"https:\\\/\\\/kecskemetsymphony.com\\\/wp-content\\\/uploads\\\/2022\\\/04\\\/cropped-KS_BRAND_FB_PROFILE_1.jpg\",\"contentUrl\":\"https:\\\/\\\/kecskemetsymphony.com\\\/wp-content\\\/uploads\\\/2022\\\/04\\\/cropped-KS_BRAND_FB_PROFILE_1.jpg\",\"width\":480,\"height\":480,\"caption\":\"Kecskem\u00e9ti Szimfonikus Zenekar\"},\"image\":{\"@id\":\"https:\\\/\\\/kecskemetsymphony.com\\\/#\\\/schema\\\/logo\\\/image\\\/\"},\"sameAs\":[\"https:\\\/\\\/www.facebook.com\\\/kecskemetiszimfonikuszenekar\"]}]}<\/script>\n<!-- \/ Yoast SEO plugin. -->","yoast_head_json":{"title":"THE ORCHESTRA'S HOME - Kecskem\u00e9ti Szimfonikus Zenekar","robots":{"index":"index","follow":"follow","max-snippet":"max-snippet:-1","max-image-preview":"max-image-preview:large","max-video-preview":"max-video-preview:-1"},"canonical":"https:\/\/kecskemetsymphony.com\/index.php\/a-zenekar-ottohna\/","og_locale":"hu_HU","og_type":"article","og_title":"THE ORCHESTRA'S HOME - Kecskem\u00e9ti Szimfonikus Zenekar","og_description":"A H\u00edr\u00f6s Ag\u00f3ra Kult\u00far\u00e1lis \u00e9s Ifj\u00fas\u00e1gi K\u00f6zpont Nonprofit Kft. f\u0151 feladata Kecskem\u00e9t v\u00e1ros polg\u00e1rainak kultur\u00e1lis, m\u0171v\u00e9szeti, szabadid\u0151s \u00e9s k\u00f6z\u00f6ss\u00e9gi ig\u00e9nyeinek, sz\u00fcks\u00e9gleteinek kiel\u00e9g\u00edt\u00e9se, a rekre\u00e1ci\u00f3, a sz\u00f3rakoz\u00e1s \u00e9s a sz\u00f3rakoztat\u00e1s, a szabadid\u0151 hasznos elt\u00f6lt\u00e9s\u00e9nek seg\u00edt\u00e9se, a k\u00f6z\u00f6ss\u00e9gi m\u0171vel\u0151d\u00e9s lehet\u0151s\u00e9geinek biztos\u00edt\u00e1sa \u00e9s az alkot\u00f3k\u00e9szs\u00e9g kibontakoztat\u00e1sa.\u00a0","og_url":"https:\/\/kecskemetsymphony.com\/index.php\/a-zenekar-ottohna\/","og_site_name":"Kecskem\u00e9ti Szimfonikus Zenekar","article_publisher":"https:\/\/www.facebook.com\/kecskemetiszimfonikuszenekar","article_modified_time":"2023-01-16T06:42:34+00:00","og_image":[{"url":"https:\/\/kecskemetsymphony.com\/wp-content\/uploads\/2023\/01\/kulturalis-kozpont-1.jpg","type":"","width":"","height":""}],"twitter_card":"summary_large_image","twitter_misc":{"Becs\u00fclt olvas\u00e1si id\u0151":"1 perc"},"schema":{"@context":"https:\/\/schema.org","@graph":[{"@type":"WebPage","@id":"https:\/\/kecskemetsymphony.com\/index.php\/a-zenekar-ottohna\/","url":"https:\/\/kecskemetsymphony.com\/index.php\/a-zenekar-ottohna\/","name":"THE ORCHESTRA'S HOME - Kecskem\u00e9ti Szimfonikus Zenekar","isPartOf":{"@id":"https:\/\/kecskemetsymphony.com\/#website"},"primaryImageOfPage":{"@id":"https:\/\/kecskemetsymphony.com\/index.php\/a-zenekar-ottohna\/#primaryimage"},"image":{"@id":"https:\/\/kecskemetsymphony.com\/index.php\/a-zenekar-ottohna\/#primaryimage"},"thumbnailUrl":"https:\/\/kecskemetsymphony.com\/wp-content\/uploads\/2023\/01\/kulturalis-kozpont-1.jpg","datePublished":"2022-05-06T11:40:36+00:00","dateModified":"2023-01-16T06:42:34+00:00","breadcrumb":{"@id":"https:\/\/kecskemetsymphony.com\/index.php\/a-zenekar-ottohna\/#breadcrumb"},"inLanguage":"hu","potentialAction":[{"@type":"ReadAction","target":["https:\/\/kecskemetsymphony.com\/index.php\/a-zenekar-ottohna\/"]}]},{"@type":"ImageObject","inLanguage":"hu","@id":"https:\/\/kecskemetsymphony.com\/index.php\/a-zenekar-ottohna\/#primaryimage","url":"https:\/\/kecskemetsymphony.com\/wp-content\/uploads\/2023\/01\/kulturalis-kozpont-1.jpg","contentUrl":"https:\/\/kecskemetsymphony.com\/wp-content\/uploads\/2023\/01\/kulturalis-kozpont-1.jpg","width":778,"height":463},{"@type":"BreadcrumbList","@id":"https:\/\/kecskemetsymphony.com\/index.php\/a-zenekar-ottohna\/#breadcrumb","itemListElement":[{"@type":"ListItem","position":1,"name":"Home","item":"https:\/\/kecskemetsymphony.com\/"},{"@type":"ListItem","position":2,"name":"THE ORCHESTRA&#8217;S HOME"}]},{"@type":"WebSite","@id":"https:\/\/kecskemetsymphony.com\/#website","url":"https:\/\/kecskemetsymphony.com\/","name":"Kecskem\u00e9ti Szimfonikus Zenekar","description":"Kecskem\u00e9ti Szimfonikus Zenekar honlapja","publisher":{"@id":"https:\/\/kecskemetsymphony.com\/#organization"},"potentialAction":[{"@type":"SearchAction","target":{"@type":"EntryPoint","urlTemplate":"https:\/\/kecskemetsymphony.com\/?s={search_term_string}"},"query-input":{"@type":"PropertyValueSpecification","valueRequired":true,"valueName":"search_term_string"}}],"inLanguage":"hu"},{"@type":"Organization","@id":"https:\/\/kecskemetsymphony.com\/#organization","name":"Kecskem\u00e9ti Szimfonikus Zenekar","url":"https:\/\/kecskemetsymphony.com\/","logo":{"@type":"ImageObject","inLanguage":"hu","@id":"https:\/\/kecskemetsymphony.com\/#\/schema\/logo\/image\/","url":"https:\/\/kecskemetsymphony.com\/wp-content\/uploads\/2022\/04\/cropped-KS_BRAND_FB_PROFILE_1.jpg","contentUrl":"https:\/\/kecskemetsymphony.com\/wp-content\/uploads\/2022\/04\/cropped-KS_BRAND_FB_PROFILE_1.jpg","width":480,"height":480,"caption":"Kecskem\u00e9ti Szimfonikus Zenekar"},"image":{"@id":"https:\/\/kecskemetsymphony.com\/#\/schema\/logo\/image\/"},"sameAs":["https:\/\/www.facebook.com\/kecskemetiszimfonikuszenekar"]}]}},"_links":{"self":[{"href":"https:\/\/kecskemetsymphony.com\/index.php\/wp-json\/wp\/v2\/pages\/249","targetHints":{"allow":["GET"]}}],"collection":[{"href":"https:\/\/kecskemetsymphony.com\/index.php\/wp-json\/wp\/v2\/pages"}],"about":[{"href":"https:\/\/kecskemetsymphony.com\/index.php\/wp-json\/wp\/v2\/types\/page"}],"author":[{"embeddable":true,"href":"https:\/\/kecskemetsymphony.com\/index.php\/wp-json\/wp\/v2\/users\/1"}],"replies":[{"embeddable":true,"href":"https:\/\/kecskemetsymphony.com\/index.php\/wp-json\/wp\/v2\/comments?post=249"}],"version-history":[{"count":25,"href":"https:\/\/kecskemetsymphony.com\/index.php\/wp-json\/wp\/v2\/pages\/249\/revisions"}],"predecessor-version":[{"id":1595,"href":"https:\/\/kecskemetsymphony.com\/index.php\/wp-json\/wp\/v2\/pages\/249\/revisions\/1595"}],"wp:attachment":[{"href":"https:\/\/kecskemetsymphony.com\/index.php\/wp-json\/wp\/v2\/media?parent=249"}],"curies":[{"name":"wp","href":"https:\/\/api.w.org\/{rel}","templated":true}]}}