{"id":251,"date":"2022-05-06T11:40:59","date_gmt":"2022-05-06T11:40:59","guid":{"rendered":"https:\/\/kecskemetsymphony.com\/?page_id=251"},"modified":"2026-05-05T11:19:26","modified_gmt":"2026-05-05T11:19:26","slug":"koncertek","status":"publish","type":"page","link":"https:\/\/kecskemetsymphony.com\/index.php\/koncertek\/","title":{"rendered":"KONCERTEK"},"content":{"rendered":"\t\t<div data-elementor-type=\"wp-page\" data-elementor-id=\"251\" class=\"elementor elementor-251\">\n\t\t\t\t\t\t<section class=\"elementor-section elementor-top-section elementor-element elementor-element-9e6b101 elementor-section-boxed elementor-section-height-default elementor-section-height-default\" data-id=\"9e6b101\" data-element_type=\"section\" data-e-type=\"section\">\n\t\t\t\t\t\t<div class=\"elementor-container elementor-column-gap-default\">\n\t\t\t\t\t<div class=\"elementor-column elementor-col-100 elementor-top-column elementor-element elementor-element-7c52d01\" data-id=\"7c52d01\" data-element_type=\"column\" data-e-type=\"column\">\n\t\t\t<div class=\"elementor-widget-wrap elementor-element-populated\">\n\t\t\t\t\t\t<section class=\"elementor-section elementor-inner-section elementor-element elementor-element-443a22e elementor-section-boxed elementor-section-height-default elementor-section-height-default\" data-id=\"443a22e\" data-element_type=\"section\" data-e-type=\"section\">\n\t\t\t\t\t\t<div class=\"elementor-container elementor-column-gap-default\">\n\t\t\t\t\t<div class=\"elementor-column elementor-col-50 elementor-inner-column elementor-element elementor-element-e68d54c\" data-id=\"e68d54c\" data-element_type=\"column\" data-e-type=\"column\">\n\t\t\t<div class=\"elementor-widget-wrap elementor-element-populated\">\n\t\t\t\t\t\t<div class=\"elementor-element elementor-element-9e18cde elementor-widget elementor-widget-image\" data-id=\"9e18cde\" data-element_type=\"widget\" data-e-type=\"widget\" data-widget_type=\"image.default\">\n\t\t\t\t<div class=\"elementor-widget-container\">\n\t\t\t\t\t\t\t\t\t\t\t\t\t\t\t<img fetchpriority=\"high\" decoding=\"async\" width=\"724\" height=\"1024\" src=\"https:\/\/kecskemetsymphony.com\/wp-content\/uploads\/2026\/04\/HA_Barokk-berlet-26maj-plak-724x1024.jpg\" class=\"attachment-large size-large wp-image-3717\" alt=\"\" srcset=\"https:\/\/kecskemetsymphony.com\/wp-content\/uploads\/2026\/04\/HA_Barokk-berlet-26maj-plak-724x1024.jpg 724w, https:\/\/kecskemetsymphony.com\/wp-content\/uploads\/2026\/04\/HA_Barokk-berlet-26maj-plak-212x300.jpg 212w, https:\/\/kecskemetsymphony.com\/wp-content\/uploads\/2026\/04\/HA_Barokk-berlet-26maj-plak-768x1086.jpg 768w, https:\/\/kecskemetsymphony.com\/wp-content\/uploads\/2026\/04\/HA_Barokk-berlet-26maj-plak-1086x1536.jpg 1086w, https:\/\/kecskemetsymphony.com\/wp-content\/uploads\/2026\/04\/HA_Barokk-berlet-26maj-plak-1448x2048.jpg 1448w, https:\/\/kecskemetsymphony.com\/wp-content\/uploads\/2026\/04\/HA_Barokk-berlet-26maj-plak.jpg 1754w\" sizes=\"(max-width: 724px) 100vw, 724px\" \/>\t\t\t\t\t\t\t\t\t\t\t\t\t\t\t<\/div>\n\t\t\t\t<\/div>\n\t\t\t\t\t<\/div>\n\t\t<\/div>\n\t\t\t\t<div class=\"elementor-column elementor-col-50 elementor-inner-column elementor-element elementor-element-ea5d8c9\" data-id=\"ea5d8c9\" data-element_type=\"column\" data-e-type=\"column\">\n\t\t\t<div class=\"elementor-widget-wrap elementor-element-populated\">\n\t\t\t\t\t\t<div class=\"elementor-element elementor-element-242120b elementor-widget elementor-widget-text-editor\" data-id=\"242120b\" data-element_type=\"widget\" data-e-type=\"widget\" data-widget_type=\"text-editor.default\">\n\t\t\t\t<div class=\"elementor-widget-container\">\n\t\t\t\t\t\t\t\t\t<div class=\"date yell\"><p><strong>M\u00e1jus 8. p\u00e9ntek 19.00, Evang\u00e9likus Templom<br \/><a href=\"https:\/\/hirosagora.jegy.hu\/program\/barokk-berlet-ottoni-181840\" target=\"_blank\" rel=\"noopener\">\u201eOTTONI\u201d<\/a><\/strong><\/p><p><strong><br \/>M\u0171sor:<\/strong><br \/>Hans Leo Hassler: Suite for Double brass choir\u00a0<br \/>Henry Purcell: Art\u00far kir\u00e1ly nyit\u00e1ny\u00a0<br \/>Giovannoni Gabrieli: Sonata Pian\u2019e Forte\u00a0<br \/>J.S. Bach: Brandenburg Concerto No. 3\u00a0<br \/>J.S. Bach: H\u00e1rom kor\u00e1l <br \/>I. Jesu bleibet meine Freude, II. Wachet auf, ruft uns die Stimme, III. Ich ruf\u2019 zu dir, Herr Jesu Christ<br \/>G. F. Handel: T\u0171zij\u00e1t\u00e9k-szvit<br \/>I. Bourre\u00e9 II. Menuet III. La Rejouissance\u00a0<br \/>Jean-Joseph Mouret: 1\u00e9 Suites des Symphonies<br \/>I. Rondeau II. Gracieusement III. Allegro\u00a0<\/p><p><strong>K\u00f6zrem\u0171k\u00f6dik:\u00a0<br \/><\/strong><em>Kecskem\u00e9ti Szimfonikus Zenekar R\u00e9zf\u00fav\u00f3s Egy\u00fcttese<\/em><br \/><strong>Vez\u00e9nyel:<\/strong>\u00a0<br \/><em>Holl\u00f3k\u0151i Huba<\/em><\/p><p><em><strong><a href=\"https:\/\/hirosagora.jegy.hu\/program\/barokk-berlet-ottoni-181840\/1332756\" target=\"_blank\" rel=\"noopener\">Jegyv\u00e1s\u00e1rl\u00e1s<\/a><\/strong><\/em><\/p><\/div>\t\t\t\t\t\t\t\t<\/div>\n\t\t\t\t<\/div>\n\t\t\t\t\t<\/div>\n\t\t<\/div>\n\t\t\t\t\t<\/div>\n\t\t<\/section>\n\t\t\t\t<section class=\"elementor-section elementor-inner-section elementor-element elementor-element-8dbd035 elementor-section-boxed elementor-section-height-default elementor-section-height-default\" data-id=\"8dbd035\" data-element_type=\"section\" data-e-type=\"section\">\n\t\t\t\t\t\t<div class=\"elementor-container elementor-column-gap-default\">\n\t\t\t\t\t<div class=\"elementor-column elementor-col-50 elementor-inner-column elementor-element elementor-element-02f26d4\" data-id=\"02f26d4\" data-element_type=\"column\" data-e-type=\"column\">\n\t\t\t<div class=\"elementor-widget-wrap elementor-element-populated\">\n\t\t\t\t\t\t<div class=\"elementor-element elementor-element-050d54d elementor-widget elementor-widget-image\" data-id=\"050d54d\" data-element_type=\"widget\" data-e-type=\"widget\" data-widget_type=\"image.default\">\n\t\t\t\t<div class=\"elementor-widget-container\">\n\t\t\t\t\t\t\t\t\t\t\t\t\t\t\t<img decoding=\"async\" width=\"724\" height=\"1024\" src=\"https:\/\/kecskemetsymphony.com\/wp-content\/uploads\/2026\/05\/muzsikal_2026_a3_hirosvaros-1-724x1024.jpg\" class=\"attachment-large size-large wp-image-3739\" alt=\"\" srcset=\"https:\/\/kecskemetsymphony.com\/wp-content\/uploads\/2026\/05\/muzsikal_2026_a3_hirosvaros-1-724x1024.jpg 724w, https:\/\/kecskemetsymphony.com\/wp-content\/uploads\/2026\/05\/muzsikal_2026_a3_hirosvaros-1-212x300.jpg 212w, https:\/\/kecskemetsymphony.com\/wp-content\/uploads\/2026\/05\/muzsikal_2026_a3_hirosvaros-1-768x1086.jpg 768w, https:\/\/kecskemetsymphony.com\/wp-content\/uploads\/2026\/05\/muzsikal_2026_a3_hirosvaros-1.jpg 1020w\" sizes=\"(max-width: 724px) 100vw, 724px\" \/>\t\t\t\t\t\t\t\t\t\t\t\t\t\t\t<\/div>\n\t\t\t\t<\/div>\n\t\t\t\t\t<\/div>\n\t\t<\/div>\n\t\t\t\t<div class=\"elementor-column elementor-col-50 elementor-inner-column elementor-element elementor-element-d3b2446\" data-id=\"d3b2446\" data-element_type=\"column\" data-e-type=\"column\">\n\t\t\t<div class=\"elementor-widget-wrap elementor-element-populated\">\n\t\t\t\t\t\t<div class=\"elementor-element elementor-element-795e316 elementor-widget elementor-widget-text-editor\" data-id=\"795e316\" data-element_type=\"widget\" data-e-type=\"widget\" data-widget_type=\"text-editor.default\">\n\t\t\t\t<div class=\"elementor-widget-container\">\n\t\t\t\t\t\t\t\t\t<p><strong>M\u00e1jus 16. szombat 15:30 Kecskem\u00e9t \u2013 Het\u00e9nyegyh\u00e1za, Vackor V\u00e1r Erdei Iskola, Ny\u00edri-erd\u0151<br \/>&#8222;<a href=\"https:\/\/uj.muzsikalazerdo.hu\/\" target=\"_blank\" rel=\"noopener\">Muzsik\u00e1l az erd\u0151<\/a>&#8221; a H\u00edr\u00f6s v\u00e1rosban<\/strong><\/p><p>M\u0171soron Mozart, Pachelbel, Piazzola m\u0171vei.\u00a0<\/p><p><strong>K\u00f6zrem\u0171k\u00f6dik:\u00a0<\/strong><em>Kecskem\u00e9ti Szimfonikus Zenekar von\u00f3s egy\u00fcttese<\/em><\/p>\t\t\t\t\t\t\t\t<\/div>\n\t\t\t\t<\/div>\n\t\t\t\t\t<\/div>\n\t\t<\/div>\n\t\t\t\t\t<\/div>\n\t\t<\/section>\n\t\t\t\t<div class=\"elementor-element elementor-element-2a11169 elementor-widget-divider--view-line elementor-widget elementor-widget-divider\" data-id=\"2a11169\" data-element_type=\"widget\" data-e-type=\"widget\" data-widget_type=\"divider.default\">\n\t\t\t\t<div class=\"elementor-widget-container\">\n\t\t\t\t\t\t\t<div class=\"elementor-divider\">\n\t\t\t<span class=\"elementor-divider-separator\">\n\t\t\t\t\t\t<\/span>\n\t\t<\/div>\n\t\t\t\t\t\t<\/div>\n\t\t\t\t<\/div>\n\t\t\t\t\t<\/div>\n\t\t<\/div>\n\t\t\t\t\t<\/div>\n\t\t<\/section>\n\t\t<div class=\"elementor-element elementor-element-3fda0ae e-flex e-con-boxed e-con e-parent\" data-id=\"3fda0ae\" data-element_type=\"container\" data-e-type=\"container\">\n\t\t\t\t\t<div class=\"e-con-inner\">\n\t\t\t\t<div class=\"elementor-element elementor-element-6655cc4 elementor-widget elementor-widget-text-editor\" data-id=\"6655cc4\" data-element_type=\"widget\" data-e-type=\"widget\" data-widget_type=\"text-editor.default\">\n\t\t\t\t<div class=\"elementor-widget-container\">\n\t\t\t\t\t\t\t\t\t<p><em><strong>Tov\u00e1bbi koncertek:\u00a0<\/strong><\/em><\/p><div><p><strong>J\u00fanius 27. szombat 19.00, H\u00edr\u00f6s Ag\u00f3ra Sz\u00ednh\u00e1zterem<br \/><\/strong><strong>5. Jorma Panula Nemzetk\u00f6zi Karmesterkurzus Z\u00e1r\u00f3koncertjre<\/strong><\/p><p><strong>M\u0171sor:<\/strong><br \/>Mozart: Cosi fan Tutte nyit\u00e1ny<br \/>Klami: Nummisuutarit nyit\u00e1ny<br \/>Beethoven: Coriolanus nyit\u00e1ny<br \/>Rossini: L\u2019italiana i Algeri nyit\u00e1ny<br \/>Lars-Erik Larsson: Pasztor\u00e1lszvit<br \/>Sibelius: Valse triste<br \/>Beethoven: 7. szimf\u00f3nia<\/p><p><strong>K\u00f6zrem\u0171k\u00f6dik:\u00a0<\/strong><em>Kecskem\u00e9ti Szimfonikus Zenekar<br \/><\/em><strong>Vez\u00e9nyelnek a kurzus r\u00e9sztvev\u0151i<\/strong><em><br \/><\/em><\/p><\/div>\t\t\t\t\t\t\t\t<\/div>\n\t\t\t\t<\/div>\n\t\t\t\t\t<\/div>\n\t\t\t\t<\/div>\n\t\t\t\t<\/div>\n\t\t","protected":false},"excerpt":{"rendered":"<p>M\u00e1jus 8. p\u00e9ntek 19.00, Evang\u00e9likus Templom\u201eOTTONI\u201d M\u0171sor:Hans Leo Hassler: Suite for Double brass choir\u00a0Henry Purcell: Art\u00far kir\u00e1ly nyit\u00e1ny\u00a0Giovannoni Gabrieli: Sonata Pian\u2019e Forte\u00a0J.S. Bach: Brandenburg Concerto No. 3\u00a0J.S. Bach: H\u00e1rom kor\u00e1l I. Jesu bleibet meine Freude, II. Wachet auf, ruft uns die Stimme, III. Ich ruf\u2019 zu dir, Herr Jesu ChristG. F. Handel: T\u0171zij\u00e1t\u00e9k-szvitI. Bourre\u00e9 II. &#8230; <a title=\"KONCERTEK\" class=\"read-more\" href=\"https:\/\/kecskemetsymphony.com\/index.php\/koncertek\/\" aria-label=\"Read more about KONCERTEK\">Olvass tov\u00e1bb<\/a><\/p>\n","protected":false},"author":1,"featured_media":0,"parent":0,"menu_order":0,"comment_status":"closed","ping_status":"closed","template":"","meta":{"footnotes":""},"class_list":["post-251","page","type-page","status-publish"],"yoast_head":"<!-- This site is optimized with the Yoast SEO plugin v27.5 - https:\/\/yoast.com\/product\/yoast-seo-wordpress\/ -->\n<title>KONCERTEK - Kecskem\u00e9ti Szimfonikus Zenekar<\/title>\n<meta name=\"robots\" content=\"index, follow, max-snippet:-1, max-image-preview:large, max-video-preview:-1\" \/>\n<link rel=\"canonical\" href=\"https:\/\/kecskemetsymphony.com\/index.php\/koncertek\/\" \/>\n<meta property=\"og:locale\" content=\"hu_HU\" \/>\n<meta property=\"og:type\" content=\"article\" \/>\n<meta property=\"og:title\" content=\"KONCERTEK - Kecskem\u00e9ti Szimfonikus Zenekar\" \/>\n<meta property=\"og:description\" content=\"M\u00e1jus 8. p\u00e9ntek 19.00, Evang\u00e9likus Templom\u201eOTTONI\u201d M\u0171sor:Hans Leo Hassler: Suite for Double brass choir\u00a0Henry Purcell: Art\u00far kir\u00e1ly nyit\u00e1ny\u00a0Giovannoni Gabrieli: Sonata Pian\u2019e Forte\u00a0J.S. Bach: Brandenburg Concerto No. 3\u00a0J.S. Bach: H\u00e1rom kor\u00e1l I. Jesu bleibet meine Freude, II. Wachet auf, ruft uns die Stimme, III. Ich ruf\u2019 zu dir, Herr Jesu ChristG. F. Handel: T\u0171zij\u00e1t\u00e9k-szvitI. Bourre\u00e9 II. ... Olvass tov\u00e1bb\" \/>\n<meta property=\"og:url\" content=\"https:\/\/kecskemetsymphony.com\/index.php\/koncertek\/\" \/>\n<meta property=\"og:site_name\" content=\"Kecskem\u00e9ti Szimfonikus Zenekar\" \/>\n<meta property=\"article:publisher\" content=\"https:\/\/www.facebook.com\/kecskemetiszimfonikuszenekar\" \/>\n<meta property=\"article:modified_time\" content=\"2026-05-05T11:19:26+00:00\" \/>\n<meta property=\"og:image\" content=\"https:\/\/kecskemetsymphony.com\/wp-content\/uploads\/2026\/04\/HA_Barokk-berlet-26maj-plak.jpg\" \/>\n\t<meta property=\"og:image:width\" content=\"1754\" \/>\n\t<meta property=\"og:image:height\" content=\"2480\" \/>\n\t<meta property=\"og:image:type\" content=\"image\/jpeg\" \/>\n<meta name=\"twitter:card\" content=\"summary_large_image\" \/>\n<meta name=\"twitter:label1\" content=\"Becs\u00fclt olvas\u00e1si id\u0151\" \/>\n\t<meta name=\"twitter:data1\" content=\"2 perc\" \/>\n<script type=\"application\/ld+json\" class=\"yoast-schema-graph\">{\"@context\":\"https:\\\/\\\/schema.org\",\"@graph\":[{\"@type\":\"WebPage\",\"@id\":\"https:\\\/\\\/kecskemetsymphony.com\\\/index.php\\\/koncertek\\\/\",\"url\":\"https:\\\/\\\/kecskemetsymphony.com\\\/index.php\\\/koncertek\\\/\",\"name\":\"KONCERTEK - Kecskem\u00e9ti Szimfonikus Zenekar\",\"isPartOf\":{\"@id\":\"https:\\\/\\\/kecskemetsymphony.com\\\/#website\"},\"primaryImageOfPage\":{\"@id\":\"https:\\\/\\\/kecskemetsymphony.com\\\/index.php\\\/koncertek\\\/#primaryimage\"},\"image\":{\"@id\":\"https:\\\/\\\/kecskemetsymphony.com\\\/index.php\\\/koncertek\\\/#primaryimage\"},\"thumbnailUrl\":\"https:\\\/\\\/kecskemetsymphony.com\\\/wp-content\\\/uploads\\\/2026\\\/04\\\/HA_Barokk-berlet-26maj-plak-724x1024.jpg\",\"datePublished\":\"2022-05-06T11:40:59+00:00\",\"dateModified\":\"2026-05-05T11:19:26+00:00\",\"breadcrumb\":{\"@id\":\"https:\\\/\\\/kecskemetsymphony.com\\\/index.php\\\/koncertek\\\/#breadcrumb\"},\"inLanguage\":\"hu\",\"potentialAction\":[{\"@type\":\"ReadAction\",\"target\":[\"https:\\\/\\\/kecskemetsymphony.com\\\/index.php\\\/koncertek\\\/\"]}]},{\"@type\":\"ImageObject\",\"inLanguage\":\"hu\",\"@id\":\"https:\\\/\\\/kecskemetsymphony.com\\\/index.php\\\/koncertek\\\/#primaryimage\",\"url\":\"https:\\\/\\\/kecskemetsymphony.com\\\/wp-content\\\/uploads\\\/2026\\\/04\\\/HA_Barokk-berlet-26maj-plak.jpg\",\"contentUrl\":\"https:\\\/\\\/kecskemetsymphony.com\\\/wp-content\\\/uploads\\\/2026\\\/04\\\/HA_Barokk-berlet-26maj-plak.jpg\",\"width\":1754,\"height\":2480},{\"@type\":\"BreadcrumbList\",\"@id\":\"https:\\\/\\\/kecskemetsymphony.com\\\/index.php\\\/koncertek\\\/#breadcrumb\",\"itemListElement\":[{\"@type\":\"ListItem\",\"position\":1,\"name\":\"Home\",\"item\":\"https:\\\/\\\/kecskemetsymphony.com\\\/\"},{\"@type\":\"ListItem\",\"position\":2,\"name\":\"KONCERTEK\"}]},{\"@type\":\"WebSite\",\"@id\":\"https:\\\/\\\/kecskemetsymphony.com\\\/#website\",\"url\":\"https:\\\/\\\/kecskemetsymphony.com\\\/\",\"name\":\"Kecskem\u00e9ti Szimfonikus Zenekar\",\"description\":\"Kecskem\u00e9ti Szimfonikus Zenekar honlapja\",\"publisher\":{\"@id\":\"https:\\\/\\\/kecskemetsymphony.com\\\/#organization\"},\"potentialAction\":[{\"@type\":\"SearchAction\",\"target\":{\"@type\":\"EntryPoint\",\"urlTemplate\":\"https:\\\/\\\/kecskemetsymphony.com\\\/?s={search_term_string}\"},\"query-input\":{\"@type\":\"PropertyValueSpecification\",\"valueRequired\":true,\"valueName\":\"search_term_string\"}}],\"inLanguage\":\"hu\"},{\"@type\":\"Organization\",\"@id\":\"https:\\\/\\\/kecskemetsymphony.com\\\/#organization\",\"name\":\"Kecskem\u00e9ti Szimfonikus Zenekar\",\"url\":\"https:\\\/\\\/kecskemetsymphony.com\\\/\",\"logo\":{\"@type\":\"ImageObject\",\"inLanguage\":\"hu\",\"@id\":\"https:\\\/\\\/kecskemetsymphony.com\\\/#\\\/schema\\\/logo\\\/image\\\/\",\"url\":\"https:\\\/\\\/kecskemetsymphony.com\\\/wp-content\\\/uploads\\\/2022\\\/04\\\/cropped-KS_BRAND_FB_PROFILE_1.jpg\",\"contentUrl\":\"https:\\\/\\\/kecskemetsymphony.com\\\/wp-content\\\/uploads\\\/2022\\\/04\\\/cropped-KS_BRAND_FB_PROFILE_1.jpg\",\"width\":480,\"height\":480,\"caption\":\"Kecskem\u00e9ti Szimfonikus Zenekar\"},\"image\":{\"@id\":\"https:\\\/\\\/kecskemetsymphony.com\\\/#\\\/schema\\\/logo\\\/image\\\/\"},\"sameAs\":[\"https:\\\/\\\/www.facebook.com\\\/kecskemetiszimfonikuszenekar\"]}]}<\/script>\n<!-- \/ Yoast SEO plugin. -->","yoast_head_json":{"title":"KONCERTEK - Kecskem\u00e9ti Szimfonikus Zenekar","robots":{"index":"index","follow":"follow","max-snippet":"max-snippet:-1","max-image-preview":"max-image-preview:large","max-video-preview":"max-video-preview:-1"},"canonical":"https:\/\/kecskemetsymphony.com\/index.php\/koncertek\/","og_locale":"hu_HU","og_type":"article","og_title":"KONCERTEK - Kecskem\u00e9ti Szimfonikus Zenekar","og_description":"M\u00e1jus 8. p\u00e9ntek 19.00, Evang\u00e9likus Templom\u201eOTTONI\u201d M\u0171sor:Hans Leo Hassler: Suite for Double brass choir\u00a0Henry Purcell: Art\u00far kir\u00e1ly nyit\u00e1ny\u00a0Giovannoni Gabrieli: Sonata Pian\u2019e Forte\u00a0J.S. Bach: Brandenburg Concerto No. 3\u00a0J.S. Bach: H\u00e1rom kor\u00e1l I. Jesu bleibet meine Freude, II. Wachet auf, ruft uns die Stimme, III. Ich ruf\u2019 zu dir, Herr Jesu ChristG. F. Handel: T\u0171zij\u00e1t\u00e9k-szvitI. Bourre\u00e9 II. ... Olvass tov\u00e1bb","og_url":"https:\/\/kecskemetsymphony.com\/index.php\/koncertek\/","og_site_name":"Kecskem\u00e9ti Szimfonikus Zenekar","article_publisher":"https:\/\/www.facebook.com\/kecskemetiszimfonikuszenekar","article_modified_time":"2026-05-05T11:19:26+00:00","og_image":[{"width":1754,"height":2480,"url":"https:\/\/kecskemetsymphony.com\/wp-content\/uploads\/2026\/04\/HA_Barokk-berlet-26maj-plak.jpg","type":"image\/jpeg"}],"twitter_card":"summary_large_image","twitter_misc":{"Becs\u00fclt olvas\u00e1si id\u0151":"2 perc"},"schema":{"@context":"https:\/\/schema.org","@graph":[{"@type":"WebPage","@id":"https:\/\/kecskemetsymphony.com\/index.php\/koncertek\/","url":"https:\/\/kecskemetsymphony.com\/index.php\/koncertek\/","name":"KONCERTEK - Kecskem\u00e9ti Szimfonikus Zenekar","isPartOf":{"@id":"https:\/\/kecskemetsymphony.com\/#website"},"primaryImageOfPage":{"@id":"https:\/\/kecskemetsymphony.com\/index.php\/koncertek\/#primaryimage"},"image":{"@id":"https:\/\/kecskemetsymphony.com\/index.php\/koncertek\/#primaryimage"},"thumbnailUrl":"https:\/\/kecskemetsymphony.com\/wp-content\/uploads\/2026\/04\/HA_Barokk-berlet-26maj-plak-724x1024.jpg","datePublished":"2022-05-06T11:40:59+00:00","dateModified":"2026-05-05T11:19:26+00:00","breadcrumb":{"@id":"https:\/\/kecskemetsymphony.com\/index.php\/koncertek\/#breadcrumb"},"inLanguage":"hu","potentialAction":[{"@type":"ReadAction","target":["https:\/\/kecskemetsymphony.com\/index.php\/koncertek\/"]}]},{"@type":"ImageObject","inLanguage":"hu","@id":"https:\/\/kecskemetsymphony.com\/index.php\/koncertek\/#primaryimage","url":"https:\/\/kecskemetsymphony.com\/wp-content\/uploads\/2026\/04\/HA_Barokk-berlet-26maj-plak.jpg","contentUrl":"https:\/\/kecskemetsymphony.com\/wp-content\/uploads\/2026\/04\/HA_Barokk-berlet-26maj-plak.jpg","width":1754,"height":2480},{"@type":"BreadcrumbList","@id":"https:\/\/kecskemetsymphony.com\/index.php\/koncertek\/#breadcrumb","itemListElement":[{"@type":"ListItem","position":1,"name":"Home","item":"https:\/\/kecskemetsymphony.com\/"},{"@type":"ListItem","position":2,"name":"KONCERTEK"}]},{"@type":"WebSite","@id":"https:\/\/kecskemetsymphony.com\/#website","url":"https:\/\/kecskemetsymphony.com\/","name":"Kecskem\u00e9ti Szimfonikus Zenekar","description":"Kecskem\u00e9ti Szimfonikus Zenekar honlapja","publisher":{"@id":"https:\/\/kecskemetsymphony.com\/#organization"},"potentialAction":[{"@type":"SearchAction","target":{"@type":"EntryPoint","urlTemplate":"https:\/\/kecskemetsymphony.com\/?s={search_term_string}"},"query-input":{"@type":"PropertyValueSpecification","valueRequired":true,"valueName":"search_term_string"}}],"inLanguage":"hu"},{"@type":"Organization","@id":"https:\/\/kecskemetsymphony.com\/#organization","name":"Kecskem\u00e9ti Szimfonikus Zenekar","url":"https:\/\/kecskemetsymphony.com\/","logo":{"@type":"ImageObject","inLanguage":"hu","@id":"https:\/\/kecskemetsymphony.com\/#\/schema\/logo\/image\/","url":"https:\/\/kecskemetsymphony.com\/wp-content\/uploads\/2022\/04\/cropped-KS_BRAND_FB_PROFILE_1.jpg","contentUrl":"https:\/\/kecskemetsymphony.com\/wp-content\/uploads\/2022\/04\/cropped-KS_BRAND_FB_PROFILE_1.jpg","width":480,"height":480,"caption":"Kecskem\u00e9ti Szimfonikus Zenekar"},"image":{"@id":"https:\/\/kecskemetsymphony.com\/#\/schema\/logo\/image\/"},"sameAs":["https:\/\/www.facebook.com\/kecskemetiszimfonikuszenekar"]}]}},"_links":{"self":[{"href":"https:\/\/kecskemetsymphony.com\/index.php\/wp-json\/wp\/v2\/pages\/251","targetHints":{"allow":["GET"]}}],"collection":[{"href":"https:\/\/kecskemetsymphony.com\/index.php\/wp-json\/wp\/v2\/pages"}],"about":[{"href":"https:\/\/kecskemetsymphony.com\/index.php\/wp-json\/wp\/v2\/types\/page"}],"author":[{"embeddable":true,"href":"https:\/\/kecskemetsymphony.com\/index.php\/wp-json\/wp\/v2\/users\/1"}],"replies":[{"embeddable":true,"href":"https:\/\/kecskemetsymphony.com\/index.php\/wp-json\/wp\/v2\/comments?post=251"}],"version-history":[{"count":902,"href":"https:\/\/kecskemetsymphony.com\/index.php\/wp-json\/wp\/v2\/pages\/251\/revisions"}],"predecessor-version":[{"id":3742,"href":"https:\/\/kecskemetsymphony.com\/index.php\/wp-json\/wp\/v2\/pages\/251\/revisions\/3742"}],"wp:attachment":[{"href":"https:\/\/kecskemetsymphony.com\/index.php\/wp-json\/wp\/v2\/media?parent=251"}],"curies":[{"name":"wp","href":"https:\/\/api.w.org\/{rel}","templated":true}]}}