{"id":2582,"date":"2024-03-02T10:44:49","date_gmt":"2024-03-02T10:44:49","guid":{"rendered":"https:\/\/kecskemetsymphony.com\/?page_id=2582"},"modified":"2025-11-04T08:16:22","modified_gmt":"2025-11-04T08:16:22","slug":"barokk-berlet-2025-26","status":"publish","type":"page","link":"https:\/\/kecskemetsymphony.com\/index.php\/barokk-berlet-2025-26\/","title":{"rendered":"BAROKK B\u00c9RLET 2025\/26"},"content":{"rendered":"\t\t<div data-elementor-type=\"wp-page\" data-elementor-id=\"2582\" class=\"elementor elementor-2582\">\n\t\t\t\t<div class=\"elementor-element elementor-element-59c3aec e-flex e-con-boxed e-con e-parent\" data-id=\"59c3aec\" data-element_type=\"container\" data-e-type=\"container\">\n\t\t\t\t\t<div class=\"e-con-inner\">\n\t\t\t\t<div class=\"elementor-element elementor-element-b2cd342 elementor-widget elementor-widget-image\" data-id=\"b2cd342\" data-element_type=\"widget\" data-e-type=\"widget\" data-widget_type=\"image.default\">\n\t\t\t\t<div class=\"elementor-widget-container\">\n\t\t\t\t\t\t\t\t\t\t\t\t\t\t\t<img fetchpriority=\"high\" decoding=\"async\" width=\"1024\" height=\"576\" src=\"https:\/\/kecskemetsymphony.com\/wp-content\/uploads\/2025\/11\/HA_Barokk-berlet-2025-LED-m1-1024x576.jpg\" class=\"attachment-large size-large wp-image-3535\" alt=\"\" srcset=\"https:\/\/kecskemetsymphony.com\/wp-content\/uploads\/2025\/11\/HA_Barokk-berlet-2025-LED-m1-1024x576.jpg 1024w, https:\/\/kecskemetsymphony.com\/wp-content\/uploads\/2025\/11\/HA_Barokk-berlet-2025-LED-m1-300x169.jpg 300w, https:\/\/kecskemetsymphony.com\/wp-content\/uploads\/2025\/11\/HA_Barokk-berlet-2025-LED-m1-768x432.jpg 768w, https:\/\/kecskemetsymphony.com\/wp-content\/uploads\/2025\/11\/HA_Barokk-berlet-2025-LED-m1-1536x864.jpg 1536w, https:\/\/kecskemetsymphony.com\/wp-content\/uploads\/2025\/11\/HA_Barokk-berlet-2025-LED-m1.jpg 1920w\" sizes=\"(max-width: 1024px) 100vw, 1024px\" \/>\t\t\t\t\t\t\t\t\t\t\t\t\t\t\t<\/div>\n\t\t\t\t<\/div>\n\t\t\t\t<div class=\"elementor-element elementor-element-a9fdb30 elementor-widget elementor-widget-text-editor\" data-id=\"a9fdb30\" data-element_type=\"widget\" data-e-type=\"widget\" data-widget_type=\"text-editor.default\">\n\t\t\t\t<div class=\"elementor-widget-container\">\n\t\t\t\t\t\t\t\t\t<p><strong>\u00c9L\u0150 BAROKK <\/strong>&#8211; a H\u00edr\u00f6s Ag\u00f3ra koncertsorozata a Kecskem\u00e9ti Szimfonikus Zenekarral az Evang\u00e9likus Templomban<\/p><p>\u201eA 17.\u00e9s 18. sz\u00e1zad zen\u00e9je a maga \u00e9leter\u0151s sz\u00edneivel, virtuozit\u00e1s\u00e1val, kontrasztos karaktereivel, logikusan szerkesztett form\u00e1ival mindm\u00e1ig b\u00e1mulatos hat\u00e1st gyakorol a hallgat\u00f3s\u00e1gra, b\u00e9kess\u00e9get, nyugalmat, \u00e9leter\u0151t, j\u00f3 ked\u00e9lyt \u00e9s m\u00e9lyen j\u00e1r\u00f3 \u00e9rzelmeket \u00e9bresztve.\u201d <br \/>Erdei P\u00e9ter Tan\u00e1r \u00dar szavait id\u00e9zve, 2025\/26-ban is folytat\u00f3dik a H\u00edr\u00f6s Ag\u00f3ra fenntart\u00e1s\u00e1ban m\u0171k\u00f6d\u0151 Kecskem\u00e9ti Szimfonikus Zenekar Barokk B\u00e9rlet sorozata a Kecskem\u00e9ti Evang\u00e9likus Templomban.<br \/>Az els\u0151 koncerten, kar\u00e1csony el\u0151tt \u00fajra tal\u00e1lkozhatnak a barokk zene kedvel\u0151i az Erdei P\u00e9ter vezette Kecskem\u00e9ti \u00c9nekes K\u00f6rrel, akik kiv\u00e1l\u00f3 sz\u00f3list\u00e1k k\u00f6zrem\u0171k\u00f6d\u00e9s\u00e9vel sz\u00f3laltatj\u00e1k meg Heinrich Sch\u00fctz Weinachtshistorie c\u00edm\u0171, ritk\u00e1n hallhat\u00f3 remekm\u0171v\u00e9t. Febru\u00e1rban az angol \u00e9s a francia barokk vil\u00e1g\u00e1ba utazhatunk Purcell \u00e9s Rameau sz\u00ednpadi zen\u00e9in kereszt\u00fcl, m\u00e1jusban pedig, mintegy a m\u00falt \u00e9s jelent tal\u00e1lkoz\u00e1sak\u00e9nt, a barokk zene legn\u00e9pszer\u0171bb dallamai csend\u00fclnek fel, r\u00e9zf\u00fav\u00f3s egy\u00fcttesre hangszerelve.<\/p><p>Mindenkit szeretettel v\u00e1runk a b\u00e9rletsorozat koncertjein!<\/p><p>Holl\u00f3k\u0151i Huba<br \/>karmester, m\u0171v\u00e9szeti vezet\u0151<br \/>Kecskem\u00e9ti Szimfonikus Zenekar<\/p><p>B\u00e9rlet \u00e9s jegyv\u00e1s\u00e1rl\u00e1s: <a href=\"https:\/\/hirosagora.hu\/komolyzenei-koncert\">Komolyzenei koncert | Hir\u00f6s Ag\u00f3ra<\/a><\/p><p><em>A m\u0171sorv\u00e1ltoztat\u00e1s jog\u00e1t fenntartjuk.<\/em><\/p>\t\t\t\t\t\t\t\t<\/div>\n\t\t\t\t<\/div>\n\t\t\t\t\t<\/div>\n\t\t\t\t<\/div>\n\t\t\t\t<\/div>\n\t\t","protected":false},"excerpt":{"rendered":"<p>\u00c9L\u0150 BAROKK &#8211; a H\u00edr\u00f6s Ag\u00f3ra koncertsorozata a Kecskem\u00e9ti Szimfonikus Zenekarral az Evang\u00e9likus Templomban \u201eA 17.\u00e9s 18. sz\u00e1zad zen\u00e9je a maga \u00e9leter\u0151s sz\u00edneivel, virtuozit\u00e1s\u00e1val, kontrasztos karaktereivel, logikusan szerkesztett form\u00e1ival mindm\u00e1ig b\u00e1mulatos hat\u00e1st gyakorol a hallgat\u00f3s\u00e1gra, b\u00e9kess\u00e9get, nyugalmat, \u00e9leter\u0151t, j\u00f3 ked\u00e9lyt \u00e9s m\u00e9lyen j\u00e1r\u00f3 \u00e9rzelmeket \u00e9bresztve.\u201d Erdei P\u00e9ter Tan\u00e1r \u00dar szavait id\u00e9zve, 2025\/26-ban is folytat\u00f3dik a &#8230; <a title=\"BAROKK B\u00c9RLET 2025\/26\" class=\"read-more\" href=\"https:\/\/kecskemetsymphony.com\/index.php\/barokk-berlet-2025-26\/\" aria-label=\"Read more about BAROKK B\u00c9RLET 2025\/26\">Olvass tov\u00e1bb<\/a><\/p>\n","protected":false},"author":1,"featured_media":0,"parent":0,"menu_order":0,"comment_status":"closed","ping_status":"closed","template":"","meta":{"footnotes":""},"class_list":["post-2582","page","type-page","status-publish"],"yoast_head":"<!-- This site is optimized with the Yoast SEO plugin v27.4 - https:\/\/yoast.com\/product\/yoast-seo-wordpress\/ -->\n<title>BAROKK B\u00c9RLET 2025\/26 - Kecskem\u00e9ti Szimfonikus Zenekar<\/title>\n<meta name=\"robots\" content=\"index, follow, max-snippet:-1, max-image-preview:large, max-video-preview:-1\" \/>\n<link rel=\"canonical\" href=\"https:\/\/kecskemetsymphony.com\/index.php\/barokk-berlet-2025-26\/\" \/>\n<meta property=\"og:locale\" content=\"hu_HU\" \/>\n<meta property=\"og:type\" content=\"article\" \/>\n<meta property=\"og:title\" content=\"BAROKK B\u00c9RLET 2025\/26 - Kecskem\u00e9ti Szimfonikus Zenekar\" \/>\n<meta property=\"og:description\" content=\"\u00c9L\u0150 BAROKK &#8211; a H\u00edr\u00f6s Ag\u00f3ra koncertsorozata a Kecskem\u00e9ti Szimfonikus Zenekarral az Evang\u00e9likus Templomban \u201eA 17.\u00e9s 18. sz\u00e1zad zen\u00e9je a maga \u00e9leter\u0151s sz\u00edneivel, virtuozit\u00e1s\u00e1val, kontrasztos karaktereivel, logikusan szerkesztett form\u00e1ival mindm\u00e1ig b\u00e1mulatos hat\u00e1st gyakorol a hallgat\u00f3s\u00e1gra, b\u00e9kess\u00e9get, nyugalmat, \u00e9leter\u0151t, j\u00f3 ked\u00e9lyt \u00e9s m\u00e9lyen j\u00e1r\u00f3 \u00e9rzelmeket \u00e9bresztve.\u201d Erdei P\u00e9ter Tan\u00e1r \u00dar szavait id\u00e9zve, 2025\/26-ban is folytat\u00f3dik a ... Olvass tov\u00e1bb\" \/>\n<meta property=\"og:url\" content=\"https:\/\/kecskemetsymphony.com\/index.php\/barokk-berlet-2025-26\/\" \/>\n<meta property=\"og:site_name\" content=\"Kecskem\u00e9ti Szimfonikus Zenekar\" \/>\n<meta property=\"article:publisher\" content=\"https:\/\/www.facebook.com\/kecskemetiszimfonikuszenekar\" \/>\n<meta property=\"article:modified_time\" content=\"2025-11-04T08:16:22+00:00\" \/>\n<meta property=\"og:image\" content=\"https:\/\/kecskemetsymphony.com\/wp-content\/uploads\/2025\/11\/HA_Barokk-berlet-2025-LED-m1-1024x576.jpg\" \/>\n<meta name=\"twitter:card\" content=\"summary_large_image\" \/>\n<meta name=\"twitter:label1\" content=\"Becs\u00fclt olvas\u00e1si id\u0151\" \/>\n\t<meta name=\"twitter:data1\" content=\"2 perc\" \/>\n<script type=\"application\/ld+json\" class=\"yoast-schema-graph\">{\"@context\":\"https:\\\/\\\/schema.org\",\"@graph\":[{\"@type\":\"WebPage\",\"@id\":\"https:\\\/\\\/kecskemetsymphony.com\\\/index.php\\\/barokk-berlet-2025-26\\\/\",\"url\":\"https:\\\/\\\/kecskemetsymphony.com\\\/index.php\\\/barokk-berlet-2025-26\\\/\",\"name\":\"BAROKK B\u00c9RLET 2025\\\/26 - Kecskem\u00e9ti Szimfonikus Zenekar\",\"isPartOf\":{\"@id\":\"https:\\\/\\\/kecskemetsymphony.com\\\/#website\"},\"primaryImageOfPage\":{\"@id\":\"https:\\\/\\\/kecskemetsymphony.com\\\/index.php\\\/barokk-berlet-2025-26\\\/#primaryimage\"},\"image\":{\"@id\":\"https:\\\/\\\/kecskemetsymphony.com\\\/index.php\\\/barokk-berlet-2025-26\\\/#primaryimage\"},\"thumbnailUrl\":\"https:\\\/\\\/kecskemetsymphony.com\\\/wp-content\\\/uploads\\\/2025\\\/11\\\/HA_Barokk-berlet-2025-LED-m1-1024x576.jpg\",\"datePublished\":\"2024-03-02T10:44:49+00:00\",\"dateModified\":\"2025-11-04T08:16:22+00:00\",\"breadcrumb\":{\"@id\":\"https:\\\/\\\/kecskemetsymphony.com\\\/index.php\\\/barokk-berlet-2025-26\\\/#breadcrumb\"},\"inLanguage\":\"hu\",\"potentialAction\":[{\"@type\":\"ReadAction\",\"target\":[\"https:\\\/\\\/kecskemetsymphony.com\\\/index.php\\\/barokk-berlet-2025-26\\\/\"]}]},{\"@type\":\"ImageObject\",\"inLanguage\":\"hu\",\"@id\":\"https:\\\/\\\/kecskemetsymphony.com\\\/index.php\\\/barokk-berlet-2025-26\\\/#primaryimage\",\"url\":\"https:\\\/\\\/kecskemetsymphony.com\\\/wp-content\\\/uploads\\\/2025\\\/11\\\/HA_Barokk-berlet-2025-LED-m1.jpg\",\"contentUrl\":\"https:\\\/\\\/kecskemetsymphony.com\\\/wp-content\\\/uploads\\\/2025\\\/11\\\/HA_Barokk-berlet-2025-LED-m1.jpg\",\"width\":1920,\"height\":1080},{\"@type\":\"BreadcrumbList\",\"@id\":\"https:\\\/\\\/kecskemetsymphony.com\\\/index.php\\\/barokk-berlet-2025-26\\\/#breadcrumb\",\"itemListElement\":[{\"@type\":\"ListItem\",\"position\":1,\"name\":\"Home\",\"item\":\"https:\\\/\\\/kecskemetsymphony.com\\\/\"},{\"@type\":\"ListItem\",\"position\":2,\"name\":\"BAROKK B\u00c9RLET 2025\\\/26\"}]},{\"@type\":\"WebSite\",\"@id\":\"https:\\\/\\\/kecskemetsymphony.com\\\/#website\",\"url\":\"https:\\\/\\\/kecskemetsymphony.com\\\/\",\"name\":\"Kecskem\u00e9ti Szimfonikus Zenekar\",\"description\":\"Kecskem\u00e9ti Szimfonikus Zenekar honlapja\",\"publisher\":{\"@id\":\"https:\\\/\\\/kecskemetsymphony.com\\\/#organization\"},\"potentialAction\":[{\"@type\":\"SearchAction\",\"target\":{\"@type\":\"EntryPoint\",\"urlTemplate\":\"https:\\\/\\\/kecskemetsymphony.com\\\/?s={search_term_string}\"},\"query-input\":{\"@type\":\"PropertyValueSpecification\",\"valueRequired\":true,\"valueName\":\"search_term_string\"}}],\"inLanguage\":\"hu\"},{\"@type\":\"Organization\",\"@id\":\"https:\\\/\\\/kecskemetsymphony.com\\\/#organization\",\"name\":\"Kecskem\u00e9ti Szimfonikus Zenekar\",\"url\":\"https:\\\/\\\/kecskemetsymphony.com\\\/\",\"logo\":{\"@type\":\"ImageObject\",\"inLanguage\":\"hu\",\"@id\":\"https:\\\/\\\/kecskemetsymphony.com\\\/#\\\/schema\\\/logo\\\/image\\\/\",\"url\":\"https:\\\/\\\/kecskemetsymphony.com\\\/wp-content\\\/uploads\\\/2022\\\/04\\\/cropped-KS_BRAND_FB_PROFILE_1.jpg\",\"contentUrl\":\"https:\\\/\\\/kecskemetsymphony.com\\\/wp-content\\\/uploads\\\/2022\\\/04\\\/cropped-KS_BRAND_FB_PROFILE_1.jpg\",\"width\":480,\"height\":480,\"caption\":\"Kecskem\u00e9ti Szimfonikus Zenekar\"},\"image\":{\"@id\":\"https:\\\/\\\/kecskemetsymphony.com\\\/#\\\/schema\\\/logo\\\/image\\\/\"},\"sameAs\":[\"https:\\\/\\\/www.facebook.com\\\/kecskemetiszimfonikuszenekar\"]}]}<\/script>\n<!-- \/ Yoast SEO plugin. -->","yoast_head_json":{"title":"BAROKK B\u00c9RLET 2025\/26 - Kecskem\u00e9ti Szimfonikus Zenekar","robots":{"index":"index","follow":"follow","max-snippet":"max-snippet:-1","max-image-preview":"max-image-preview:large","max-video-preview":"max-video-preview:-1"},"canonical":"https:\/\/kecskemetsymphony.com\/index.php\/barokk-berlet-2025-26\/","og_locale":"hu_HU","og_type":"article","og_title":"BAROKK B\u00c9RLET 2025\/26 - Kecskem\u00e9ti Szimfonikus Zenekar","og_description":"\u00c9L\u0150 BAROKK &#8211; a H\u00edr\u00f6s Ag\u00f3ra koncertsorozata a Kecskem\u00e9ti Szimfonikus Zenekarral az Evang\u00e9likus Templomban \u201eA 17.\u00e9s 18. sz\u00e1zad zen\u00e9je a maga \u00e9leter\u0151s sz\u00edneivel, virtuozit\u00e1s\u00e1val, kontrasztos karaktereivel, logikusan szerkesztett form\u00e1ival mindm\u00e1ig b\u00e1mulatos hat\u00e1st gyakorol a hallgat\u00f3s\u00e1gra, b\u00e9kess\u00e9get, nyugalmat, \u00e9leter\u0151t, j\u00f3 ked\u00e9lyt \u00e9s m\u00e9lyen j\u00e1r\u00f3 \u00e9rzelmeket \u00e9bresztve.\u201d Erdei P\u00e9ter Tan\u00e1r \u00dar szavait id\u00e9zve, 2025\/26-ban is folytat\u00f3dik a ... Olvass tov\u00e1bb","og_url":"https:\/\/kecskemetsymphony.com\/index.php\/barokk-berlet-2025-26\/","og_site_name":"Kecskem\u00e9ti Szimfonikus Zenekar","article_publisher":"https:\/\/www.facebook.com\/kecskemetiszimfonikuszenekar","article_modified_time":"2025-11-04T08:16:22+00:00","og_image":[{"url":"https:\/\/kecskemetsymphony.com\/wp-content\/uploads\/2025\/11\/HA_Barokk-berlet-2025-LED-m1-1024x576.jpg","type":"","width":"","height":""}],"twitter_card":"summary_large_image","twitter_misc":{"Becs\u00fclt olvas\u00e1si id\u0151":"2 perc"},"schema":{"@context":"https:\/\/schema.org","@graph":[{"@type":"WebPage","@id":"https:\/\/kecskemetsymphony.com\/index.php\/barokk-berlet-2025-26\/","url":"https:\/\/kecskemetsymphony.com\/index.php\/barokk-berlet-2025-26\/","name":"BAROKK B\u00c9RLET 2025\/26 - Kecskem\u00e9ti Szimfonikus Zenekar","isPartOf":{"@id":"https:\/\/kecskemetsymphony.com\/#website"},"primaryImageOfPage":{"@id":"https:\/\/kecskemetsymphony.com\/index.php\/barokk-berlet-2025-26\/#primaryimage"},"image":{"@id":"https:\/\/kecskemetsymphony.com\/index.php\/barokk-berlet-2025-26\/#primaryimage"},"thumbnailUrl":"https:\/\/kecskemetsymphony.com\/wp-content\/uploads\/2025\/11\/HA_Barokk-berlet-2025-LED-m1-1024x576.jpg","datePublished":"2024-03-02T10:44:49+00:00","dateModified":"2025-11-04T08:16:22+00:00","breadcrumb":{"@id":"https:\/\/kecskemetsymphony.com\/index.php\/barokk-berlet-2025-26\/#breadcrumb"},"inLanguage":"hu","potentialAction":[{"@type":"ReadAction","target":["https:\/\/kecskemetsymphony.com\/index.php\/barokk-berlet-2025-26\/"]}]},{"@type":"ImageObject","inLanguage":"hu","@id":"https:\/\/kecskemetsymphony.com\/index.php\/barokk-berlet-2025-26\/#primaryimage","url":"https:\/\/kecskemetsymphony.com\/wp-content\/uploads\/2025\/11\/HA_Barokk-berlet-2025-LED-m1.jpg","contentUrl":"https:\/\/kecskemetsymphony.com\/wp-content\/uploads\/2025\/11\/HA_Barokk-berlet-2025-LED-m1.jpg","width":1920,"height":1080},{"@type":"BreadcrumbList","@id":"https:\/\/kecskemetsymphony.com\/index.php\/barokk-berlet-2025-26\/#breadcrumb","itemListElement":[{"@type":"ListItem","position":1,"name":"Home","item":"https:\/\/kecskemetsymphony.com\/"},{"@type":"ListItem","position":2,"name":"BAROKK B\u00c9RLET 2025\/26"}]},{"@type":"WebSite","@id":"https:\/\/kecskemetsymphony.com\/#website","url":"https:\/\/kecskemetsymphony.com\/","name":"Kecskem\u00e9ti Szimfonikus Zenekar","description":"Kecskem\u00e9ti Szimfonikus Zenekar honlapja","publisher":{"@id":"https:\/\/kecskemetsymphony.com\/#organization"},"potentialAction":[{"@type":"SearchAction","target":{"@type":"EntryPoint","urlTemplate":"https:\/\/kecskemetsymphony.com\/?s={search_term_string}"},"query-input":{"@type":"PropertyValueSpecification","valueRequired":true,"valueName":"search_term_string"}}],"inLanguage":"hu"},{"@type":"Organization","@id":"https:\/\/kecskemetsymphony.com\/#organization","name":"Kecskem\u00e9ti Szimfonikus Zenekar","url":"https:\/\/kecskemetsymphony.com\/","logo":{"@type":"ImageObject","inLanguage":"hu","@id":"https:\/\/kecskemetsymphony.com\/#\/schema\/logo\/image\/","url":"https:\/\/kecskemetsymphony.com\/wp-content\/uploads\/2022\/04\/cropped-KS_BRAND_FB_PROFILE_1.jpg","contentUrl":"https:\/\/kecskemetsymphony.com\/wp-content\/uploads\/2022\/04\/cropped-KS_BRAND_FB_PROFILE_1.jpg","width":480,"height":480,"caption":"Kecskem\u00e9ti Szimfonikus Zenekar"},"image":{"@id":"https:\/\/kecskemetsymphony.com\/#\/schema\/logo\/image\/"},"sameAs":["https:\/\/www.facebook.com\/kecskemetiszimfonikuszenekar"]}]}},"_links":{"self":[{"href":"https:\/\/kecskemetsymphony.com\/index.php\/wp-json\/wp\/v2\/pages\/2582","targetHints":{"allow":["GET"]}}],"collection":[{"href":"https:\/\/kecskemetsymphony.com\/index.php\/wp-json\/wp\/v2\/pages"}],"about":[{"href":"https:\/\/kecskemetsymphony.com\/index.php\/wp-json\/wp\/v2\/types\/page"}],"author":[{"embeddable":true,"href":"https:\/\/kecskemetsymphony.com\/index.php\/wp-json\/wp\/v2\/users\/1"}],"replies":[{"embeddable":true,"href":"https:\/\/kecskemetsymphony.com\/index.php\/wp-json\/wp\/v2\/comments?post=2582"}],"version-history":[{"count":54,"href":"https:\/\/kecskemetsymphony.com\/index.php\/wp-json\/wp\/v2\/pages\/2582\/revisions"}],"predecessor-version":[{"id":3541,"href":"https:\/\/kecskemetsymphony.com\/index.php\/wp-json\/wp\/v2\/pages\/2582\/revisions\/3541"}],"wp:attachment":[{"href":"https:\/\/kecskemetsymphony.com\/index.php\/wp-json\/wp\/v2\/media?parent=2582"}],"curies":[{"name":"wp","href":"https:\/\/api.w.org\/{rel}","templated":true}]}}