{"id":357,"date":"2022-07-20T13:00:01","date_gmt":"2022-07-20T13:00:01","guid":{"rendered":"https:\/\/kecskemetsymphony.com\/?page_id=357"},"modified":"2022-07-24T09:11:54","modified_gmt":"2022-07-24T09:11:54","slug":"welcome-to-the-orchestras-new-artistic-director","status":"publish","type":"page","link":"https:\/\/kecskemetsymphony.com\/index.php\/en\/welcome-to-the-orchestras-new-artistic-director\/","title":{"rendered":"ARTISTIC DIRECTOR: HUBA HOLL\u00d3K\u0150I"},"content":{"rendered":"\t\t<div data-elementor-type=\"wp-page\" data-elementor-id=\"357\" class=\"elementor elementor-357\">\n\t\t\t\t\t\t<section class=\"elementor-section elementor-top-section elementor-element elementor-element-01d9e13 elementor-section-boxed elementor-section-height-default elementor-section-height-default\" data-id=\"01d9e13\" data-element_type=\"section\" data-e-type=\"section\">\n\t\t\t\t\t\t<div class=\"elementor-container elementor-column-gap-default\">\n\t\t\t\t\t<div class=\"elementor-column elementor-col-100 elementor-top-column elementor-element elementor-element-369f7d8\" data-id=\"369f7d8\" data-element_type=\"column\" data-e-type=\"column\">\n\t\t\t<div class=\"elementor-widget-wrap elementor-element-populated\">\n\t\t\t\t\t\t<section class=\"elementor-section elementor-inner-section elementor-element elementor-element-fc84439 elementor-section-boxed elementor-section-height-default elementor-section-height-default\" data-id=\"fc84439\" data-element_type=\"section\" data-e-type=\"section\">\n\t\t\t\t\t\t<div class=\"elementor-container elementor-column-gap-default\">\n\t\t\t\t\t<div class=\"elementor-column elementor-col-50 elementor-inner-column elementor-element elementor-element-6985ad4\" data-id=\"6985ad4\" data-element_type=\"column\" data-e-type=\"column\">\n\t\t\t<div class=\"elementor-widget-wrap elementor-element-populated\">\n\t\t\t\t\t\t<div class=\"elementor-element elementor-element-c9f390f elementor-widget elementor-widget-image\" data-id=\"c9f390f\" data-element_type=\"widget\" data-e-type=\"widget\" data-widget_type=\"image.default\">\n\t\t\t\t<div class=\"elementor-widget-container\">\n\t\t\t\t\t\t\t\t\t\t\t\t\t\t\t<img fetchpriority=\"high\" decoding=\"async\" width=\"673\" height=\"1024\" src=\"https:\/\/kecskemetsymphony.com\/wp-content\/uploads\/2022\/07\/huba_Kelkoniki-673x1024.jpg\" class=\"attachment-large size-large wp-image-362\" alt=\"\" srcset=\"https:\/\/kecskemetsymphony.com\/wp-content\/uploads\/2022\/07\/huba_Kelkoniki-673x1024.jpg 673w, https:\/\/kecskemetsymphony.com\/wp-content\/uploads\/2022\/07\/huba_Kelkoniki-197x300.jpg 197w, https:\/\/kecskemetsymphony.com\/wp-content\/uploads\/2022\/07\/huba_Kelkoniki.jpg 674w\" sizes=\"(max-width: 673px) 100vw, 673px\" \/>\t\t\t\t\t\t\t\t\t\t\t\t\t\t\t<\/div>\n\t\t\t\t<\/div>\n\t\t\t\t\t<\/div>\n\t\t<\/div>\n\t\t\t\t<div class=\"elementor-column elementor-col-50 elementor-inner-column elementor-element elementor-element-53a4b18\" data-id=\"53a4b18\" data-element_type=\"column\" data-e-type=\"column\">\n\t\t\t<div class=\"elementor-widget-wrap elementor-element-populated\">\n\t\t\t\t\t\t<div class=\"elementor-element elementor-element-8595a7e elementor-widget elementor-widget-text-editor\" data-id=\"8595a7e\" data-element_type=\"widget\" data-e-type=\"widget\" data-widget_type=\"text-editor.default\">\n\t\t\t\t<div class=\"elementor-widget-container\">\n\t\t\t\t\t\t\t\t\t<p>Hungarian born <strong>Huba Holl\u00f3k\u0151i<\/strong> is the new artistic director of the Kecskem\u00e9t Symphony Orchestra.<\/p><p>He began his musical studies as a violinist at the age of four. After graduating at the Liszt Academy of Music in Budapest, he continued to study conducting at prestigious class of the Sibelius Academy in Helsinki. As a conductor, Holl\u00f3k\u0151i has worked with many of the world&#8217;s leading symphony orchestras and soloists, including the Netherland Philharmonic Orchestra, Residentie Orchestra, Noord Netherland Orchestra, Dutch Ballet Orchestra (The Netherlands), Lahti Symphony Orchestra, Kuopio Symphony Orchestra (Finland), S\u00f8nderjyllands Symphony Orchestra (Denmark), OSUG Symphony Orchestra (Mexico). He made his Concertgebouw debut in 2017 with the Philharmonie S\u00fcdwestfalen (Germany). In the same year he also worked with the Royal Concertgebouw Orchestra as assistant of Semjon Bychkov.<\/p><p>In Hungary, Holl\u00f3k\u0151i works with the M\u00c1V Symphony Orchestra and the Danubia Symphony Orchestra regularly, as well as the Miskolc Symphony Orchestra, Gy\u0151r Symphony Orchestra and the Budapest Strings. In the 2020-21 season, he had his debut at the Kecskem\u00e9t Symphony Orchestra, Witold Lutoslawski Chamber Philharmonic in Lomza, Prague Symphony Orchestra, Ensemble Nuove Musiche (Italy), Filarmonica Mihail Jora Bac\u0103u (Romania).<\/p><p><br \/>Holl\u00f3k\u0151i is a sought after opera conductor; several of his productions have received critical acclaim, including Bizet&#8217;s Carmen, Verdi&#8217;s Rigoletto, Mozart&#8217;s Magic Flute, Marriage of Figaro, Cosi&#8217;s fan Tutte, and Beethoven\u2019s Fidelio (Finland), and Mozart\u2019s Don Giovanni (DNOA). He conducted a number of new music premiers; on the &#8222;Iubi\u021bi Muzica Rom\u00e2neasca!&#8221; festival in Oradea, with the UMZE Ensemble in Budapest, and also prepared the premiere of Monique Kr\u00fcs&#8217;s opera, Anne Frank.<\/p><p><br \/>Huba Holl\u00f3k\u0151i received several prizes both from notable violin and conducting competitions such as: J\u00e1nos Koncz Violin Competition, 2nd Citta&#8217;di Brescia Giancarlo Facchinetti International Conducting Competition. He was one of the three finalists of the 53rd Besancon International Conducting Competition in 2013. In 2014, he received a scholarship from the Anton Kersjes Fonds, and in 2019 the scholarship of the Finnish Cultural Foundation.<\/p>\t\t\t\t\t\t\t\t<\/div>\n\t\t\t\t<\/div>\n\t\t\t\t\t<\/div>\n\t\t<\/div>\n\t\t\t\t\t<\/div>\n\t\t<\/section>\n\t\t\t\t\t<\/div>\n\t\t<\/div>\n\t\t\t\t\t<\/div>\n\t\t<\/section>\n\t\t\t\t<\/div>\n\t\t","protected":false},"excerpt":{"rendered":"<p>Hungarian born Huba Holl\u00f3k\u0151i is the new artistic director of the Kecskem\u00e9t Symphony Orchestra. He began his musical studies as a violinist at the age of four. After graduating at the Liszt Academy of Music in Budapest, he continued to study conducting at prestigious class of the Sibelius Academy in Helsinki. As a conductor, Holl\u00f3k\u0151i &#8230; <a title=\"ARTISTIC DIRECTOR: HUBA HOLL\u00d3K\u0150I\" class=\"read-more\" href=\"https:\/\/kecskemetsymphony.com\/index.php\/en\/welcome-to-the-orchestras-new-artistic-director\/\" aria-label=\"Read more about ARTISTIC DIRECTOR: HUBA HOLL\u00d3K\u0150I\">Olvass tov\u00e1bb<\/a><\/p>\n","protected":false},"author":1,"featured_media":0,"parent":0,"menu_order":0,"comment_status":"closed","ping_status":"closed","template":"","meta":{"footnotes":""},"class_list":["post-357","page","type-page","status-publish"],"yoast_head":"<!-- This site is optimized with the Yoast SEO plugin v27.4 - https:\/\/yoast.com\/product\/yoast-seo-wordpress\/ -->\n<title>ARTISTIC DIRECTOR: HUBA HOLL\u00d3K\u0150I - Kecskem\u00e9ti Szimfonikus Zenekar<\/title>\n<meta name=\"robots\" content=\"index, follow, max-snippet:-1, max-image-preview:large, max-video-preview:-1\" \/>\n<link rel=\"canonical\" href=\"https:\/\/kecskemetsymphony.com\/index.php\/en\/welcome-to-the-orchestras-new-artistic-director\/\" \/>\n<meta property=\"og:locale\" content=\"hu_HU\" \/>\n<meta property=\"og:type\" content=\"article\" \/>\n<meta property=\"og:title\" content=\"ARTISTIC DIRECTOR: HUBA HOLL\u00d3K\u0150I - Kecskem\u00e9ti Szimfonikus Zenekar\" \/>\n<meta property=\"og:description\" content=\"Hungarian born Huba Holl\u00f3k\u0151i is the new artistic director of the Kecskem\u00e9t Symphony Orchestra. He began his musical studies as a violinist at the age of four. After graduating at the Liszt Academy of Music in Budapest, he continued to study conducting at prestigious class of the Sibelius Academy in Helsinki. As a conductor, Holl\u00f3k\u0151i ... Olvass tov\u00e1bb\" \/>\n<meta property=\"og:url\" content=\"https:\/\/kecskemetsymphony.com\/index.php\/en\/welcome-to-the-orchestras-new-artistic-director\/\" \/>\n<meta property=\"og:site_name\" content=\"Kecskem\u00e9ti Szimfonikus Zenekar\" \/>\n<meta property=\"article:publisher\" content=\"https:\/\/www.facebook.com\/kecskemetiszimfonikuszenekar\" \/>\n<meta property=\"article:modified_time\" content=\"2022-07-24T09:11:54+00:00\" \/>\n<meta property=\"og:image\" content=\"https:\/\/kecskemetsymphony.com\/wp-content\/uploads\/2022\/07\/huba_Kelkoniki-673x1024.jpg\" \/>\n<meta name=\"twitter:card\" content=\"summary_large_image\" \/>\n<meta name=\"twitter:label1\" content=\"Becs\u00fclt olvas\u00e1si id\u0151\" \/>\n\t<meta name=\"twitter:data1\" content=\"2 perc\" \/>\n<script type=\"application\/ld+json\" class=\"yoast-schema-graph\">{\"@context\":\"https:\\\/\\\/schema.org\",\"@graph\":[{\"@type\":\"WebPage\",\"@id\":\"https:\\\/\\\/kecskemetsymphony.com\\\/index.php\\\/en\\\/welcome-to-the-orchestras-new-artistic-director\\\/\",\"url\":\"https:\\\/\\\/kecskemetsymphony.com\\\/index.php\\\/en\\\/welcome-to-the-orchestras-new-artistic-director\\\/\",\"name\":\"ARTISTIC DIRECTOR: HUBA HOLL\u00d3K\u0150I - Kecskem\u00e9ti Szimfonikus Zenekar\",\"isPartOf\":{\"@id\":\"https:\\\/\\\/kecskemetsymphony.com\\\/#website\"},\"primaryImageOfPage\":{\"@id\":\"https:\\\/\\\/kecskemetsymphony.com\\\/index.php\\\/en\\\/welcome-to-the-orchestras-new-artistic-director\\\/#primaryimage\"},\"image\":{\"@id\":\"https:\\\/\\\/kecskemetsymphony.com\\\/index.php\\\/en\\\/welcome-to-the-orchestras-new-artistic-director\\\/#primaryimage\"},\"thumbnailUrl\":\"https:\\\/\\\/kecskemetsymphony.com\\\/wp-content\\\/uploads\\\/2022\\\/07\\\/huba_Kelkoniki-673x1024.jpg\",\"datePublished\":\"2022-07-20T13:00:01+00:00\",\"dateModified\":\"2022-07-24T09:11:54+00:00\",\"breadcrumb\":{\"@id\":\"https:\\\/\\\/kecskemetsymphony.com\\\/index.php\\\/en\\\/welcome-to-the-orchestras-new-artistic-director\\\/#breadcrumb\"},\"inLanguage\":\"hu\",\"potentialAction\":[{\"@type\":\"ReadAction\",\"target\":[\"https:\\\/\\\/kecskemetsymphony.com\\\/index.php\\\/en\\\/welcome-to-the-orchestras-new-artistic-director\\\/\"]}]},{\"@type\":\"ImageObject\",\"inLanguage\":\"hu\",\"@id\":\"https:\\\/\\\/kecskemetsymphony.com\\\/index.php\\\/en\\\/welcome-to-the-orchestras-new-artistic-director\\\/#primaryimage\",\"url\":\"https:\\\/\\\/kecskemetsymphony.com\\\/wp-content\\\/uploads\\\/2022\\\/07\\\/huba_Kelkoniki.jpg\",\"contentUrl\":\"https:\\\/\\\/kecskemetsymphony.com\\\/wp-content\\\/uploads\\\/2022\\\/07\\\/huba_Kelkoniki.jpg\",\"width\":674,\"height\":1026},{\"@type\":\"BreadcrumbList\",\"@id\":\"https:\\\/\\\/kecskemetsymphony.com\\\/index.php\\\/en\\\/welcome-to-the-orchestras-new-artistic-director\\\/#breadcrumb\",\"itemListElement\":[{\"@type\":\"ListItem\",\"position\":1,\"name\":\"Home\",\"item\":\"https:\\\/\\\/kecskemetsymphony.com\\\/\"},{\"@type\":\"ListItem\",\"position\":2,\"name\":\"ARTISTIC DIRECTOR: HUBA HOLL\u00d3K\u0150I\"}]},{\"@type\":\"WebSite\",\"@id\":\"https:\\\/\\\/kecskemetsymphony.com\\\/#website\",\"url\":\"https:\\\/\\\/kecskemetsymphony.com\\\/\",\"name\":\"Kecskem\u00e9ti Szimfonikus Zenekar\",\"description\":\"Kecskem\u00e9ti Szimfonikus Zenekar honlapja\",\"publisher\":{\"@id\":\"https:\\\/\\\/kecskemetsymphony.com\\\/#organization\"},\"potentialAction\":[{\"@type\":\"SearchAction\",\"target\":{\"@type\":\"EntryPoint\",\"urlTemplate\":\"https:\\\/\\\/kecskemetsymphony.com\\\/?s={search_term_string}\"},\"query-input\":{\"@type\":\"PropertyValueSpecification\",\"valueRequired\":true,\"valueName\":\"search_term_string\"}}],\"inLanguage\":\"hu\"},{\"@type\":\"Organization\",\"@id\":\"https:\\\/\\\/kecskemetsymphony.com\\\/#organization\",\"name\":\"Kecskem\u00e9ti Szimfonikus Zenekar\",\"url\":\"https:\\\/\\\/kecskemetsymphony.com\\\/\",\"logo\":{\"@type\":\"ImageObject\",\"inLanguage\":\"hu\",\"@id\":\"https:\\\/\\\/kecskemetsymphony.com\\\/#\\\/schema\\\/logo\\\/image\\\/\",\"url\":\"https:\\\/\\\/kecskemetsymphony.com\\\/wp-content\\\/uploads\\\/2022\\\/04\\\/cropped-KS_BRAND_FB_PROFILE_1.jpg\",\"contentUrl\":\"https:\\\/\\\/kecskemetsymphony.com\\\/wp-content\\\/uploads\\\/2022\\\/04\\\/cropped-KS_BRAND_FB_PROFILE_1.jpg\",\"width\":480,\"height\":480,\"caption\":\"Kecskem\u00e9ti Szimfonikus Zenekar\"},\"image\":{\"@id\":\"https:\\\/\\\/kecskemetsymphony.com\\\/#\\\/schema\\\/logo\\\/image\\\/\"},\"sameAs\":[\"https:\\\/\\\/www.facebook.com\\\/kecskemetiszimfonikuszenekar\"]}]}<\/script>\n<!-- \/ Yoast SEO plugin. -->","yoast_head_json":{"title":"ARTISTIC DIRECTOR: HUBA HOLL\u00d3K\u0150I - Kecskem\u00e9ti Szimfonikus Zenekar","robots":{"index":"index","follow":"follow","max-snippet":"max-snippet:-1","max-image-preview":"max-image-preview:large","max-video-preview":"max-video-preview:-1"},"canonical":"https:\/\/kecskemetsymphony.com\/index.php\/en\/welcome-to-the-orchestras-new-artistic-director\/","og_locale":"hu_HU","og_type":"article","og_title":"ARTISTIC DIRECTOR: HUBA HOLL\u00d3K\u0150I - Kecskem\u00e9ti Szimfonikus Zenekar","og_description":"Hungarian born Huba Holl\u00f3k\u0151i is the new artistic director of the Kecskem\u00e9t Symphony Orchestra. He began his musical studies as a violinist at the age of four. After graduating at the Liszt Academy of Music in Budapest, he continued to study conducting at prestigious class of the Sibelius Academy in Helsinki. As a conductor, Holl\u00f3k\u0151i ... Olvass tov\u00e1bb","og_url":"https:\/\/kecskemetsymphony.com\/index.php\/en\/welcome-to-the-orchestras-new-artistic-director\/","og_site_name":"Kecskem\u00e9ti Szimfonikus Zenekar","article_publisher":"https:\/\/www.facebook.com\/kecskemetiszimfonikuszenekar","article_modified_time":"2022-07-24T09:11:54+00:00","og_image":[{"url":"https:\/\/kecskemetsymphony.com\/wp-content\/uploads\/2022\/07\/huba_Kelkoniki-673x1024.jpg","type":"","width":"","height":""}],"twitter_card":"summary_large_image","twitter_misc":{"Becs\u00fclt olvas\u00e1si id\u0151":"2 perc"},"schema":{"@context":"https:\/\/schema.org","@graph":[{"@type":"WebPage","@id":"https:\/\/kecskemetsymphony.com\/index.php\/en\/welcome-to-the-orchestras-new-artistic-director\/","url":"https:\/\/kecskemetsymphony.com\/index.php\/en\/welcome-to-the-orchestras-new-artistic-director\/","name":"ARTISTIC DIRECTOR: HUBA HOLL\u00d3K\u0150I - Kecskem\u00e9ti Szimfonikus Zenekar","isPartOf":{"@id":"https:\/\/kecskemetsymphony.com\/#website"},"primaryImageOfPage":{"@id":"https:\/\/kecskemetsymphony.com\/index.php\/en\/welcome-to-the-orchestras-new-artistic-director\/#primaryimage"},"image":{"@id":"https:\/\/kecskemetsymphony.com\/index.php\/en\/welcome-to-the-orchestras-new-artistic-director\/#primaryimage"},"thumbnailUrl":"https:\/\/kecskemetsymphony.com\/wp-content\/uploads\/2022\/07\/huba_Kelkoniki-673x1024.jpg","datePublished":"2022-07-20T13:00:01+00:00","dateModified":"2022-07-24T09:11:54+00:00","breadcrumb":{"@id":"https:\/\/kecskemetsymphony.com\/index.php\/en\/welcome-to-the-orchestras-new-artistic-director\/#breadcrumb"},"inLanguage":"hu","potentialAction":[{"@type":"ReadAction","target":["https:\/\/kecskemetsymphony.com\/index.php\/en\/welcome-to-the-orchestras-new-artistic-director\/"]}]},{"@type":"ImageObject","inLanguage":"hu","@id":"https:\/\/kecskemetsymphony.com\/index.php\/en\/welcome-to-the-orchestras-new-artistic-director\/#primaryimage","url":"https:\/\/kecskemetsymphony.com\/wp-content\/uploads\/2022\/07\/huba_Kelkoniki.jpg","contentUrl":"https:\/\/kecskemetsymphony.com\/wp-content\/uploads\/2022\/07\/huba_Kelkoniki.jpg","width":674,"height":1026},{"@type":"BreadcrumbList","@id":"https:\/\/kecskemetsymphony.com\/index.php\/en\/welcome-to-the-orchestras-new-artistic-director\/#breadcrumb","itemListElement":[{"@type":"ListItem","position":1,"name":"Home","item":"https:\/\/kecskemetsymphony.com\/"},{"@type":"ListItem","position":2,"name":"ARTISTIC DIRECTOR: HUBA HOLL\u00d3K\u0150I"}]},{"@type":"WebSite","@id":"https:\/\/kecskemetsymphony.com\/#website","url":"https:\/\/kecskemetsymphony.com\/","name":"Kecskem\u00e9ti Szimfonikus Zenekar","description":"Kecskem\u00e9ti Szimfonikus Zenekar honlapja","publisher":{"@id":"https:\/\/kecskemetsymphony.com\/#organization"},"potentialAction":[{"@type":"SearchAction","target":{"@type":"EntryPoint","urlTemplate":"https:\/\/kecskemetsymphony.com\/?s={search_term_string}"},"query-input":{"@type":"PropertyValueSpecification","valueRequired":true,"valueName":"search_term_string"}}],"inLanguage":"hu"},{"@type":"Organization","@id":"https:\/\/kecskemetsymphony.com\/#organization","name":"Kecskem\u00e9ti Szimfonikus Zenekar","url":"https:\/\/kecskemetsymphony.com\/","logo":{"@type":"ImageObject","inLanguage":"hu","@id":"https:\/\/kecskemetsymphony.com\/#\/schema\/logo\/image\/","url":"https:\/\/kecskemetsymphony.com\/wp-content\/uploads\/2022\/04\/cropped-KS_BRAND_FB_PROFILE_1.jpg","contentUrl":"https:\/\/kecskemetsymphony.com\/wp-content\/uploads\/2022\/04\/cropped-KS_BRAND_FB_PROFILE_1.jpg","width":480,"height":480,"caption":"Kecskem\u00e9ti Szimfonikus Zenekar"},"image":{"@id":"https:\/\/kecskemetsymphony.com\/#\/schema\/logo\/image\/"},"sameAs":["https:\/\/www.facebook.com\/kecskemetiszimfonikuszenekar"]}]}},"_links":{"self":[{"href":"https:\/\/kecskemetsymphony.com\/index.php\/wp-json\/wp\/v2\/pages\/357","targetHints":{"allow":["GET"]}}],"collection":[{"href":"https:\/\/kecskemetsymphony.com\/index.php\/wp-json\/wp\/v2\/pages"}],"about":[{"href":"https:\/\/kecskemetsymphony.com\/index.php\/wp-json\/wp\/v2\/types\/page"}],"author":[{"embeddable":true,"href":"https:\/\/kecskemetsymphony.com\/index.php\/wp-json\/wp\/v2\/users\/1"}],"replies":[{"embeddable":true,"href":"https:\/\/kecskemetsymphony.com\/index.php\/wp-json\/wp\/v2\/comments?post=357"}],"version-history":[{"count":8,"href":"https:\/\/kecskemetsymphony.com\/index.php\/wp-json\/wp\/v2\/pages\/357\/revisions"}],"predecessor-version":[{"id":433,"href":"https:\/\/kecskemetsymphony.com\/index.php\/wp-json\/wp\/v2\/pages\/357\/revisions\/433"}],"wp:attachment":[{"href":"https:\/\/kecskemetsymphony.com\/index.php\/wp-json\/wp\/v2\/media?parent=357"}],"curies":[{"name":"wp","href":"https:\/\/api.w.org\/{rel}","templated":true}]}}