{"id":359,"date":"2022-07-20T13:17:59","date_gmt":"2022-07-20T13:17:59","guid":{"rendered":"https:\/\/kecskemetsymphony.com\/?page_id=359"},"modified":"2025-05-13T12:09:32","modified_gmt":"2025-05-13T12:09:32","slug":"uj-muveszeti-vezetot-koszonthet-a-zenekar","status":"publish","type":"page","link":"https:\/\/kecskemetsymphony.com\/index.php\/uj-muveszeti-vezetot-koszonthet-a-zenekar\/","title":{"rendered":"M\u0170V\u00c9SZETI VEZET\u0150: HOLL\u00d3K\u0150I HUBA"},"content":{"rendered":"\t\t<div data-elementor-type=\"wp-page\" data-elementor-id=\"359\" class=\"elementor elementor-359\">\n\t\t\t\t\t\t<section class=\"elementor-section elementor-top-section elementor-element elementor-element-90fd753 elementor-section-boxed elementor-section-height-default elementor-section-height-default\" data-id=\"90fd753\" data-element_type=\"section\" data-e-type=\"section\">\n\t\t\t\t\t\t<div class=\"elementor-container elementor-column-gap-default\">\n\t\t\t\t\t<div class=\"elementor-column elementor-col-100 elementor-top-column elementor-element elementor-element-960ff1f\" data-id=\"960ff1f\" data-element_type=\"column\" data-e-type=\"column\">\n\t\t\t<div class=\"elementor-widget-wrap elementor-element-populated\">\n\t\t\t\t\t\t<section class=\"elementor-section elementor-inner-section elementor-element elementor-element-1ab57a3 elementor-section-boxed elementor-section-height-default elementor-section-height-default\" data-id=\"1ab57a3\" data-element_type=\"section\" data-e-type=\"section\">\n\t\t\t\t\t\t<div class=\"elementor-container elementor-column-gap-default\">\n\t\t\t\t\t<div class=\"elementor-column elementor-col-50 elementor-inner-column elementor-element elementor-element-0db9e90\" data-id=\"0db9e90\" data-element_type=\"column\" data-e-type=\"column\">\n\t\t\t<div class=\"elementor-widget-wrap elementor-element-populated\">\n\t\t\t\t\t\t<div class=\"elementor-element elementor-element-12b4f0f elementor-widget elementor-widget-image\" data-id=\"12b4f0f\" data-element_type=\"widget\" data-e-type=\"widget\" data-widget_type=\"image.default\">\n\t\t\t\t<div class=\"elementor-widget-container\">\n\t\t\t\t\t\t\t\t\t\t\t\t\t\t\t<img fetchpriority=\"high\" decoding=\"async\" width=\"673\" height=\"1024\" src=\"https:\/\/kecskemetsymphony.com\/wp-content\/uploads\/2022\/07\/huba_Kelkoniki-673x1024.jpg\" class=\"attachment-large size-large wp-image-362\" alt=\"\" srcset=\"https:\/\/kecskemetsymphony.com\/wp-content\/uploads\/2022\/07\/huba_Kelkoniki-673x1024.jpg 673w, https:\/\/kecskemetsymphony.com\/wp-content\/uploads\/2022\/07\/huba_Kelkoniki-197x300.jpg 197w, https:\/\/kecskemetsymphony.com\/wp-content\/uploads\/2022\/07\/huba_Kelkoniki.jpg 674w\" sizes=\"(max-width: 673px) 100vw, 673px\" \/>\t\t\t\t\t\t\t\t\t\t\t\t\t\t\t<\/div>\n\t\t\t\t<\/div>\n\t\t\t\t\t<\/div>\n\t\t<\/div>\n\t\t\t\t<div class=\"elementor-column elementor-col-50 elementor-inner-column elementor-element elementor-element-b426934\" data-id=\"b426934\" data-element_type=\"column\" data-e-type=\"column\">\n\t\t\t<div class=\"elementor-widget-wrap elementor-element-populated\">\n\t\t\t\t\t\t<div class=\"elementor-element elementor-element-1e80c42 elementor-widget elementor-widget-text-editor\" data-id=\"1e80c42\" data-element_type=\"widget\" data-e-type=\"widget\" data-widget_type=\"text-editor.default\">\n\t\t\t\t<div class=\"elementor-widget-container\">\n\t\t\t\t\t\t\t\t\t<p><em><strong>K\u00f6sz\u00f6nt\u0151<\/strong><\/em><\/p><p><em><strong>\u201eA zene megnemes\u00edti az embert, arra tan\u00edt, amib\u0151l egyre kevesebb van a vil\u00e1gban: a j\u00f3ra, a hitre, \u00e9s embers\u00e9gre.\u201d <\/strong><\/em><\/p><p><em>Kev\u00e9sb\u00e9 lehetn\u00e9nek aktu\u00e1lisabbak Keller Andr\u00e1s gondolatai, mint a mai, rohan\u00f3 vil\u00e1gunkban. A click-ek, like-ok, short vide\u00f3k villog\u00f3 kavalk\u00e1dj\u00e1ban lassan elt\u0171nik maga az ember, ellaposodik az \u00e9rtelem \u00e9s az \u00e9rzelem; fenn\u00e1ll a vesz\u00e9lye, hogy az emberis\u00e9g lassan k\u00e9ptelen lesz a k\u00f6r\u00fcl\u00f6tte l\u00e9v\u0151 vil\u00e1g m\u00e9lyebb meg\u00e9rt\u00e9s\u00e9re, \u00e1t\u00e9l\u00e9s\u00e9re, befogad\u00e1s\u00e1ra. Hi\u00e1ba a vill\u00e1mgyors internet kapcsolat \u00e9s ak\u00e1r a legjobb f\u00fclhallgat\u00f3 vagy hangfal, egyik sem k\u00e9pes \u00e1tadni az egy\u00fcttesen felcsend\u00fcl\u0151 hangszerek, \u00e9nekhangok csod\u00e1latos, term\u00e9szetes rezg\u00e9s\u00e9t, egy sz\u00ednpadi el\u0151ad\u00e1s l\u00fcktet\u0151 hull\u00e1mait.<\/em><\/p><p><em>Kod\u00e1ly \u00f3ta tudjuk, a gyermek zenei nevel\u00e9s\u00e9t sz\u00fclet\u00e9se el\u0151tt kilenc h\u00f3nappal kell elkezdeni. \u0150 m\u00e1r t\u00f6bb mint egy \u00e9vsz\u00e1zada elkezdett k\u00fczdeni a komolyzene, \u00e9s a zenei nevel\u00e9s \u0151t megillet\u0151 hely\u00e9\u00e9rt. Saj\u00e1t szavaival \u00e9lve: sokkal fontosabb, hogy ki az \u00e9nektan\u00e1r Kisv\u00e1rd\u00e1n, mint hogy ki az Operah\u00e1z igazgat\u00f3ja. Az\u00f3ta, a vil\u00e1g gyorsul\u00e1s\u00e1val, a zene ellenpontoz\u00f3 szerepe egyre ink\u00e1bb fel\u00e9rt\u00e9kel\u0151d\u00f6tt, hiszen azt is t\u00e9ny: zene n\u00e9lk\u00fcl nincs teljes ember.<\/em><\/p><p><em>Ez\u00e9rt volt nekem k\u00fcl\u00f6n\u00f6sen nagy \u00f6r\u00f6m \u00e9s megtiszteltet\u00e9s, amikor felk\u00e9r\u00e9st kaptam a Kecskem\u00e9ti Szimfonikus Zenekar vezet\u00e9s\u00e9re, Kod\u00e1ly Zolt\u00e1n sz\u00fcl\u0151v\u00e1ros\u00e1ban. Rendk\u00edv\u00fcl fontosnak tartom, hogy egy ilyen m\u00e9ret\u0171 \u00e9s adotts\u00e1g\u00fa v\u00e1rosnak magas sz\u00ednvonal\u00fa, sokoldal\u00fa \u00e9s innovat\u00edv egy\u00fcttese legyen, ami egyszerre k\u00e9pviseli a Kod\u00e1lyi \u00f6r\u00f6ks\u00e9get \u00e9s k\u00e9pes felvenni a versenyt a modern kor leg\u00fajabb kih\u00edv\u00e1saival is. E kultur\u00e1lis misszi\u00f3 mellett a Kecskem\u00e9ti Szimfonikus Zenekar olyan brand lehet, amely a zene nemzetk\u00f6zi nyelvezete miatt, nem csak orsz\u00e1gosan k\u00e9pes \u00f6regb\u00edteni v\u00e1ros h\u00edrnev\u00e9t. C\u00e9lunk teh\u00e1t az, hogy Kecskem\u00e9ti Szimfonikus Zenekar koncertjein, legyen az szimfonikus, kamara, workshop vagy koprodukci\u00f3, egy kicsit \u201emeg\u00e1lljon az id\u0151\u201d, \u00e9s a k\u00f6z\u00f6ns\u00e9g, kicsi vagy nagy, \u00f6reg vagy fiatal, nyugd\u00edjas vagy elfoglalt \u00fczletember, felt\u00f6lt\u0151dve, elm\u00e9ly\u00fclve, \u00faj gondolatokkal \u00e9s \u00e9lm\u00e9nyekkel felvillanyozva l\u00e9pjen ki a n\u00e9z\u0151t\u00e9rr\u0151l.&#8221;<\/em><\/p><p>Holl\u00f3k\u0151i Huba n\u00e9gy \u00e9ves kor\u00e1ban kezdte zenei tanulm\u00e1nyait, el\u0151sz\u00f6r a heged\u0171vel ismerkedett meg, k\u00e9s\u0151bb fordult \u00e9rdekl\u0151d\u00e9se a vez\u00e9nyl\u00e9s fel\u00e9. A Zeneakad\u00e9mia elv\u00e9gz\u00e9se ut\u00e1n Finnorsz\u00e1gban tanult tov\u00e1bb, ahol a Sibelius Akad\u00e9mi\u00e1n Leif Segerstam \u00e9s Jorma Panula oszt\u00e1ly\u00e1ban 2012-ben szerzett karmester diplom\u00e1t, emellett rendelkezik a holland National Master Orchestral Conducting program mesterfokozat\u00e1val is, ahol Jac van Steen, Kenneth Montgomery \u00e9s Ed Spanjaard tan\u00edtv\u00e1nya volt.<\/p><p>Heged\u0171m\u0171v\u00e9szk\u00e9nt \u00e9s karmesterk\u00e9nt is sz\u00e1mos d\u00edjat kapott jelent\u0151s hazai \u00e9s k\u00fclf\u00f6ldi megm\u00e9rettet\u00e9seken, t\u00f6bbek k\u00f6z\u00f6tt: Koncz J\u00e1nos Heged\u0171verseny, 2019. \u00e9vi II. Citta&#8217;di Brescia Giancarlo Facchinetti nemzetk\u00f6zi karmesterverseny. Egyike volt annak a h\u00e1rom fiatal dirigensnek, aki a 2013. \u00e9vi 53. Besancon Nemzetk\u00f6zi Karmesterverseny d\u00f6nt\u0151j\u00e9be jutott. T\u00f6bb rangos elismer\u00e9s is seg\u00edtette p\u00e1lyafut\u00e1s\u00e1t, 2014-ben megkapta az Anton Kersjes Fonds karmester \u00f6szt\u00f6nd\u00edj\u00e1t, 2019-ben pedig a Finnish Cultural Foundation \u00f6szt\u00f6nd\u00edj\u00e1t.<\/p><p>Karmesterk\u00e9nt a vil\u00e1g sz\u00e1mos vezet\u0151 zenekar\u00e1val \u00e9s sz\u00f3list\u00e1j\u00e1val fell\u00e9pett, k\u00f6zt\u00fck olyanokkal, mint a Netherland Philharmonic Orchestra, a Residentie Orkest, a Noord Netherland Orchestra, a Slovak Sinfonietta, a Lahti Symphony Orchestra, a S\u00f8nderjyllands Symfoniorkester \u00e9s a mexik\u00f3i OSUG Symphony Orchestra. Sz\u00f3lista partnerei voltak t\u00f6bbek k\u00f6z\u00f6tt Kelemen Barnab\u00e1s (heged\u0171), F\u00fclei Bal\u00e1zs (zongora), Guido Schiefen (csell\u00f3), Hugo Manzanilla Victoria (klarin\u00e9t). 2017-ben deb\u00fct\u00e1lt az amszterdami Concertgebouw-ban a Philharmonie S\u00fcdwestfalen vend\u00e9gkarmesterek\u00e9nt. Ugyanebben az \u00e9vben a vil\u00e1g egyik legjelent\u0151sebb zenekarak\u00e9nt sz\u00e1mon tartott holland Royal Concertgebouw Orchestra-val is dolgozhatott, Szemjon Bicskov karmester asszisztensek\u00e9nt.<\/p><p>Tucatnyi modern zenem\u0171 \u0151sbemutat\u00f3ja f\u0171z\u0151dik a nev\u00e9hez; dirig\u00e1lt a Iubi\u021bi Muzica Rom\u00e2neasca! fesztiv\u00e1lon Nagyv\u00e1radon, az UMZE egy\u00fcttessel Budapesten s \u0151 vez\u00e9nyelhette Monique Kr\u00fcs Anne Frank c\u00edm\u0171 oper\u00e1j\u00e1nak bemutat\u00f3j\u00e1t Hollandi\u00e1ban \u00e9s Tiran\u00e1ban. Operaprodukci\u00f3i sok elismer\u00e9st kaptak mind a k\u00f6z\u00f6ns\u00e9g, mind a kritika r\u00e9sz\u00e9r\u0151l. Reperto\u00e1rj\u00e1n megtal\u00e1lhat\u00f3 Bizet Carmen-je, Verdi Rigoletto-ja \u00e9s Beethoven Fidelio-ja mellett Mozart n\u00e9pszer\u0171 remekei: A var\u00e1zsfuvola, a Figaro h\u00e1zass\u00e1ga, a Cosi fan tutte, a Don Giovanni (Hollandia, DNOA t\u00e1rsulat). 2021-ben operarendez\u0151k\u00e9nt is bemutatkozhatott: Donizetti Szerelmi b\u00e1jital c\u00edm\u0171 m\u0171v\u00e9t \u00e1ll\u00edtotta sz\u00ednpadra.<\/p><p>2015-17 k\u00f6z\u00f6tt a Holland R\u00e1di\u00f3 Filharmonikus Zenekar\u00e1nak karmester asszisztense volt, ahol szorosan egy\u00fcttm\u0171k\u00f6d\u00f6tt olyan nemzetk\u00f6zi h\u00edr\u0171 karmesterekkel, mint Markus Stenz, Bernard Haitink, Edo de Waart, John Adams, Vladimir Jurowski, \u00e9s t\u00f6bb vil\u00e1gszerte ismert \u00e9nekessel \u00e9s hangszeres sz\u00f3list\u00e1val. Ek\u00f6zben k\u00e9t szezonon \u00e1t vez\u00e9nyelte a H\u00e1gai \u200b\u200bHolland Balett produkci\u00f3it.<\/p><p>Magyarorsz\u00e1gon is sz\u00e1mos alkalommal dirig\u00e1lt, fell\u00e9pett a M\u00c1V Szimfonikus Zenekar, a Danubia Szimfonikus Zenekar, a Miskolci Szimfonikus Zenekar, a Budapesti Von\u00f3sok karmesterek\u00e9nt. A 2020-21-es szezonban megh\u00edv\u00e1st kapott a Gy\u0151ri Szimfonikus Zenekar \u00e9s Kecskem\u00e9ti Szimfonikus Zenekar vez\u00e9nyl\u00e9s\u00e9re is.<\/p><p>Heged\u0171m\u0171v\u00e9szk\u00e9nt is gyakran koncertezik, fell\u00e9pett m\u00e1r Magyarorsz\u00e1gon k\u00edv\u00fcl Angli\u00e1ban, N\u00e9metorsz\u00e1gban, Olaszorsz\u00e1gban, Finnorsz\u00e1gban, Ausztri\u00e1ban, Hollandi\u00e1ban \u00e9s Jap\u00e1nban is. 2010-ben Vivaldi N\u00e9gy \u00e9vszak c\u00edm\u0171 m\u0171v\u00e9t j\u00e1tszotta nagy sikerrel Eiji Oue vez\u00e9nylet\u00e9vel az NDR Musiktag &#8211; Hannover fesztiv\u00e1lon. T\u00f6bb m\u00e1s ismert nemzetk\u00f6zi rendezv\u00e9nysorozaton is szerepelt, mint p\u00e9ld\u00e1ul Young Hungarian Talents in Focus &#8211; London, Herbstliche Musiktage &#8211; Bad Urach \u00e9s Musica Nova &#8211; Helsinki.<\/p><p>Az elm\u00falt \u00e9vtizedben r\u00e9szt vett t\u00f6bbek k\u00f6z\u00f6tt Kurt Masur, Johannes Schl\u00e4efli, Pesk\u00f3 Zolt\u00e1n, Atso Almila \u00e9s Jurij Szimonov mesterkurzusain. A MasterclassBudapest mesterkurzusoknak a szervez\u0151je, ahol Jorma Panula finn professzor asszisztensek\u00e9nt tan\u00edt is.<\/p>\t\t\t\t\t\t\t\t<\/div>\n\t\t\t\t<\/div>\n\t\t\t\t\t<\/div>\n\t\t<\/div>\n\t\t\t\t\t<\/div>\n\t\t<\/section>\n\t\t\t\t\t<\/div>\n\t\t<\/div>\n\t\t\t\t\t<\/div>\n\t\t<\/section>\n\t\t\t\t<\/div>\n\t\t","protected":false},"excerpt":{"rendered":"<p>K\u00f6sz\u00f6nt\u0151 \u201eA zene megnemes\u00edti az embert, arra tan\u00edt, amib\u0151l egyre kevesebb van a vil\u00e1gban: a j\u00f3ra, a hitre, \u00e9s embers\u00e9gre.\u201d Kev\u00e9sb\u00e9 lehetn\u00e9nek aktu\u00e1lisabbak Keller Andr\u00e1s gondolatai, mint a mai, rohan\u00f3 vil\u00e1gunkban. A click-ek, like-ok, short vide\u00f3k villog\u00f3 kavalk\u00e1dj\u00e1ban lassan elt\u0171nik maga az ember, ellaposodik az \u00e9rtelem \u00e9s az \u00e9rzelem; fenn\u00e1ll a vesz\u00e9lye, hogy az emberis\u00e9g &#8230; <a title=\"M\u0170V\u00c9SZETI VEZET\u0150: HOLL\u00d3K\u0150I HUBA\" class=\"read-more\" href=\"https:\/\/kecskemetsymphony.com\/index.php\/uj-muveszeti-vezetot-koszonthet-a-zenekar\/\" aria-label=\"Read more about M\u0170V\u00c9SZETI VEZET\u0150: HOLL\u00d3K\u0150I HUBA\">Olvass tov\u00e1bb<\/a><\/p>\n","protected":false},"author":1,"featured_media":0,"parent":0,"menu_order":0,"comment_status":"closed","ping_status":"closed","template":"","meta":{"footnotes":""},"class_list":["post-359","page","type-page","status-publish"],"yoast_head":"<!-- This site is optimized with the Yoast SEO plugin v27.5 - https:\/\/yoast.com\/product\/yoast-seo-wordpress\/ -->\n<title>M\u0170V\u00c9SZETI VEZET\u0150: HOLL\u00d3K\u0150I HUBA - Kecskem\u00e9ti Szimfonikus Zenekar<\/title>\n<meta name=\"robots\" content=\"index, follow, max-snippet:-1, max-image-preview:large, max-video-preview:-1\" \/>\n<link rel=\"canonical\" href=\"https:\/\/kecskemetsymphony.com\/index.php\/uj-muveszeti-vezetot-koszonthet-a-zenekar\/\" \/>\n<meta property=\"og:locale\" content=\"hu_HU\" \/>\n<meta property=\"og:type\" content=\"article\" \/>\n<meta property=\"og:title\" content=\"M\u0170V\u00c9SZETI VEZET\u0150: HOLL\u00d3K\u0150I HUBA - Kecskem\u00e9ti Szimfonikus Zenekar\" \/>\n<meta property=\"og:description\" content=\"K\u00f6sz\u00f6nt\u0151 \u201eA zene megnemes\u00edti az embert, arra tan\u00edt, amib\u0151l egyre kevesebb van a vil\u00e1gban: a j\u00f3ra, a hitre, \u00e9s embers\u00e9gre.\u201d Kev\u00e9sb\u00e9 lehetn\u00e9nek aktu\u00e1lisabbak Keller Andr\u00e1s gondolatai, mint a mai, rohan\u00f3 vil\u00e1gunkban. A click-ek, like-ok, short vide\u00f3k villog\u00f3 kavalk\u00e1dj\u00e1ban lassan elt\u0171nik maga az ember, ellaposodik az \u00e9rtelem \u00e9s az \u00e9rzelem; fenn\u00e1ll a vesz\u00e9lye, hogy az emberis\u00e9g ... Olvass tov\u00e1bb\" \/>\n<meta property=\"og:url\" content=\"https:\/\/kecskemetsymphony.com\/index.php\/uj-muveszeti-vezetot-koszonthet-a-zenekar\/\" \/>\n<meta property=\"og:site_name\" content=\"Kecskem\u00e9ti Szimfonikus Zenekar\" \/>\n<meta property=\"article:publisher\" content=\"https:\/\/www.facebook.com\/kecskemetiszimfonikuszenekar\" \/>\n<meta property=\"article:modified_time\" content=\"2025-05-13T12:09:32+00:00\" \/>\n<meta property=\"og:image\" content=\"https:\/\/kecskemetsymphony.com\/wp-content\/uploads\/2022\/07\/huba_Kelkoniki.jpg\" \/>\n\t<meta property=\"og:image:width\" content=\"674\" \/>\n\t<meta property=\"og:image:height\" content=\"1026\" \/>\n\t<meta property=\"og:image:type\" content=\"image\/jpeg\" \/>\n<meta name=\"twitter:card\" content=\"summary_large_image\" \/>\n<meta name=\"twitter:label1\" content=\"Becs\u00fclt olvas\u00e1si id\u0151\" \/>\n\t<meta name=\"twitter:data1\" content=\"5 perc\" \/>\n<script type=\"application\/ld+json\" class=\"yoast-schema-graph\">{\"@context\":\"https:\\\/\\\/schema.org\",\"@graph\":[{\"@type\":\"WebPage\",\"@id\":\"https:\\\/\\\/kecskemetsymphony.com\\\/index.php\\\/uj-muveszeti-vezetot-koszonthet-a-zenekar\\\/\",\"url\":\"https:\\\/\\\/kecskemetsymphony.com\\\/index.php\\\/uj-muveszeti-vezetot-koszonthet-a-zenekar\\\/\",\"name\":\"M\u0170V\u00c9SZETI VEZET\u0150: HOLL\u00d3K\u0150I HUBA - Kecskem\u00e9ti Szimfonikus Zenekar\",\"isPartOf\":{\"@id\":\"https:\\\/\\\/kecskemetsymphony.com\\\/#website\"},\"primaryImageOfPage\":{\"@id\":\"https:\\\/\\\/kecskemetsymphony.com\\\/index.php\\\/uj-muveszeti-vezetot-koszonthet-a-zenekar\\\/#primaryimage\"},\"image\":{\"@id\":\"https:\\\/\\\/kecskemetsymphony.com\\\/index.php\\\/uj-muveszeti-vezetot-koszonthet-a-zenekar\\\/#primaryimage\"},\"thumbnailUrl\":\"https:\\\/\\\/kecskemetsymphony.com\\\/wp-content\\\/uploads\\\/2022\\\/07\\\/huba_Kelkoniki-673x1024.jpg\",\"datePublished\":\"2022-07-20T13:17:59+00:00\",\"dateModified\":\"2025-05-13T12:09:32+00:00\",\"breadcrumb\":{\"@id\":\"https:\\\/\\\/kecskemetsymphony.com\\\/index.php\\\/uj-muveszeti-vezetot-koszonthet-a-zenekar\\\/#breadcrumb\"},\"inLanguage\":\"hu\",\"potentialAction\":[{\"@type\":\"ReadAction\",\"target\":[\"https:\\\/\\\/kecskemetsymphony.com\\\/index.php\\\/uj-muveszeti-vezetot-koszonthet-a-zenekar\\\/\"]}]},{\"@type\":\"ImageObject\",\"inLanguage\":\"hu\",\"@id\":\"https:\\\/\\\/kecskemetsymphony.com\\\/index.php\\\/uj-muveszeti-vezetot-koszonthet-a-zenekar\\\/#primaryimage\",\"url\":\"https:\\\/\\\/kecskemetsymphony.com\\\/wp-content\\\/uploads\\\/2022\\\/07\\\/huba_Kelkoniki.jpg\",\"contentUrl\":\"https:\\\/\\\/kecskemetsymphony.com\\\/wp-content\\\/uploads\\\/2022\\\/07\\\/huba_Kelkoniki.jpg\",\"width\":674,\"height\":1026},{\"@type\":\"BreadcrumbList\",\"@id\":\"https:\\\/\\\/kecskemetsymphony.com\\\/index.php\\\/uj-muveszeti-vezetot-koszonthet-a-zenekar\\\/#breadcrumb\",\"itemListElement\":[{\"@type\":\"ListItem\",\"position\":1,\"name\":\"Home\",\"item\":\"https:\\\/\\\/kecskemetsymphony.com\\\/\"},{\"@type\":\"ListItem\",\"position\":2,\"name\":\"M\u0170V\u00c9SZETI VEZET\u0150: HOLL\u00d3K\u0150I HUBA\"}]},{\"@type\":\"WebSite\",\"@id\":\"https:\\\/\\\/kecskemetsymphony.com\\\/#website\",\"url\":\"https:\\\/\\\/kecskemetsymphony.com\\\/\",\"name\":\"Kecskem\u00e9ti Szimfonikus Zenekar\",\"description\":\"Kecskem\u00e9ti Szimfonikus Zenekar honlapja\",\"publisher\":{\"@id\":\"https:\\\/\\\/kecskemetsymphony.com\\\/#organization\"},\"potentialAction\":[{\"@type\":\"SearchAction\",\"target\":{\"@type\":\"EntryPoint\",\"urlTemplate\":\"https:\\\/\\\/kecskemetsymphony.com\\\/?s={search_term_string}\"},\"query-input\":{\"@type\":\"PropertyValueSpecification\",\"valueRequired\":true,\"valueName\":\"search_term_string\"}}],\"inLanguage\":\"hu\"},{\"@type\":\"Organization\",\"@id\":\"https:\\\/\\\/kecskemetsymphony.com\\\/#organization\",\"name\":\"Kecskem\u00e9ti Szimfonikus Zenekar\",\"url\":\"https:\\\/\\\/kecskemetsymphony.com\\\/\",\"logo\":{\"@type\":\"ImageObject\",\"inLanguage\":\"hu\",\"@id\":\"https:\\\/\\\/kecskemetsymphony.com\\\/#\\\/schema\\\/logo\\\/image\\\/\",\"url\":\"https:\\\/\\\/kecskemetsymphony.com\\\/wp-content\\\/uploads\\\/2022\\\/04\\\/cropped-KS_BRAND_FB_PROFILE_1.jpg\",\"contentUrl\":\"https:\\\/\\\/kecskemetsymphony.com\\\/wp-content\\\/uploads\\\/2022\\\/04\\\/cropped-KS_BRAND_FB_PROFILE_1.jpg\",\"width\":480,\"height\":480,\"caption\":\"Kecskem\u00e9ti Szimfonikus Zenekar\"},\"image\":{\"@id\":\"https:\\\/\\\/kecskemetsymphony.com\\\/#\\\/schema\\\/logo\\\/image\\\/\"},\"sameAs\":[\"https:\\\/\\\/www.facebook.com\\\/kecskemetiszimfonikuszenekar\"]}]}<\/script>\n<!-- \/ Yoast SEO plugin. -->","yoast_head_json":{"title":"M\u0170V\u00c9SZETI VEZET\u0150: HOLL\u00d3K\u0150I HUBA - Kecskem\u00e9ti Szimfonikus Zenekar","robots":{"index":"index","follow":"follow","max-snippet":"max-snippet:-1","max-image-preview":"max-image-preview:large","max-video-preview":"max-video-preview:-1"},"canonical":"https:\/\/kecskemetsymphony.com\/index.php\/uj-muveszeti-vezetot-koszonthet-a-zenekar\/","og_locale":"hu_HU","og_type":"article","og_title":"M\u0170V\u00c9SZETI VEZET\u0150: HOLL\u00d3K\u0150I HUBA - Kecskem\u00e9ti Szimfonikus Zenekar","og_description":"K\u00f6sz\u00f6nt\u0151 \u201eA zene megnemes\u00edti az embert, arra tan\u00edt, amib\u0151l egyre kevesebb van a vil\u00e1gban: a j\u00f3ra, a hitre, \u00e9s embers\u00e9gre.\u201d Kev\u00e9sb\u00e9 lehetn\u00e9nek aktu\u00e1lisabbak Keller Andr\u00e1s gondolatai, mint a mai, rohan\u00f3 vil\u00e1gunkban. A click-ek, like-ok, short vide\u00f3k villog\u00f3 kavalk\u00e1dj\u00e1ban lassan elt\u0171nik maga az ember, ellaposodik az \u00e9rtelem \u00e9s az \u00e9rzelem; fenn\u00e1ll a vesz\u00e9lye, hogy az emberis\u00e9g ... Olvass tov\u00e1bb","og_url":"https:\/\/kecskemetsymphony.com\/index.php\/uj-muveszeti-vezetot-koszonthet-a-zenekar\/","og_site_name":"Kecskem\u00e9ti Szimfonikus Zenekar","article_publisher":"https:\/\/www.facebook.com\/kecskemetiszimfonikuszenekar","article_modified_time":"2025-05-13T12:09:32+00:00","og_image":[{"width":674,"height":1026,"url":"https:\/\/kecskemetsymphony.com\/wp-content\/uploads\/2022\/07\/huba_Kelkoniki.jpg","type":"image\/jpeg"}],"twitter_card":"summary_large_image","twitter_misc":{"Becs\u00fclt olvas\u00e1si id\u0151":"5 perc"},"schema":{"@context":"https:\/\/schema.org","@graph":[{"@type":"WebPage","@id":"https:\/\/kecskemetsymphony.com\/index.php\/uj-muveszeti-vezetot-koszonthet-a-zenekar\/","url":"https:\/\/kecskemetsymphony.com\/index.php\/uj-muveszeti-vezetot-koszonthet-a-zenekar\/","name":"M\u0170V\u00c9SZETI VEZET\u0150: HOLL\u00d3K\u0150I HUBA - Kecskem\u00e9ti Szimfonikus Zenekar","isPartOf":{"@id":"https:\/\/kecskemetsymphony.com\/#website"},"primaryImageOfPage":{"@id":"https:\/\/kecskemetsymphony.com\/index.php\/uj-muveszeti-vezetot-koszonthet-a-zenekar\/#primaryimage"},"image":{"@id":"https:\/\/kecskemetsymphony.com\/index.php\/uj-muveszeti-vezetot-koszonthet-a-zenekar\/#primaryimage"},"thumbnailUrl":"https:\/\/kecskemetsymphony.com\/wp-content\/uploads\/2022\/07\/huba_Kelkoniki-673x1024.jpg","datePublished":"2022-07-20T13:17:59+00:00","dateModified":"2025-05-13T12:09:32+00:00","breadcrumb":{"@id":"https:\/\/kecskemetsymphony.com\/index.php\/uj-muveszeti-vezetot-koszonthet-a-zenekar\/#breadcrumb"},"inLanguage":"hu","potentialAction":[{"@type":"ReadAction","target":["https:\/\/kecskemetsymphony.com\/index.php\/uj-muveszeti-vezetot-koszonthet-a-zenekar\/"]}]},{"@type":"ImageObject","inLanguage":"hu","@id":"https:\/\/kecskemetsymphony.com\/index.php\/uj-muveszeti-vezetot-koszonthet-a-zenekar\/#primaryimage","url":"https:\/\/kecskemetsymphony.com\/wp-content\/uploads\/2022\/07\/huba_Kelkoniki.jpg","contentUrl":"https:\/\/kecskemetsymphony.com\/wp-content\/uploads\/2022\/07\/huba_Kelkoniki.jpg","width":674,"height":1026},{"@type":"BreadcrumbList","@id":"https:\/\/kecskemetsymphony.com\/index.php\/uj-muveszeti-vezetot-koszonthet-a-zenekar\/#breadcrumb","itemListElement":[{"@type":"ListItem","position":1,"name":"Home","item":"https:\/\/kecskemetsymphony.com\/"},{"@type":"ListItem","position":2,"name":"M\u0170V\u00c9SZETI VEZET\u0150: HOLL\u00d3K\u0150I HUBA"}]},{"@type":"WebSite","@id":"https:\/\/kecskemetsymphony.com\/#website","url":"https:\/\/kecskemetsymphony.com\/","name":"Kecskem\u00e9ti Szimfonikus Zenekar","description":"Kecskem\u00e9ti Szimfonikus Zenekar honlapja","publisher":{"@id":"https:\/\/kecskemetsymphony.com\/#organization"},"potentialAction":[{"@type":"SearchAction","target":{"@type":"EntryPoint","urlTemplate":"https:\/\/kecskemetsymphony.com\/?s={search_term_string}"},"query-input":{"@type":"PropertyValueSpecification","valueRequired":true,"valueName":"search_term_string"}}],"inLanguage":"hu"},{"@type":"Organization","@id":"https:\/\/kecskemetsymphony.com\/#organization","name":"Kecskem\u00e9ti Szimfonikus Zenekar","url":"https:\/\/kecskemetsymphony.com\/","logo":{"@type":"ImageObject","inLanguage":"hu","@id":"https:\/\/kecskemetsymphony.com\/#\/schema\/logo\/image\/","url":"https:\/\/kecskemetsymphony.com\/wp-content\/uploads\/2022\/04\/cropped-KS_BRAND_FB_PROFILE_1.jpg","contentUrl":"https:\/\/kecskemetsymphony.com\/wp-content\/uploads\/2022\/04\/cropped-KS_BRAND_FB_PROFILE_1.jpg","width":480,"height":480,"caption":"Kecskem\u00e9ti Szimfonikus Zenekar"},"image":{"@id":"https:\/\/kecskemetsymphony.com\/#\/schema\/logo\/image\/"},"sameAs":["https:\/\/www.facebook.com\/kecskemetiszimfonikuszenekar"]}]}},"_links":{"self":[{"href":"https:\/\/kecskemetsymphony.com\/index.php\/wp-json\/wp\/v2\/pages\/359","targetHints":{"allow":["GET"]}}],"collection":[{"href":"https:\/\/kecskemetsymphony.com\/index.php\/wp-json\/wp\/v2\/pages"}],"about":[{"href":"https:\/\/kecskemetsymphony.com\/index.php\/wp-json\/wp\/v2\/types\/page"}],"author":[{"embeddable":true,"href":"https:\/\/kecskemetsymphony.com\/index.php\/wp-json\/wp\/v2\/users\/1"}],"replies":[{"embeddable":true,"href":"https:\/\/kecskemetsymphony.com\/index.php\/wp-json\/wp\/v2\/comments?post=359"}],"version-history":[{"count":36,"href":"https:\/\/kecskemetsymphony.com\/index.php\/wp-json\/wp\/v2\/pages\/359\/revisions"}],"predecessor-version":[{"id":3249,"href":"https:\/\/kecskemetsymphony.com\/index.php\/wp-json\/wp\/v2\/pages\/359\/revisions\/3249"}],"wp:attachment":[{"href":"https:\/\/kecskemetsymphony.com\/index.php\/wp-json\/wp\/v2\/media?parent=359"}],"curies":[{"name":"wp","href":"https:\/\/api.w.org\/{rel}","templated":true}]}}