{"id":40,"date":"2022-04-26T09:25:42","date_gmt":"2022-04-26T09:25:42","guid":{"rendered":"https:\/\/kecskemetsymphony.com\/?page_id=40"},"modified":"2022-12-08T21:31:40","modified_gmt":"2022-12-08T21:31:40","slug":"kecskemet-symphony-orchestra","status":"publish","type":"page","link":"https:\/\/kecskemetsymphony.com\/index.php\/en\/kecskemet-symphony-orchestra\/","title":{"rendered":"Kecskem\u00e9t Symphony Orchestra"},"content":{"rendered":"\t\t<div data-elementor-type=\"wp-page\" data-elementor-id=\"40\" class=\"elementor elementor-40\">\n\t\t\t\t\t\t<section class=\"elementor-section elementor-top-section elementor-element elementor-element-56e58a91 elementor-section-boxed elementor-section-height-default elementor-section-height-default\" data-id=\"56e58a91\" data-element_type=\"section\" data-e-type=\"section\">\n\t\t\t\t\t\t<div class=\"elementor-container elementor-column-gap-default\">\n\t\t\t\t\t<div class=\"elementor-column elementor-col-100 elementor-top-column elementor-element elementor-element-7c004203\" data-id=\"7c004203\" data-element_type=\"column\" data-e-type=\"column\">\n\t\t\t<div class=\"elementor-widget-wrap elementor-element-populated\">\n\t\t\t\t\t\t<div class=\"elementor-element elementor-element-2aac27cc elementor-widget elementor-widget-text-editor\" data-id=\"2aac27cc\" data-element_type=\"widget\" data-e-type=\"widget\" data-widget_type=\"text-editor.default\">\n\t\t\t\t<div class=\"elementor-widget-container\">\n\t\t\t\t\t\t\t\t\t\n<p>The Kecskem\u00e9t Symphony Orchestra was founded in 1966 by musicians and music teachers from Kecskem\u00e9t and the surrounding area, on the initiative of conductor Lajos Nemesszeghy and oboe teacher J\u00e1nos Luk\u00e1cs, orchestra secretary. As the resident orchestra of the <a href=\"https:\/\/hirosagora.hu\/\" target=\"_blank\" rel=\"noopener\">H\u00edr\u00f6s Ag\u00f3ra cultural center<\/a>, it is the only symphonic ensemble in B\u00e1cs-Kiskun County, and the orchestra plays an important role in the cultural life of Kecskem\u00e9t and the region, as well as in nurturing Kod\u00e1ly&#8217;s musical traditions. The ensemble is a regular and popular participant of the festivals and events of the city, and distinguished performer of the symphonic works of Zolt\u00e1n Kod\u00e1ly. From August 2022, the orchestra\u2019s new artistic director is Huba Holl\u00f3k\u0151i.<\/p>\n\n<p>\u00a0<\/p>\n\n<p>Several internationally renowned conductors have already worked with the orchestra, including Ken Ichiro Kobayashi, \u00c1d\u00e1m Medveczky, M\u00e1ty\u00e1s Antal, P\u00e9ter Erdei, Tam\u00e1s V\u00e1s\u00e1ry, as well as world-class soloists, such as Annie Fischer, Andrea Rost, Vikt\u00f3ria Vizin, Erika Mikl\u00f3sa, Gy\u00f6ry Pauk, Sergei Nakariakov, Bal\u00e1zs F\u00fclei, Gergely Bog\u00e1nyi, Denis Matsuev and Zolt\u00e1n Kocsis. The Hungarian National Choir and the Kod\u00e1ly Choir of Debrecen are regular partners of the ensemble. The orchestra works in close collaboration with the Kod\u00e1ly Institute of the Liszt Ferenc University of Music.<\/p>\n\n<p>\u00a0<\/p>\n\n<p>In addition to classical, symphonic and opera repertoire, the orchestra is successful in many other genres. It has given several concerts with the Cs\u00edk Band, and performed with Adrien Szekeres, Katica Ill\u00e9nyi, the S\u00e1rik Jazz Trio, the animated film artist Ferenc Cak\u00f3, as well as the Kecskem\u00e9t City Ballet and the Kecskem\u00e9t Folk Dance Ensemble. The orchestra\u2019s annual film music concert held at the H\u00edr\u00f6s Festival attracts thousands of audiences to the main square of Kecskem\u00e9t.<\/p>\n\n<p>\u00a0<\/p>\n\n<p>The Kecskem\u00e9t Symphony Orchestra places great emphasis on nurturing musical talent of the young generation and promoting classical music for new audiences. The orchestra frequently performs with the outstandingly talented instrumental students of the Kod\u00e1ly School, providing an important boost in their careers. Launched in 2016, the \u201cThe Family is Listening\u201d concert series have by now made hundreds of toddlers, parents and grandparents familiar with classical music.<\/p>\n\n<p>\u00a0<\/p>\n\n<p>Over the years, fruitful partnerships have developed with many of Kecskem\u00e9t&#8217;s sister cities. In 2006, the ensemble gave a concert in Hyvink\u00e4\u00e4, Finland, in 2016 in T\u00e2rgu Mure\u015f, and in 2017, in honour of the Kod\u00e1ly Year, in Galanta. In 2018, the orchestra presented the works of \u00c1rp\u00e1d Solti in Subotica.<br \/>The Kecskem\u00e9t Symphony Orchestra has already released two albums, with Hungarian and Hungarian-related works from Ferenc Farkas, J\u00e1nos Vajda and P\u00e1l Kadosa and the Concerto by Zolt\u00e1n Kod\u00e1ly. The orchestra also starred in two films: \u201cCopying Beethoven\u201d and \u201cKincsem\u201d.<\/p>\n\n<p id=\"abouttheorchestra\"><br \/>The City of Kecskem\u00e9t awarded the ensemble the Zolt\u00e1n Kod\u00e1ly Prize in 2016.<\/p>\n\t\t\t\t\t\t\t\t<\/div>\n\t\t\t\t<\/div>\n\t\t\t\t\t<\/div>\n\t\t<\/div>\n\t\t\t\t\t<\/div>\n\t\t<\/section>\n\t\t\t\t<\/div>\n\t\t","protected":false},"excerpt":{"rendered":"<p>The Kecskem\u00e9t Symphony Orchestra was founded in 1966 by musicians and music teachers from Kecskem\u00e9t and the surrounding area, on the initiative of conductor Lajos Nemesszeghy and oboe teacher J\u00e1nos Luk\u00e1cs, orchestra secretary. As the resident orchestra of the H\u00edr\u00f6s Ag\u00f3ra cultural center, it is the only symphonic ensemble in B\u00e1cs-Kiskun County, and the orchestra &#8230; <a title=\"Kecskem\u00e9t Symphony Orchestra\" class=\"read-more\" href=\"https:\/\/kecskemetsymphony.com\/index.php\/en\/kecskemet-symphony-orchestra\/\" aria-label=\"Read more about Kecskem\u00e9t Symphony Orchestra\">Olvass tov\u00e1bb<\/a><\/p>\n","protected":false},"author":1,"featured_media":0,"parent":0,"menu_order":0,"comment_status":"closed","ping_status":"closed","template":"","meta":{"footnotes":""},"class_list":["post-40","page","type-page","status-publish"],"yoast_head":"<!-- This site is optimized with the Yoast SEO plugin v27.5 - https:\/\/yoast.com\/product\/yoast-seo-wordpress\/ -->\n<title>Kecskem\u00e9t Symphony Orchestra - Kecskem\u00e9ti Szimfonikus Zenekar<\/title>\n<meta name=\"robots\" content=\"index, follow, max-snippet:-1, max-image-preview:large, max-video-preview:-1\" \/>\n<link rel=\"canonical\" href=\"https:\/\/kecskemetsymphony.com\/index.php\/en\/kecskemet-symphony-orchestra\/\" \/>\n<meta property=\"og:locale\" content=\"hu_HU\" \/>\n<meta property=\"og:type\" content=\"article\" \/>\n<meta property=\"og:title\" content=\"Kecskem\u00e9t Symphony Orchestra - Kecskem\u00e9ti Szimfonikus Zenekar\" \/>\n<meta property=\"og:description\" content=\"The Kecskem\u00e9t Symphony Orchestra was founded in 1966 by musicians and music teachers from Kecskem\u00e9t and the surrounding area, on the initiative of conductor Lajos Nemesszeghy and oboe teacher J\u00e1nos Luk\u00e1cs, orchestra secretary. As the resident orchestra of the H\u00edr\u00f6s Ag\u00f3ra cultural center, it is the only symphonic ensemble in B\u00e1cs-Kiskun County, and the orchestra ... Olvass tov\u00e1bb\" \/>\n<meta property=\"og:url\" content=\"https:\/\/kecskemetsymphony.com\/index.php\/en\/kecskemet-symphony-orchestra\/\" \/>\n<meta property=\"og:site_name\" content=\"Kecskem\u00e9ti Szimfonikus Zenekar\" \/>\n<meta property=\"article:publisher\" content=\"https:\/\/www.facebook.com\/kecskemetiszimfonikuszenekar\" \/>\n<meta property=\"article:modified_time\" content=\"2022-12-08T21:31:40+00:00\" \/>\n<meta name=\"twitter:card\" content=\"summary_large_image\" \/>\n<meta name=\"twitter:label1\" content=\"Becs\u00fclt olvas\u00e1si id\u0151\" \/>\n\t<meta name=\"twitter:data1\" content=\"3 perc\" \/>\n<script type=\"application\/ld+json\" class=\"yoast-schema-graph\">{\"@context\":\"https:\\\/\\\/schema.org\",\"@graph\":[{\"@type\":\"WebPage\",\"@id\":\"https:\\\/\\\/kecskemetsymphony.com\\\/index.php\\\/en\\\/kecskemet-symphony-orchestra\\\/\",\"url\":\"https:\\\/\\\/kecskemetsymphony.com\\\/index.php\\\/en\\\/kecskemet-symphony-orchestra\\\/\",\"name\":\"Kecskem\u00e9t Symphony Orchestra - Kecskem\u00e9ti Szimfonikus Zenekar\",\"isPartOf\":{\"@id\":\"https:\\\/\\\/kecskemetsymphony.com\\\/#website\"},\"datePublished\":\"2022-04-26T09:25:42+00:00\",\"dateModified\":\"2022-12-08T21:31:40+00:00\",\"breadcrumb\":{\"@id\":\"https:\\\/\\\/kecskemetsymphony.com\\\/index.php\\\/en\\\/kecskemet-symphony-orchestra\\\/#breadcrumb\"},\"inLanguage\":\"hu\",\"potentialAction\":[{\"@type\":\"ReadAction\",\"target\":[\"https:\\\/\\\/kecskemetsymphony.com\\\/index.php\\\/en\\\/kecskemet-symphony-orchestra\\\/\"]}]},{\"@type\":\"BreadcrumbList\",\"@id\":\"https:\\\/\\\/kecskemetsymphony.com\\\/index.php\\\/en\\\/kecskemet-symphony-orchestra\\\/#breadcrumb\",\"itemListElement\":[{\"@type\":\"ListItem\",\"position\":1,\"name\":\"Home\",\"item\":\"https:\\\/\\\/kecskemetsymphony.com\\\/\"},{\"@type\":\"ListItem\",\"position\":2,\"name\":\"Kecskem\u00e9t Symphony Orchestra\"}]},{\"@type\":\"WebSite\",\"@id\":\"https:\\\/\\\/kecskemetsymphony.com\\\/#website\",\"url\":\"https:\\\/\\\/kecskemetsymphony.com\\\/\",\"name\":\"Kecskem\u00e9ti Szimfonikus Zenekar\",\"description\":\"Kecskem\u00e9ti Szimfonikus Zenekar honlapja\",\"publisher\":{\"@id\":\"https:\\\/\\\/kecskemetsymphony.com\\\/#organization\"},\"potentialAction\":[{\"@type\":\"SearchAction\",\"target\":{\"@type\":\"EntryPoint\",\"urlTemplate\":\"https:\\\/\\\/kecskemetsymphony.com\\\/?s={search_term_string}\"},\"query-input\":{\"@type\":\"PropertyValueSpecification\",\"valueRequired\":true,\"valueName\":\"search_term_string\"}}],\"inLanguage\":\"hu\"},{\"@type\":\"Organization\",\"@id\":\"https:\\\/\\\/kecskemetsymphony.com\\\/#organization\",\"name\":\"Kecskem\u00e9ti Szimfonikus Zenekar\",\"url\":\"https:\\\/\\\/kecskemetsymphony.com\\\/\",\"logo\":{\"@type\":\"ImageObject\",\"inLanguage\":\"hu\",\"@id\":\"https:\\\/\\\/kecskemetsymphony.com\\\/#\\\/schema\\\/logo\\\/image\\\/\",\"url\":\"https:\\\/\\\/kecskemetsymphony.com\\\/wp-content\\\/uploads\\\/2022\\\/04\\\/cropped-KS_BRAND_FB_PROFILE_1.jpg\",\"contentUrl\":\"https:\\\/\\\/kecskemetsymphony.com\\\/wp-content\\\/uploads\\\/2022\\\/04\\\/cropped-KS_BRAND_FB_PROFILE_1.jpg\",\"width\":480,\"height\":480,\"caption\":\"Kecskem\u00e9ti Szimfonikus Zenekar\"},\"image\":{\"@id\":\"https:\\\/\\\/kecskemetsymphony.com\\\/#\\\/schema\\\/logo\\\/image\\\/\"},\"sameAs\":[\"https:\\\/\\\/www.facebook.com\\\/kecskemetiszimfonikuszenekar\"]}]}<\/script>\n<!-- \/ Yoast SEO plugin. -->","yoast_head_json":{"title":"Kecskem\u00e9t Symphony Orchestra - Kecskem\u00e9ti Szimfonikus Zenekar","robots":{"index":"index","follow":"follow","max-snippet":"max-snippet:-1","max-image-preview":"max-image-preview:large","max-video-preview":"max-video-preview:-1"},"canonical":"https:\/\/kecskemetsymphony.com\/index.php\/en\/kecskemet-symphony-orchestra\/","og_locale":"hu_HU","og_type":"article","og_title":"Kecskem\u00e9t Symphony Orchestra - Kecskem\u00e9ti Szimfonikus Zenekar","og_description":"The Kecskem\u00e9t Symphony Orchestra was founded in 1966 by musicians and music teachers from Kecskem\u00e9t and the surrounding area, on the initiative of conductor Lajos Nemesszeghy and oboe teacher J\u00e1nos Luk\u00e1cs, orchestra secretary. As the resident orchestra of the H\u00edr\u00f6s Ag\u00f3ra cultural center, it is the only symphonic ensemble in B\u00e1cs-Kiskun County, and the orchestra ... Olvass tov\u00e1bb","og_url":"https:\/\/kecskemetsymphony.com\/index.php\/en\/kecskemet-symphony-orchestra\/","og_site_name":"Kecskem\u00e9ti Szimfonikus Zenekar","article_publisher":"https:\/\/www.facebook.com\/kecskemetiszimfonikuszenekar","article_modified_time":"2022-12-08T21:31:40+00:00","twitter_card":"summary_large_image","twitter_misc":{"Becs\u00fclt olvas\u00e1si id\u0151":"3 perc"},"schema":{"@context":"https:\/\/schema.org","@graph":[{"@type":"WebPage","@id":"https:\/\/kecskemetsymphony.com\/index.php\/en\/kecskemet-symphony-orchestra\/","url":"https:\/\/kecskemetsymphony.com\/index.php\/en\/kecskemet-symphony-orchestra\/","name":"Kecskem\u00e9t Symphony Orchestra - Kecskem\u00e9ti Szimfonikus Zenekar","isPartOf":{"@id":"https:\/\/kecskemetsymphony.com\/#website"},"datePublished":"2022-04-26T09:25:42+00:00","dateModified":"2022-12-08T21:31:40+00:00","breadcrumb":{"@id":"https:\/\/kecskemetsymphony.com\/index.php\/en\/kecskemet-symphony-orchestra\/#breadcrumb"},"inLanguage":"hu","potentialAction":[{"@type":"ReadAction","target":["https:\/\/kecskemetsymphony.com\/index.php\/en\/kecskemet-symphony-orchestra\/"]}]},{"@type":"BreadcrumbList","@id":"https:\/\/kecskemetsymphony.com\/index.php\/en\/kecskemet-symphony-orchestra\/#breadcrumb","itemListElement":[{"@type":"ListItem","position":1,"name":"Home","item":"https:\/\/kecskemetsymphony.com\/"},{"@type":"ListItem","position":2,"name":"Kecskem\u00e9t Symphony Orchestra"}]},{"@type":"WebSite","@id":"https:\/\/kecskemetsymphony.com\/#website","url":"https:\/\/kecskemetsymphony.com\/","name":"Kecskem\u00e9ti Szimfonikus Zenekar","description":"Kecskem\u00e9ti Szimfonikus Zenekar honlapja","publisher":{"@id":"https:\/\/kecskemetsymphony.com\/#organization"},"potentialAction":[{"@type":"SearchAction","target":{"@type":"EntryPoint","urlTemplate":"https:\/\/kecskemetsymphony.com\/?s={search_term_string}"},"query-input":{"@type":"PropertyValueSpecification","valueRequired":true,"valueName":"search_term_string"}}],"inLanguage":"hu"},{"@type":"Organization","@id":"https:\/\/kecskemetsymphony.com\/#organization","name":"Kecskem\u00e9ti Szimfonikus Zenekar","url":"https:\/\/kecskemetsymphony.com\/","logo":{"@type":"ImageObject","inLanguage":"hu","@id":"https:\/\/kecskemetsymphony.com\/#\/schema\/logo\/image\/","url":"https:\/\/kecskemetsymphony.com\/wp-content\/uploads\/2022\/04\/cropped-KS_BRAND_FB_PROFILE_1.jpg","contentUrl":"https:\/\/kecskemetsymphony.com\/wp-content\/uploads\/2022\/04\/cropped-KS_BRAND_FB_PROFILE_1.jpg","width":480,"height":480,"caption":"Kecskem\u00e9ti Szimfonikus Zenekar"},"image":{"@id":"https:\/\/kecskemetsymphony.com\/#\/schema\/logo\/image\/"},"sameAs":["https:\/\/www.facebook.com\/kecskemetiszimfonikuszenekar"]}]}},"_links":{"self":[{"href":"https:\/\/kecskemetsymphony.com\/index.php\/wp-json\/wp\/v2\/pages\/40","targetHints":{"allow":["GET"]}}],"collection":[{"href":"https:\/\/kecskemetsymphony.com\/index.php\/wp-json\/wp\/v2\/pages"}],"about":[{"href":"https:\/\/kecskemetsymphony.com\/index.php\/wp-json\/wp\/v2\/types\/page"}],"author":[{"embeddable":true,"href":"https:\/\/kecskemetsymphony.com\/index.php\/wp-json\/wp\/v2\/users\/1"}],"replies":[{"embeddable":true,"href":"https:\/\/kecskemetsymphony.com\/index.php\/wp-json\/wp\/v2\/comments?post=40"}],"version-history":[{"count":11,"href":"https:\/\/kecskemetsymphony.com\/index.php\/wp-json\/wp\/v2\/pages\/40\/revisions"}],"predecessor-version":[{"id":1526,"href":"https:\/\/kecskemetsymphony.com\/index.php\/wp-json\/wp\/v2\/pages\/40\/revisions\/1526"}],"wp:attachment":[{"href":"https:\/\/kecskemetsymphony.com\/index.php\/wp-json\/wp\/v2\/media?parent=40"}],"curies":[{"name":"wp","href":"https:\/\/api.w.org\/{rel}","templated":true}]}}