{"id":476,"date":"2022-07-27T15:01:47","date_gmt":"2022-07-27T15:01:47","guid":{"rendered":"https:\/\/kecskemetsymphony.com\/?page_id=476"},"modified":"2026-03-03T10:22:30","modified_gmt":"2026-03-03T10:22:30","slug":"fooldal-szerk-magyar","status":"publish","type":"page","link":"https:\/\/kecskemetsymphony.com\/index.php\/en\/fooldal-szerk-magyar\/","title":{"rendered":"f\u0151oldal szerk angol"},"content":{"rendered":"\t\t<div data-elementor-type=\"wp-page\" data-elementor-id=\"476\" class=\"elementor elementor-476\">\n\t\t\t\t\t\t<section class=\"elementor-section elementor-top-section elementor-element elementor-element-b68b304 elementor-section-height-min-height elementor-section-items-bottom elementor-section-content-middle elementor-section-boxed elementor-section-height-default\" data-id=\"b68b304\" data-element_type=\"section\" data-e-type=\"section\" data-settings=\"{&quot;background_background&quot;:&quot;slideshow&quot;,&quot;background_slideshow_gallery&quot;:[{&quot;id&quot;:2124,&quot;url&quot;:&quot;https:\\\/\\\/kecskemetsymphony.com\\\/wp-content\\\/uploads\\\/2023\\\/04\\\/Tavaszi12t.jpg&quot;},{&quot;id&quot;:1680,&quot;url&quot;:&quot;https:\\\/\\\/kecskemetsymphony.com\\\/wp-content\\\/uploads\\\/2023\\\/02\\\/Kodayl-Nyito-K.jpg&quot;},{&quot;id&quot;:1665,&quot;url&quot;:&quot;https:\\\/\\\/kecskemetsymphony.com\\\/wp-content\\\/uploads\\\/2023\\\/02\\\/Ottensamer.jpg&quot;},{&quot;id&quot;:1212,&quot;url&quot;:&quot;https:\\\/\\\/kecskemetsymphony.com\\\/wp-content\\\/uploads\\\/2022\\\/10\\\/Zenet-hallgat-a-csalad.jpg&quot;},{&quot;id&quot;:223,&quot;url&quot;:&quot;https:\\\/\\\/kecskemetsymphony.com\\\/wp-content\\\/uploads\\\/2022\\\/05\\\/3.png&quot;},{&quot;id&quot;:1209,&quot;url&quot;:&quot;https:\\\/\\\/kecskemetsymphony.com\\\/wp-content\\\/uploads\\\/2022\\\/10\\\/Jar-a-kezem-mini-kurzus-doc-1.jpg&quot;},{&quot;id&quot;:1210,&quot;url&quot;:&quot;https:\\\/\\\/kecskemetsymphony.com\\\/wp-content\\\/uploads\\\/2022\\\/10\\\/Concert-2.jpg&quot;},{&quot;id&quot;:1211,&quot;url&quot;:&quot;https:\\\/\\\/kecskemetsymphony.com\\\/wp-content\\\/uploads\\\/2022\\\/10\\\/Concert.jpg&quot;}],&quot;background_slideshow_ken_burns&quot;:&quot;yes&quot;,&quot;background_slideshow_ken_burns_zoom_direction&quot;:&quot;out&quot;,&quot;shape_divider_bottom&quot;:&quot;opacity-tilt&quot;,&quot;background_slideshow_loop&quot;:&quot;yes&quot;,&quot;background_slideshow_slide_duration&quot;:5000,&quot;background_slideshow_slide_transition&quot;:&quot;fade&quot;,&quot;background_slideshow_transition_duration&quot;:500}\">\n\t\t\t\t\t<div class=\"elementor-shape elementor-shape-bottom\" aria-hidden=\"true\" data-negative=\"false\">\n\t\t\t<svg xmlns=\"http:\/\/www.w3.org\/2000\/svg\" viewBox=\"0 0 2600 131.1\" preserveAspectRatio=\"none\">\n\t<path class=\"elementor-shape-fill\" d=\"M0 0L2600 0 2600 69.1 0 0z\"\/>\n\t<path class=\"elementor-shape-fill\" style=\"opacity:0.5\" d=\"M0 0L2600 0 2600 69.1 0 69.1z\"\/>\n\t<path class=\"elementor-shape-fill\" style=\"opacity:0.25\" d=\"M2600 0L0 0 0 130.1 2600 69.1z\"\/>\n<\/svg>\t\t<\/div>\n\t\t\t\t\t<div class=\"elementor-container elementor-column-gap-no\">\n\t\t\t\t\t<div class=\"elementor-column elementor-col-100 elementor-top-column elementor-element elementor-element-9917d7d\" data-id=\"9917d7d\" data-element_type=\"column\" data-e-type=\"column\">\n\t\t\t<div class=\"elementor-widget-wrap elementor-element-populated\">\n\t\t\t\t\t\t<section class=\"elementor-section elementor-inner-section elementor-element elementor-element-b2320b3 elementor-section-boxed elementor-section-height-default elementor-section-height-default\" data-id=\"b2320b3\" data-element_type=\"section\" data-e-type=\"section\">\n\t\t\t\t\t\t<div class=\"elementor-container elementor-column-gap-default\">\n\t\t\t\t\t<div class=\"elementor-column elementor-col-100 elementor-inner-column elementor-element elementor-element-a3b8411\" data-id=\"a3b8411\" data-element_type=\"column\" data-e-type=\"column\">\n\t\t\t<div class=\"elementor-widget-wrap\">\n\t\t\t\t\t\t\t<\/div>\n\t\t<\/div>\n\t\t\t\t\t<\/div>\n\t\t<\/section>\n\t\t\t\t\t<\/div>\n\t\t<\/div>\n\t\t\t\t\t<\/div>\n\t\t<\/section>\n\t\t\t\t<section class=\"elementor-section elementor-top-section elementor-element elementor-element-4704269 elementor-section-full_width elementor-section-height-default elementor-section-height-default\" data-id=\"4704269\" data-element_type=\"section\" data-e-type=\"section\">\n\t\t\t\t\t\t<div class=\"elementor-container elementor-column-gap-default\">\n\t\t\t\t\t<div class=\"elementor-column elementor-col-100 elementor-top-column elementor-element elementor-element-6ed015d\" data-id=\"6ed015d\" data-element_type=\"column\" data-e-type=\"column\">\n\t\t\t<div class=\"elementor-widget-wrap elementor-element-populated\">\n\t\t\t\t\t\t<section class=\"elementor-section elementor-inner-section elementor-element elementor-element-7f4efc9 elementor-section-boxed elementor-section-height-default elementor-section-height-default\" data-id=\"7f4efc9\" data-element_type=\"section\" data-e-type=\"section\">\n\t\t\t\t\t\t<div class=\"elementor-container elementor-column-gap-default\">\n\t\t\t\t\t<div class=\"elementor-column elementor-col-100 elementor-inner-column elementor-element elementor-element-7ef83f5\" data-id=\"7ef83f5\" data-element_type=\"column\" data-e-type=\"column\">\n\t\t\t<div class=\"elementor-widget-wrap elementor-element-populated\">\n\t\t\t\t\t\t<div class=\"elementor-element elementor-element-297730b elementor-widget elementor-widget-image\" data-id=\"297730b\" data-element_type=\"widget\" data-e-type=\"widget\" data-widget_type=\"image.default\">\n\t\t\t\t<div class=\"elementor-widget-container\">\n\t\t\t\t\t\t\t\t\t\t\t\t\t\t\t<img fetchpriority=\"high\" decoding=\"async\" width=\"1024\" height=\"576\" src=\"https:\/\/kecskemetsymphony.com\/wp-content\/uploads\/2026\/03\/banner-kso-60-koncert-1024x576.jpg\" class=\"attachment-large size-large wp-image-3622\" alt=\"\" srcset=\"https:\/\/kecskemetsymphony.com\/wp-content\/uploads\/2026\/03\/banner-kso-60-koncert-1024x576.jpg 1024w, https:\/\/kecskemetsymphony.com\/wp-content\/uploads\/2026\/03\/banner-kso-60-koncert-300x169.jpg 300w, https:\/\/kecskemetsymphony.com\/wp-content\/uploads\/2026\/03\/banner-kso-60-koncert-768x432.jpg 768w, https:\/\/kecskemetsymphony.com\/wp-content\/uploads\/2026\/03\/banner-kso-60-koncert-1536x864.jpg 1536w, https:\/\/kecskemetsymphony.com\/wp-content\/uploads\/2026\/03\/banner-kso-60-koncert.jpg 1920w\" sizes=\"(max-width: 1024px) 100vw, 1024px\" \/>\t\t\t\t\t\t\t\t\t\t\t\t\t\t\t<\/div>\n\t\t\t\t<\/div>\n\t\t\t\t<div class=\"elementor-element elementor-element-5f11ed7 elementor-widget elementor-widget-text-editor\" data-id=\"5f11ed7\" data-element_type=\"widget\" data-e-type=\"widget\" data-widget_type=\"text-editor.default\">\n\t\t\t\t<div class=\"elementor-widget-container\">\n\t\t\t\t\t\t\t\t\t<p><strong><a href=\"https:\/\/kecskemetsymphony.com\/index.php\/en\/conterts\/\">60 YEARS ANNIVERSARY CONCERT<\/a><\/strong><\/p>\t\t\t\t\t\t\t\t<\/div>\n\t\t\t\t<\/div>\n\t\t\t\t\t<\/div>\n\t\t<\/div>\n\t\t\t\t\t<\/div>\n\t\t<\/section>\n\t\t\t\t<div class=\"elementor-element elementor-element-7598bb6 elementor-widget-divider--view-line elementor-widget elementor-widget-divider\" data-id=\"7598bb6\" data-element_type=\"widget\" data-e-type=\"widget\" data-widget_type=\"divider.default\">\n\t\t\t\t<div class=\"elementor-widget-container\">\n\t\t\t\t\t\t\t<div class=\"elementor-divider\">\n\t\t\t<span class=\"elementor-divider-separator\">\n\t\t\t\t\t\t<\/span>\n\t\t<\/div>\n\t\t\t\t\t\t<\/div>\n\t\t\t\t<\/div>\n\t\t\t\t<div class=\"elementor-element elementor-element-f902092 elementor-widget elementor-widget-text-editor\" data-id=\"f902092\" data-element_type=\"widget\" data-e-type=\"widget\" data-widget_type=\"text-editor.default\">\n\t\t\t\t<div class=\"elementor-widget-container\">\n\t\t\t\t\t\t\t\t\t<h3>The Kecskem\u00e9t Symphony Orchestra was founded in 1966 by musicians and music teachers from Kecskem\u00e9t and the surrounding area, on the initiative of conductor Lajos Nemesszeghy and oboe teacher J\u00e1nos Luk\u00e1cs, orchestra secretary. As the only symphonic ensemble in B\u00e1cs-Kiskun County, the orchestra plays an important role in the cultural life of Kecskem\u00e9t and the region, as well as in nurturing Kod\u00e1ly\u2019s musical traditions. The ensemble is a regular and popular participant of the festivals and events of the city, and distinguished performer of the symphonic works of Zolt\u00e1n Kod\u00e1ly. <a href=\"https:\/\/kecskemetsymphony.com\/index.php\/en\/kecskemet-symphony-orchestra\/\">More&#8230;<\/a><\/h3>\t\t\t\t\t\t\t\t<\/div>\n\t\t\t\t<\/div>\n\t\t\t\t<div class=\"elementor-element elementor-element-1d0ba41 elementor-widget elementor-widget-image\" data-id=\"1d0ba41\" data-element_type=\"widget\" data-e-type=\"widget\" data-widget_type=\"image.default\">\n\t\t\t\t<div class=\"elementor-widget-container\">\n\t\t\t\t\t\t\t\t\t\t\t\t\t\t\t<img decoding=\"async\" width=\"1024\" height=\"681\" src=\"https:\/\/kecskemetsymphony.com\/wp-content\/uploads\/2022\/05\/1-1024x681.png\" class=\"attachment-large size-large wp-image-221\" alt=\"Carmina Burana, karmester: Hollerung G\u00e1bor\" srcset=\"https:\/\/kecskemetsymphony.com\/wp-content\/uploads\/2022\/05\/1-1024x681.png 1024w, https:\/\/kecskemetsymphony.com\/wp-content\/uploads\/2022\/05\/1-300x200.png 300w, https:\/\/kecskemetsymphony.com\/wp-content\/uploads\/2022\/05\/1-768x511.png 768w, https:\/\/kecskemetsymphony.com\/wp-content\/uploads\/2022\/05\/1-570x380.png 570w, https:\/\/kecskemetsymphony.com\/wp-content\/uploads\/2022\/05\/1-380x254.png 380w, https:\/\/kecskemetsymphony.com\/wp-content\/uploads\/2022\/05\/1-285x190.png 285w, https:\/\/kecskemetsymphony.com\/wp-content\/uploads\/2022\/05\/1.png 1335w\" sizes=\"(max-width: 1024px) 100vw, 1024px\" \/>\t\t\t\t\t\t\t\t\t\t\t\t\t\t\t<\/div>\n\t\t\t\t<\/div>\n\t\t\t\t<div class=\"elementor-element elementor-element-8d385e4 elementor-widget-divider--view-line elementor-widget elementor-widget-divider\" data-id=\"8d385e4\" data-element_type=\"widget\" data-e-type=\"widget\" data-widget_type=\"divider.default\">\n\t\t\t\t<div class=\"elementor-widget-container\">\n\t\t\t\t\t\t\t<div class=\"elementor-divider\">\n\t\t\t<span class=\"elementor-divider-separator\">\n\t\t\t\t\t\t<\/span>\n\t\t<\/div>\n\t\t\t\t\t\t<\/div>\n\t\t\t\t<\/div>\n\t\t\t\t\t<\/div>\n\t\t<\/div>\n\t\t\t\t\t<\/div>\n\t\t<\/section>\n\t\t\t\t<\/div>\n\t\t","protected":false},"excerpt":{"rendered":"<p>60 YEARS ANNIVERSARY CONCERT The Kecskem\u00e9t Symphony Orchestra was founded in 1966 by musicians and music teachers from Kecskem\u00e9t and the surrounding area, on the initiative of conductor Lajos Nemesszeghy and oboe teacher J\u00e1nos Luk\u00e1cs, orchestra secretary. As the only symphonic ensemble in B\u00e1cs-Kiskun County, the orchestra plays an important role in the cultural life &#8230; <a title=\"f\u0151oldal szerk angol\" class=\"read-more\" href=\"https:\/\/kecskemetsymphony.com\/index.php\/en\/fooldal-szerk-magyar\/\" aria-label=\"Read more about f\u0151oldal szerk angol\">Olvass tov\u00e1bb<\/a><\/p>\n","protected":false},"author":1,"featured_media":0,"parent":0,"menu_order":0,"comment_status":"closed","ping_status":"closed","template":"","meta":{"footnotes":""},"class_list":["post-476","page","type-page","status-publish"],"yoast_head":"<!-- This site is optimized with the Yoast SEO plugin v27.4 - https:\/\/yoast.com\/product\/yoast-seo-wordpress\/ -->\n<title>f\u0151oldal szerk angol - Kecskem\u00e9ti Szimfonikus Zenekar<\/title>\n<meta name=\"description\" content=\"Kecskem\u00e9ti Szimfonikus Zenekar hivatalos weboldala. H\u00edrek, inform\u00e1ci\u00f3k, koncertek, fesztiv\u00e1lok, fell\u00e9p\u0151k, a zenekar t\u00f6rt\u00e9nete.\" \/>\n<meta name=\"robots\" content=\"index, follow, max-snippet:-1, max-image-preview:large, max-video-preview:-1\" \/>\n<link rel=\"canonical\" href=\"https:\/\/kecskemetsymphony.com\/index.php\/en\/fooldal-szerk-magyar\/\" \/>\n<meta property=\"og:locale\" content=\"hu_HU\" \/>\n<meta property=\"og:type\" content=\"article\" \/>\n<meta property=\"og:title\" content=\"f\u0151oldal szerk angol - Kecskem\u00e9ti Szimfonikus Zenekar\" \/>\n<meta property=\"og:description\" content=\"Kecskem\u00e9ti Szimfonikus Zenekar hivatalos weboldala. H\u00edrek, inform\u00e1ci\u00f3k, koncertek, fesztiv\u00e1lok, fell\u00e9p\u0151k, a zenekar t\u00f6rt\u00e9nete.\" \/>\n<meta property=\"og:url\" content=\"https:\/\/kecskemetsymphony.com\/index.php\/en\/fooldal-szerk-magyar\/\" \/>\n<meta property=\"og:site_name\" content=\"Kecskem\u00e9ti Szimfonikus Zenekar\" \/>\n<meta property=\"article:publisher\" content=\"https:\/\/www.facebook.com\/kecskemetiszimfonikuszenekar\" \/>\n<meta property=\"article:modified_time\" content=\"2026-03-03T10:22:30+00:00\" \/>\n<meta property=\"og:image\" content=\"https:\/\/kecskemetsymphony.com\/wp-content\/uploads\/2026\/03\/banner-kso-60-koncert-1024x576.jpg\" \/>\n<meta name=\"twitter:card\" content=\"summary_large_image\" \/>\n<meta name=\"twitter:label1\" content=\"Becs\u00fclt olvas\u00e1si id\u0151\" \/>\n\t<meta name=\"twitter:data1\" content=\"1 perc\" \/>\n<script type=\"application\/ld+json\" class=\"yoast-schema-graph\">{\"@context\":\"https:\\\/\\\/schema.org\",\"@graph\":[{\"@type\":\"WebPage\",\"@id\":\"https:\\\/\\\/kecskemetsymphony.com\\\/index.php\\\/en\\\/fooldal-szerk-magyar\\\/\",\"url\":\"https:\\\/\\\/kecskemetsymphony.com\\\/index.php\\\/en\\\/fooldal-szerk-magyar\\\/\",\"name\":\"f\u0151oldal szerk angol - Kecskem\u00e9ti Szimfonikus Zenekar\",\"isPartOf\":{\"@id\":\"https:\\\/\\\/kecskemetsymphony.com\\\/#website\"},\"primaryImageOfPage\":{\"@id\":\"https:\\\/\\\/kecskemetsymphony.com\\\/index.php\\\/en\\\/fooldal-szerk-magyar\\\/#primaryimage\"},\"image\":{\"@id\":\"https:\\\/\\\/kecskemetsymphony.com\\\/index.php\\\/en\\\/fooldal-szerk-magyar\\\/#primaryimage\"},\"thumbnailUrl\":\"https:\\\/\\\/kecskemetsymphony.com\\\/wp-content\\\/uploads\\\/2026\\\/03\\\/banner-kso-60-koncert-1024x576.jpg\",\"datePublished\":\"2022-07-27T15:01:47+00:00\",\"dateModified\":\"2026-03-03T10:22:30+00:00\",\"description\":\"Kecskem\u00e9ti Szimfonikus Zenekar hivatalos weboldala. H\u00edrek, inform\u00e1ci\u00f3k, koncertek, fesztiv\u00e1lok, fell\u00e9p\u0151k, a zenekar t\u00f6rt\u00e9nete.\",\"breadcrumb\":{\"@id\":\"https:\\\/\\\/kecskemetsymphony.com\\\/index.php\\\/en\\\/fooldal-szerk-magyar\\\/#breadcrumb\"},\"inLanguage\":\"hu\",\"potentialAction\":[{\"@type\":\"ReadAction\",\"target\":[\"https:\\\/\\\/kecskemetsymphony.com\\\/index.php\\\/en\\\/fooldal-szerk-magyar\\\/\"]}]},{\"@type\":\"ImageObject\",\"inLanguage\":\"hu\",\"@id\":\"https:\\\/\\\/kecskemetsymphony.com\\\/index.php\\\/en\\\/fooldal-szerk-magyar\\\/#primaryimage\",\"url\":\"https:\\\/\\\/kecskemetsymphony.com\\\/wp-content\\\/uploads\\\/2026\\\/03\\\/banner-kso-60-koncert.jpg\",\"contentUrl\":\"https:\\\/\\\/kecskemetsymphony.com\\\/wp-content\\\/uploads\\\/2026\\\/03\\\/banner-kso-60-koncert.jpg\",\"width\":1920,\"height\":1080},{\"@type\":\"BreadcrumbList\",\"@id\":\"https:\\\/\\\/kecskemetsymphony.com\\\/index.php\\\/en\\\/fooldal-szerk-magyar\\\/#breadcrumb\",\"itemListElement\":[{\"@type\":\"ListItem\",\"position\":1,\"name\":\"Home\",\"item\":\"https:\\\/\\\/kecskemetsymphony.com\\\/\"},{\"@type\":\"ListItem\",\"position\":2,\"name\":\"f\u0151oldal szerk angol\"}]},{\"@type\":\"WebSite\",\"@id\":\"https:\\\/\\\/kecskemetsymphony.com\\\/#website\",\"url\":\"https:\\\/\\\/kecskemetsymphony.com\\\/\",\"name\":\"Kecskem\u00e9ti Szimfonikus Zenekar\",\"description\":\"Kecskem\u00e9ti Szimfonikus Zenekar honlapja\",\"publisher\":{\"@id\":\"https:\\\/\\\/kecskemetsymphony.com\\\/#organization\"},\"potentialAction\":[{\"@type\":\"SearchAction\",\"target\":{\"@type\":\"EntryPoint\",\"urlTemplate\":\"https:\\\/\\\/kecskemetsymphony.com\\\/?s={search_term_string}\"},\"query-input\":{\"@type\":\"PropertyValueSpecification\",\"valueRequired\":true,\"valueName\":\"search_term_string\"}}],\"inLanguage\":\"hu\"},{\"@type\":\"Organization\",\"@id\":\"https:\\\/\\\/kecskemetsymphony.com\\\/#organization\",\"name\":\"Kecskem\u00e9ti Szimfonikus Zenekar\",\"url\":\"https:\\\/\\\/kecskemetsymphony.com\\\/\",\"logo\":{\"@type\":\"ImageObject\",\"inLanguage\":\"hu\",\"@id\":\"https:\\\/\\\/kecskemetsymphony.com\\\/#\\\/schema\\\/logo\\\/image\\\/\",\"url\":\"https:\\\/\\\/kecskemetsymphony.com\\\/wp-content\\\/uploads\\\/2022\\\/04\\\/cropped-KS_BRAND_FB_PROFILE_1.jpg\",\"contentUrl\":\"https:\\\/\\\/kecskemetsymphony.com\\\/wp-content\\\/uploads\\\/2022\\\/04\\\/cropped-KS_BRAND_FB_PROFILE_1.jpg\",\"width\":480,\"height\":480,\"caption\":\"Kecskem\u00e9ti Szimfonikus Zenekar\"},\"image\":{\"@id\":\"https:\\\/\\\/kecskemetsymphony.com\\\/#\\\/schema\\\/logo\\\/image\\\/\"},\"sameAs\":[\"https:\\\/\\\/www.facebook.com\\\/kecskemetiszimfonikuszenekar\"]}]}<\/script>\n<!-- \/ Yoast SEO plugin. -->","yoast_head_json":{"title":"f\u0151oldal szerk angol - Kecskem\u00e9ti Szimfonikus Zenekar","description":"Kecskem\u00e9ti Szimfonikus Zenekar hivatalos weboldala. H\u00edrek, inform\u00e1ci\u00f3k, koncertek, fesztiv\u00e1lok, fell\u00e9p\u0151k, a zenekar t\u00f6rt\u00e9nete.","robots":{"index":"index","follow":"follow","max-snippet":"max-snippet:-1","max-image-preview":"max-image-preview:large","max-video-preview":"max-video-preview:-1"},"canonical":"https:\/\/kecskemetsymphony.com\/index.php\/en\/fooldal-szerk-magyar\/","og_locale":"hu_HU","og_type":"article","og_title":"f\u0151oldal szerk angol - Kecskem\u00e9ti Szimfonikus Zenekar","og_description":"Kecskem\u00e9ti Szimfonikus Zenekar hivatalos weboldala. H\u00edrek, inform\u00e1ci\u00f3k, koncertek, fesztiv\u00e1lok, fell\u00e9p\u0151k, a zenekar t\u00f6rt\u00e9nete.","og_url":"https:\/\/kecskemetsymphony.com\/index.php\/en\/fooldal-szerk-magyar\/","og_site_name":"Kecskem\u00e9ti Szimfonikus Zenekar","article_publisher":"https:\/\/www.facebook.com\/kecskemetiszimfonikuszenekar","article_modified_time":"2026-03-03T10:22:30+00:00","og_image":[{"url":"https:\/\/kecskemetsymphony.com\/wp-content\/uploads\/2026\/03\/banner-kso-60-koncert-1024x576.jpg","type":"","width":"","height":""}],"twitter_card":"summary_large_image","twitter_misc":{"Becs\u00fclt olvas\u00e1si id\u0151":"1 perc"},"schema":{"@context":"https:\/\/schema.org","@graph":[{"@type":"WebPage","@id":"https:\/\/kecskemetsymphony.com\/index.php\/en\/fooldal-szerk-magyar\/","url":"https:\/\/kecskemetsymphony.com\/index.php\/en\/fooldal-szerk-magyar\/","name":"f\u0151oldal szerk angol - Kecskem\u00e9ti Szimfonikus Zenekar","isPartOf":{"@id":"https:\/\/kecskemetsymphony.com\/#website"},"primaryImageOfPage":{"@id":"https:\/\/kecskemetsymphony.com\/index.php\/en\/fooldal-szerk-magyar\/#primaryimage"},"image":{"@id":"https:\/\/kecskemetsymphony.com\/index.php\/en\/fooldal-szerk-magyar\/#primaryimage"},"thumbnailUrl":"https:\/\/kecskemetsymphony.com\/wp-content\/uploads\/2026\/03\/banner-kso-60-koncert-1024x576.jpg","datePublished":"2022-07-27T15:01:47+00:00","dateModified":"2026-03-03T10:22:30+00:00","description":"Kecskem\u00e9ti Szimfonikus Zenekar hivatalos weboldala. H\u00edrek, inform\u00e1ci\u00f3k, koncertek, fesztiv\u00e1lok, fell\u00e9p\u0151k, a zenekar t\u00f6rt\u00e9nete.","breadcrumb":{"@id":"https:\/\/kecskemetsymphony.com\/index.php\/en\/fooldal-szerk-magyar\/#breadcrumb"},"inLanguage":"hu","potentialAction":[{"@type":"ReadAction","target":["https:\/\/kecskemetsymphony.com\/index.php\/en\/fooldal-szerk-magyar\/"]}]},{"@type":"ImageObject","inLanguage":"hu","@id":"https:\/\/kecskemetsymphony.com\/index.php\/en\/fooldal-szerk-magyar\/#primaryimage","url":"https:\/\/kecskemetsymphony.com\/wp-content\/uploads\/2026\/03\/banner-kso-60-koncert.jpg","contentUrl":"https:\/\/kecskemetsymphony.com\/wp-content\/uploads\/2026\/03\/banner-kso-60-koncert.jpg","width":1920,"height":1080},{"@type":"BreadcrumbList","@id":"https:\/\/kecskemetsymphony.com\/index.php\/en\/fooldal-szerk-magyar\/#breadcrumb","itemListElement":[{"@type":"ListItem","position":1,"name":"Home","item":"https:\/\/kecskemetsymphony.com\/"},{"@type":"ListItem","position":2,"name":"f\u0151oldal szerk angol"}]},{"@type":"WebSite","@id":"https:\/\/kecskemetsymphony.com\/#website","url":"https:\/\/kecskemetsymphony.com\/","name":"Kecskem\u00e9ti Szimfonikus Zenekar","description":"Kecskem\u00e9ti Szimfonikus Zenekar honlapja","publisher":{"@id":"https:\/\/kecskemetsymphony.com\/#organization"},"potentialAction":[{"@type":"SearchAction","target":{"@type":"EntryPoint","urlTemplate":"https:\/\/kecskemetsymphony.com\/?s={search_term_string}"},"query-input":{"@type":"PropertyValueSpecification","valueRequired":true,"valueName":"search_term_string"}}],"inLanguage":"hu"},{"@type":"Organization","@id":"https:\/\/kecskemetsymphony.com\/#organization","name":"Kecskem\u00e9ti Szimfonikus Zenekar","url":"https:\/\/kecskemetsymphony.com\/","logo":{"@type":"ImageObject","inLanguage":"hu","@id":"https:\/\/kecskemetsymphony.com\/#\/schema\/logo\/image\/","url":"https:\/\/kecskemetsymphony.com\/wp-content\/uploads\/2022\/04\/cropped-KS_BRAND_FB_PROFILE_1.jpg","contentUrl":"https:\/\/kecskemetsymphony.com\/wp-content\/uploads\/2022\/04\/cropped-KS_BRAND_FB_PROFILE_1.jpg","width":480,"height":480,"caption":"Kecskem\u00e9ti Szimfonikus Zenekar"},"image":{"@id":"https:\/\/kecskemetsymphony.com\/#\/schema\/logo\/image\/"},"sameAs":["https:\/\/www.facebook.com\/kecskemetiszimfonikuszenekar"]}]}},"_links":{"self":[{"href":"https:\/\/kecskemetsymphony.com\/index.php\/wp-json\/wp\/v2\/pages\/476","targetHints":{"allow":["GET"]}}],"collection":[{"href":"https:\/\/kecskemetsymphony.com\/index.php\/wp-json\/wp\/v2\/pages"}],"about":[{"href":"https:\/\/kecskemetsymphony.com\/index.php\/wp-json\/wp\/v2\/types\/page"}],"author":[{"embeddable":true,"href":"https:\/\/kecskemetsymphony.com\/index.php\/wp-json\/wp\/v2\/users\/1"}],"replies":[{"embeddable":true,"href":"https:\/\/kecskemetsymphony.com\/index.php\/wp-json\/wp\/v2\/comments?post=476"}],"version-history":[{"count":112,"href":"https:\/\/kecskemetsymphony.com\/index.php\/wp-json\/wp\/v2\/pages\/476\/revisions"}],"predecessor-version":[{"id":3631,"href":"https:\/\/kecskemetsymphony.com\/index.php\/wp-json\/wp\/v2\/pages\/476\/revisions\/3631"}],"wp:attachment":[{"href":"https:\/\/kecskemetsymphony.com\/index.php\/wp-json\/wp\/v2\/media?parent=476"}],"curies":[{"name":"wp","href":"https:\/\/api.w.org\/{rel}","templated":true}]}}