{"id":539,"date":"2022-07-28T08:49:32","date_gmt":"2022-07-28T08:49:32","guid":{"rendered":"https:\/\/kecskemetsymphony.com\/?page_id=539"},"modified":"2026-04-03T06:43:03","modified_gmt":"2026-04-03T06:43:03","slug":"fooldal-magyar","status":"publish","type":"page","link":"https:\/\/kecskemetsymphony.com\/","title":{"rendered":"f\u0151oldal magyar"},"content":{"rendered":"\t\t<div data-elementor-type=\"wp-page\" data-elementor-id=\"539\" class=\"elementor elementor-539\">\n\t\t\t\t\t\t<section class=\"elementor-section elementor-top-section elementor-element elementor-element-626c647 elementor-section-height-min-height elementor-section-items-bottom elementor-section-content-middle elementor-section-boxed elementor-section-height-default\" data-id=\"626c647\" data-element_type=\"section\" data-e-type=\"section\" data-settings=\"{&quot;background_background&quot;:&quot;slideshow&quot;,&quot;background_slideshow_gallery&quot;:[{&quot;id&quot;:2431,&quot;url&quot;:&quot;https:\\\/\\\/kecskemetsymphony.com\\\/wp-content\\\/uploads\\\/2023\\\/09\\\/korusvarazs-18t-1-scaled.jpg&quot;},{&quot;id&quot;:1665,&quot;url&quot;:&quot;https:\\\/\\\/kecskemetsymphony.com\\\/wp-content\\\/uploads\\\/2023\\\/02\\\/Ottensamer.jpg&quot;},{&quot;id&quot;:2432,&quot;url&quot;:&quot;https:\\\/\\\/kecskemetsymphony.com\\\/wp-content\\\/uploads\\\/2023\\\/09\\\/korusvarazs-1t-scaled.jpg&quot;},{&quot;id&quot;:2429,&quot;url&quot;:&quot;https:\\\/\\\/kecskemetsymphony.com\\\/wp-content\\\/uploads\\\/2023\\\/09\\\/DSC_7762.jpg&quot;},{&quot;id&quot;:1212,&quot;url&quot;:&quot;https:\\\/\\\/kecskemetsymphony.com\\\/wp-content\\\/uploads\\\/2022\\\/10\\\/Zenet-hallgat-a-csalad.jpg&quot;},{&quot;id&quot;:1209,&quot;url&quot;:&quot;https:\\\/\\\/kecskemetsymphony.com\\\/wp-content\\\/uploads\\\/2022\\\/10\\\/Jar-a-kezem-mini-kurzus-doc-1.jpg&quot;},{&quot;id&quot;:1210,&quot;url&quot;:&quot;https:\\\/\\\/kecskemetsymphony.com\\\/wp-content\\\/uploads\\\/2022\\\/10\\\/Concert-2.jpg&quot;},{&quot;id&quot;:1211,&quot;url&quot;:&quot;https:\\\/\\\/kecskemetsymphony.com\\\/wp-content\\\/uploads\\\/2022\\\/10\\\/Concert.jpg&quot;},{&quot;id&quot;:2840,&quot;url&quot;:&quot;https:\\\/\\\/kecskemetsymphony.com\\\/wp-content\\\/uploads\\\/2024\\\/05\\\/Holst-Planets-Leo-McFall.jpg&quot;}],&quot;background_slideshow_ken_burns&quot;:&quot;yes&quot;,&quot;background_slideshow_ken_burns_zoom_direction&quot;:&quot;out&quot;,&quot;shape_divider_bottom&quot;:&quot;opacity-tilt&quot;,&quot;background_slideshow_loop&quot;:&quot;yes&quot;,&quot;background_slideshow_slide_duration&quot;:5000,&quot;background_slideshow_slide_transition&quot;:&quot;fade&quot;,&quot;background_slideshow_transition_duration&quot;:500}\">\n\t\t\t\t\t<div class=\"elementor-shape elementor-shape-bottom\" aria-hidden=\"true\" data-negative=\"false\">\n\t\t\t<svg xmlns=\"http:\/\/www.w3.org\/2000\/svg\" viewBox=\"0 0 2600 131.1\" preserveAspectRatio=\"none\">\n\t<path class=\"elementor-shape-fill\" d=\"M0 0L2600 0 2600 69.1 0 0z\"\/>\n\t<path class=\"elementor-shape-fill\" style=\"opacity:0.5\" d=\"M0 0L2600 0 2600 69.1 0 69.1z\"\/>\n\t<path class=\"elementor-shape-fill\" style=\"opacity:0.25\" d=\"M2600 0L0 0 0 130.1 2600 69.1z\"\/>\n<\/svg>\t\t<\/div>\n\t\t\t\t\t<div class=\"elementor-container elementor-column-gap-no\">\n\t\t\t\t\t<div class=\"elementor-column elementor-col-100 elementor-top-column elementor-element elementor-element-82d14c8\" data-id=\"82d14c8\" data-element_type=\"column\" data-e-type=\"column\">\n\t\t\t<div class=\"elementor-widget-wrap\">\n\t\t\t\t\t\t\t<\/div>\n\t\t<\/div>\n\t\t\t\t\t<\/div>\n\t\t<\/section>\n\t\t\t\t<section class=\"elementor-section elementor-top-section elementor-element elementor-element-47fe096 elementor-section-full_width elementor-section-height-default elementor-section-height-default\" data-id=\"47fe096\" data-element_type=\"section\" data-e-type=\"section\">\n\t\t\t\t\t\t<div class=\"elementor-container elementor-column-gap-default\">\n\t\t\t\t\t<div class=\"elementor-column elementor-col-33 elementor-top-column elementor-element elementor-element-6831d5e\" data-id=\"6831d5e\" data-element_type=\"column\" data-e-type=\"column\">\n\t\t\t<div class=\"elementor-widget-wrap elementor-element-populated\">\n\t\t\t\t\t\t<div class=\"elementor-element elementor-element-dc6479c elementor-position-top elementor-widget elementor-widget-image-box\" data-id=\"dc6479c\" data-element_type=\"widget\" data-e-type=\"widget\" data-widget_type=\"image-box.default\">\n\t\t\t\t<div class=\"elementor-widget-container\">\n\t\t\t\t\t<div class=\"elementor-image-box-wrapper\"><figure class=\"elementor-image-box-img\"><a href=\"\" tabindex=\"-1\"><img fetchpriority=\"high\" decoding=\"async\" width=\"1024\" height=\"536\" src=\"https:\/\/kecskemetsymphony.com\/wp-content\/uploads\/2026\/03\/HA_Zenet-hallgat-2026foldk-fb-1024x536.jpg\" class=\"attachment-large size-large wp-image-3646\" alt=\"\" srcset=\"https:\/\/kecskemetsymphony.com\/wp-content\/uploads\/2026\/03\/HA_Zenet-hallgat-2026foldk-fb-1024x536.jpg 1024w, https:\/\/kecskemetsymphony.com\/wp-content\/uploads\/2026\/03\/HA_Zenet-hallgat-2026foldk-fb-300x157.jpg 300w, https:\/\/kecskemetsymphony.com\/wp-content\/uploads\/2026\/03\/HA_Zenet-hallgat-2026foldk-fb-768x402.jpg 768w, https:\/\/kecskemetsymphony.com\/wp-content\/uploads\/2026\/03\/HA_Zenet-hallgat-2026foldk-fb.jpg 1200w\" sizes=\"(max-width: 1024px) 100vw, 1024px\" \/><\/a><\/figure><div class=\"elementor-image-box-content\"><h3 class=\"elementor-image-box-title\"><a href=\"\">Zen\u00e9t Hallgat a Csal\u00e1d<\/a><\/h3><p class=\"elementor-image-box-description\">HA Otthon Mozi, Kecskem\u00e9t<\/p><\/div><\/div>\t\t\t\t<\/div>\n\t\t\t\t<\/div>\n\t\t\t\t<div class=\"elementor-element elementor-element-e9bfd8e elementor-widget-divider--view-line elementor-widget elementor-widget-divider\" data-id=\"e9bfd8e\" data-element_type=\"widget\" data-e-type=\"widget\" data-widget_type=\"divider.default\">\n\t\t\t\t<div class=\"elementor-widget-container\">\n\t\t\t\t\t\t\t<div class=\"elementor-divider\">\n\t\t\t<span class=\"elementor-divider-separator\">\n\t\t\t\t\t\t<\/span>\n\t\t<\/div>\n\t\t\t\t\t\t<\/div>\n\t\t\t\t<\/div>\n\t\t\t\t\t<\/div>\n\t\t<\/div>\n\t\t\t\t<div class=\"elementor-column elementor-col-33 elementor-top-column elementor-element elementor-element-b5ee928\" data-id=\"b5ee928\" data-element_type=\"column\" data-e-type=\"column\">\n\t\t\t<div class=\"elementor-widget-wrap elementor-element-populated\">\n\t\t\t\t\t\t<div class=\"elementor-element elementor-element-66d94c7 elementor-position-top elementor-widget elementor-widget-image-box\" data-id=\"66d94c7\" data-element_type=\"widget\" data-e-type=\"widget\" data-widget_type=\"image-box.default\">\n\t\t\t\t<div class=\"elementor-widget-container\">\n\t\t\t\t\t<div class=\"elementor-image-box-wrapper\"><figure class=\"elementor-image-box-img\"><a href=\"https:\/\/kecskemetsymphony.com\/index.php\/koncertek\/\" tabindex=\"-1\"><img decoding=\"async\" width=\"1024\" height=\"536\" src=\"https:\/\/kecskemetsymphony.com\/wp-content\/uploads\/2026\/04\/HA_Virtuozok26_fb-1024x536.jpg\" class=\"attachment-large size-large wp-image-3702\" alt=\"\" srcset=\"https:\/\/kecskemetsymphony.com\/wp-content\/uploads\/2026\/04\/HA_Virtuozok26_fb-1024x536.jpg 1024w, https:\/\/kecskemetsymphony.com\/wp-content\/uploads\/2026\/04\/HA_Virtuozok26_fb-300x157.jpg 300w, https:\/\/kecskemetsymphony.com\/wp-content\/uploads\/2026\/04\/HA_Virtuozok26_fb-768x402.jpg 768w, https:\/\/kecskemetsymphony.com\/wp-content\/uploads\/2026\/04\/HA_Virtuozok26_fb.jpg 1200w\" sizes=\"(max-width: 1024px) 100vw, 1024px\" \/><\/a><\/figure><div class=\"elementor-image-box-content\"><h3 class=\"elementor-image-box-title\"><a href=\"https:\/\/kecskemetsymphony.com\/index.php\/koncertek\/\">Fiatal Virtu\u00f3zok<\/a><\/h3><p class=\"elementor-image-box-description\">Kecskem\u00e9ti H\u00edr\u00f6s Ag\u00f3ra<\/p><\/div><\/div>\t\t\t\t<\/div>\n\t\t\t\t<\/div>\n\t\t\t\t<div class=\"elementor-element elementor-element-f0ddba4 elementor-widget-divider--view-line elementor-widget elementor-widget-divider\" data-id=\"f0ddba4\" data-element_type=\"widget\" data-e-type=\"widget\" data-widget_type=\"divider.default\">\n\t\t\t\t<div class=\"elementor-widget-container\">\n\t\t\t\t\t\t\t<div class=\"elementor-divider\">\n\t\t\t<span class=\"elementor-divider-separator\">\n\t\t\t\t\t\t<\/span>\n\t\t<\/div>\n\t\t\t\t\t\t<\/div>\n\t\t\t\t<\/div>\n\t\t\t\t\t<\/div>\n\t\t<\/div>\n\t\t\t\t<div class=\"elementor-column elementor-col-33 elementor-top-column elementor-element elementor-element-e5b55ef\" data-id=\"e5b55ef\" data-element_type=\"column\" data-e-type=\"column\">\n\t\t\t<div class=\"elementor-widget-wrap elementor-element-populated\">\n\t\t\t\t\t\t<div class=\"elementor-element elementor-element-62dd795 elementor-position-top elementor-widget elementor-widget-image-box\" data-id=\"62dd795\" data-element_type=\"widget\" data-e-type=\"widget\" data-widget_type=\"image-box.default\">\n\t\t\t\t<div class=\"elementor-widget-container\">\n\t\t\t\t\t<div class=\"elementor-image-box-wrapper\"><figure class=\"elementor-image-box-img\"><a href=\"https:\/\/kecskemetsymphony.com\/index.php\/barokk-berlet-2025-26\/\" tabindex=\"-1\"><img decoding=\"async\" width=\"1024\" height=\"536\" src=\"https:\/\/kecskemetsymphony.com\/wp-content\/uploads\/2026\/02\/HA_Barokk-berlet-26febr-fb-1024x536.jpg\" class=\"attachment-large size-large wp-image-3594\" alt=\"\" srcset=\"https:\/\/kecskemetsymphony.com\/wp-content\/uploads\/2026\/02\/HA_Barokk-berlet-26febr-fb-1024x536.jpg 1024w, https:\/\/kecskemetsymphony.com\/wp-content\/uploads\/2026\/02\/HA_Barokk-berlet-26febr-fb-300x157.jpg 300w, https:\/\/kecskemetsymphony.com\/wp-content\/uploads\/2026\/02\/HA_Barokk-berlet-26febr-fb-768x402.jpg 768w, https:\/\/kecskemetsymphony.com\/wp-content\/uploads\/2026\/02\/HA_Barokk-berlet-26febr-fb.jpg 1200w\" sizes=\"(max-width: 1024px) 100vw, 1024px\" \/><\/a><\/figure><div class=\"elementor-image-box-content\"><h3 class=\"elementor-image-box-title\"><a href=\"https:\/\/kecskemetsymphony.com\/index.php\/barokk-berlet-2025-26\/\">Barokk b\u00e9rlet 2025\/26<\/a><\/h3><p class=\"elementor-image-box-description\">Evang\u00e9likus Templom, Kecskem\u00e9t<\/p><\/div><\/div>\t\t\t\t<\/div>\n\t\t\t\t<\/div>\n\t\t\t\t<div class=\"elementor-element elementor-element-68edb9d elementor-widget-divider--view-line elementor-widget elementor-widget-divider\" data-id=\"68edb9d\" data-element_type=\"widget\" data-e-type=\"widget\" data-widget_type=\"divider.default\">\n\t\t\t\t<div class=\"elementor-widget-container\">\n\t\t\t\t\t\t\t<div class=\"elementor-divider\">\n\t\t\t<span class=\"elementor-divider-separator\">\n\t\t\t\t\t\t<\/span>\n\t\t<\/div>\n\t\t\t\t\t\t<\/div>\n\t\t\t\t<\/div>\n\t\t\t\t\t<\/div>\n\t\t<\/div>\n\t\t\t\t\t<\/div>\n\t\t<\/section>\n\t\t<div class=\"elementor-element elementor-element-83e2e2a e-flex e-con-boxed e-con e-parent\" data-id=\"83e2e2a\" data-element_type=\"container\" data-e-type=\"container\">\n\t\t\t\t\t<div class=\"e-con-inner\">\n\t\t\t\t<div class=\"elementor-element elementor-element-0238577 elementor-widget elementor-widget-text-editor\" data-id=\"0238577\" data-element_type=\"widget\" data-e-type=\"widget\" data-widget_type=\"text-editor.default\">\n\t\t\t\t<div class=\"elementor-widget-container\">\n\t\t\t\t\t\t\t\t\t<h3>A <a href=\"https:\/\/hirosagora.hu\/\" target=\"_blank\" rel=\"noopener\">H\u00edr\u00f6s Ag\u00f3ra Kultur\u00e1lis \u00e9s Ifj\u00fas\u00e1gi K\u00f6zpont<\/a> fenntart\u00e1s\u00e1ban m\u0171k\u00f6d\u0151 Kecskem\u00e9ti Szimfonikus Zenekar B\u00e1cs-Kiskun v\u00e1rmegye egyetlen szimfonikus egy\u00fcttesek\u00e9nt fontos szerepet t\u00f6lt be Kecskem\u00e9t \u00e9s a r\u00e9gi\u00f3 kultur\u00e1lis \u00e9let\u00e9ben. Az egy\u00fcttes 1966-\u00f3ta \u00e1lland\u00f3 \u00e9s n\u00e9pszer\u0171 r\u00e9sztvev\u0151je a \u201eh\u00edr\u00f6s\u201d v\u00e1ros fesztiv\u00e1ljainak, jeles alkalmainak; Kod\u00e1ly Zolt\u00e1n m\u0171veinek avatott megsz\u00f3laltat\u00f3ja. <strong><a href=\"https:\/\/kecskemetsymphony.com\/index.php\/kecskemeti-szimfonikus-zenekar\/\">Tov\u00e1bb&#8230;<\/a><\/strong><\/h3>\t\t\t\t\t\t\t\t<\/div>\n\t\t\t\t<\/div>\n\t\t\t\t<div class=\"elementor-element elementor-element-f207c46 elementor-widget elementor-widget-image\" data-id=\"f207c46\" data-element_type=\"widget\" data-e-type=\"widget\" data-widget_type=\"image.default\">\n\t\t\t\t<div class=\"elementor-widget-container\">\n\t\t\t\t\t\t\t\t\t\t\t\t\t\t\t<img loading=\"lazy\" decoding=\"async\" width=\"1024\" height=\"681\" src=\"https:\/\/kecskemetsymphony.com\/wp-content\/uploads\/2023\/02\/Kodayl-Nyito-K-1024x681.jpg\" class=\"attachment-large size-large wp-image-1680\" alt=\"\" srcset=\"https:\/\/kecskemetsymphony.com\/wp-content\/uploads\/2023\/02\/Kodayl-Nyito-K-1024x681.jpg 1024w, https:\/\/kecskemetsymphony.com\/wp-content\/uploads\/2023\/02\/Kodayl-Nyito-K-300x200.jpg 300w, https:\/\/kecskemetsymphony.com\/wp-content\/uploads\/2023\/02\/Kodayl-Nyito-K-768x511.jpg 768w, https:\/\/kecskemetsymphony.com\/wp-content\/uploads\/2023\/02\/Kodayl-Nyito-K-1536x1022.jpg 1536w, https:\/\/kecskemetsymphony.com\/wp-content\/uploads\/2023\/02\/Kodayl-Nyito-K-2048x1363.jpg 2048w\" sizes=\"(max-width: 1024px) 100vw, 1024px\" \/>\t\t\t\t\t\t\t\t\t\t\t\t\t\t\t<\/div>\n\t\t\t\t<\/div>\n\t\t\t\t\t<\/div>\n\t\t\t\t<\/div>\n\t\t\t\t<\/div>\n\t\t","protected":false},"excerpt":{"rendered":"<p>Zen\u00e9t Hallgat a Csal\u00e1d HA Otthon Mozi, Kecskem\u00e9t Fiatal Virtu\u00f3zok Kecskem\u00e9ti H\u00edr\u00f6s Ag\u00f3ra Barokk b\u00e9rlet 2025\/26 Evang\u00e9likus Templom, Kecskem\u00e9t A H\u00edr\u00f6s Ag\u00f3ra Kultur\u00e1lis \u00e9s Ifj\u00fas\u00e1gi K\u00f6zpont fenntart\u00e1s\u00e1ban m\u0171k\u00f6d\u0151 Kecskem\u00e9ti Szimfonikus Zenekar B\u00e1cs-Kiskun v\u00e1rmegye egyetlen szimfonikus egy\u00fcttesek\u00e9nt fontos szerepet t\u00f6lt be Kecskem\u00e9t \u00e9s a r\u00e9gi\u00f3 kultur\u00e1lis \u00e9let\u00e9ben. Az egy\u00fcttes 1966-\u00f3ta \u00e1lland\u00f3 \u00e9s n\u00e9pszer\u0171 r\u00e9sztvev\u0151je a \u201eh\u00edr\u00f6s\u201d &#8230; <a title=\"f\u0151oldal magyar\" class=\"read-more\" href=\"https:\/\/kecskemetsymphony.com\/\" aria-label=\"Read more about f\u0151oldal magyar\">Olvass tov\u00e1bb<\/a><\/p>\n","protected":false},"author":1,"featured_media":0,"parent":0,"menu_order":0,"comment_status":"closed","ping_status":"closed","template":"elementor_header_footer","meta":{"footnotes":""},"class_list":["post-539","page","type-page","status-publish"],"yoast_head":"<!-- This site is optimized with the Yoast SEO plugin v27.3 - https:\/\/yoast.com\/product\/yoast-seo-wordpress\/ -->\n<title>f\u0151oldal magyar - Kecskem\u00e9ti Szimfonikus Zenekar<\/title>\n<meta name=\"description\" content=\"A Kecskem\u00e9ti Szimfonikus Zenekar hivatalos weboldala. Koncertek, fesztiv\u00e1lok, inform\u00e1ci\u00f3k, a zenekar t\u00f6rt\u00e9nete, kapcsolat.\" \/>\n<meta name=\"robots\" content=\"index, follow, max-snippet:-1, max-image-preview:large, max-video-preview:-1\" \/>\n<link rel=\"canonical\" href=\"https:\/\/kecskemetsymphony.com\/\" \/>\n<meta property=\"og:locale\" content=\"hu_HU\" \/>\n<meta property=\"og:type\" content=\"article\" \/>\n<meta property=\"og:title\" content=\"f\u0151oldal magyar - Kecskem\u00e9ti Szimfonikus Zenekar\" \/>\n<meta property=\"og:description\" content=\"A Kecskem\u00e9ti Szimfonikus Zenekar hivatalos weboldala. Koncertek, fesztiv\u00e1lok, inform\u00e1ci\u00f3k, a zenekar t\u00f6rt\u00e9nete, kapcsolat.\" \/>\n<meta property=\"og:url\" content=\"https:\/\/kecskemetsymphony.com\/\" \/>\n<meta property=\"og:site_name\" content=\"Kecskem\u00e9ti Szimfonikus Zenekar\" \/>\n<meta property=\"article:publisher\" content=\"https:\/\/www.facebook.com\/kecskemetiszimfonikuszenekar\" \/>\n<meta property=\"article:modified_time\" content=\"2026-04-03T06:43:03+00:00\" \/>\n<meta property=\"og:image\" content=\"https:\/\/kecskemetsymphony.com\/wp-content\/uploads\/2026\/03\/HA_Zenet-hallgat-2026foldk-fb-1024x536.jpg\" \/>\n<meta name=\"twitter:card\" content=\"summary_large_image\" \/>\n<meta name=\"twitter:label1\" content=\"Becs\u00fclt olvas\u00e1si id\u0151\" \/>\n\t<meta name=\"twitter:data1\" content=\"2 perc\" \/>\n<script type=\"application\/ld+json\" class=\"yoast-schema-graph\">{\"@context\":\"https:\\\/\\\/schema.org\",\"@graph\":[{\"@type\":\"WebPage\",\"@id\":\"https:\\\/\\\/kecskemetsymphony.com\\\/\",\"url\":\"https:\\\/\\\/kecskemetsymphony.com\\\/\",\"name\":\"f\u0151oldal magyar - Kecskem\u00e9ti Szimfonikus Zenekar\",\"isPartOf\":{\"@id\":\"https:\\\/\\\/kecskemetsymphony.com\\\/#website\"},\"primaryImageOfPage\":{\"@id\":\"https:\\\/\\\/kecskemetsymphony.com\\\/#primaryimage\"},\"image\":{\"@id\":\"https:\\\/\\\/kecskemetsymphony.com\\\/#primaryimage\"},\"thumbnailUrl\":\"https:\\\/\\\/kecskemetsymphony.com\\\/wp-content\\\/uploads\\\/2026\\\/03\\\/HA_Zenet-hallgat-2026foldk-fb-1024x536.jpg\",\"datePublished\":\"2022-07-28T08:49:32+00:00\",\"dateModified\":\"2026-04-03T06:43:03+00:00\",\"description\":\"A Kecskem\u00e9ti Szimfonikus Zenekar hivatalos weboldala. Koncertek, fesztiv\u00e1lok, inform\u00e1ci\u00f3k, a zenekar t\u00f6rt\u00e9nete, kapcsolat.\",\"breadcrumb\":{\"@id\":\"https:\\\/\\\/kecskemetsymphony.com\\\/#breadcrumb\"},\"inLanguage\":\"hu\",\"potentialAction\":[{\"@type\":\"ReadAction\",\"target\":[\"https:\\\/\\\/kecskemetsymphony.com\\\/\"]}]},{\"@type\":\"ImageObject\",\"inLanguage\":\"hu\",\"@id\":\"https:\\\/\\\/kecskemetsymphony.com\\\/#primaryimage\",\"url\":\"https:\\\/\\\/kecskemetsymphony.com\\\/wp-content\\\/uploads\\\/2026\\\/03\\\/HA_Zenet-hallgat-2026foldk-fb.jpg\",\"contentUrl\":\"https:\\\/\\\/kecskemetsymphony.com\\\/wp-content\\\/uploads\\\/2026\\\/03\\\/HA_Zenet-hallgat-2026foldk-fb.jpg\",\"width\":1200,\"height\":628},{\"@type\":\"BreadcrumbList\",\"@id\":\"https:\\\/\\\/kecskemetsymphony.com\\\/#breadcrumb\",\"itemListElement\":[{\"@type\":\"ListItem\",\"position\":1,\"name\":\"Home\",\"item\":\"https:\\\/\\\/kecskemetsymphony.com\\\/\"},{\"@type\":\"ListItem\",\"position\":2,\"name\":\"f\u0151oldal magyar\"}]},{\"@type\":\"WebSite\",\"@id\":\"https:\\\/\\\/kecskemetsymphony.com\\\/#website\",\"url\":\"https:\\\/\\\/kecskemetsymphony.com\\\/\",\"name\":\"Kecskem\u00e9ti Szimfonikus Zenekar\",\"description\":\"Kecskem\u00e9ti Szimfonikus Zenekar honlapja\",\"publisher\":{\"@id\":\"https:\\\/\\\/kecskemetsymphony.com\\\/#organization\"},\"potentialAction\":[{\"@type\":\"SearchAction\",\"target\":{\"@type\":\"EntryPoint\",\"urlTemplate\":\"https:\\\/\\\/kecskemetsymphony.com\\\/?s={search_term_string}\"},\"query-input\":{\"@type\":\"PropertyValueSpecification\",\"valueRequired\":true,\"valueName\":\"search_term_string\"}}],\"inLanguage\":\"hu\"},{\"@type\":\"Organization\",\"@id\":\"https:\\\/\\\/kecskemetsymphony.com\\\/#organization\",\"name\":\"Kecskem\u00e9ti Szimfonikus Zenekar\",\"url\":\"https:\\\/\\\/kecskemetsymphony.com\\\/\",\"logo\":{\"@type\":\"ImageObject\",\"inLanguage\":\"hu\",\"@id\":\"https:\\\/\\\/kecskemetsymphony.com\\\/#\\\/schema\\\/logo\\\/image\\\/\",\"url\":\"https:\\\/\\\/kecskemetsymphony.com\\\/wp-content\\\/uploads\\\/2022\\\/04\\\/cropped-KS_BRAND_FB_PROFILE_1.jpg\",\"contentUrl\":\"https:\\\/\\\/kecskemetsymphony.com\\\/wp-content\\\/uploads\\\/2022\\\/04\\\/cropped-KS_BRAND_FB_PROFILE_1.jpg\",\"width\":480,\"height\":480,\"caption\":\"Kecskem\u00e9ti Szimfonikus Zenekar\"},\"image\":{\"@id\":\"https:\\\/\\\/kecskemetsymphony.com\\\/#\\\/schema\\\/logo\\\/image\\\/\"},\"sameAs\":[\"https:\\\/\\\/www.facebook.com\\\/kecskemetiszimfonikuszenekar\"]}]}<\/script>\n<!-- \/ Yoast SEO plugin. -->","yoast_head_json":{"title":"f\u0151oldal magyar - Kecskem\u00e9ti Szimfonikus Zenekar","description":"A Kecskem\u00e9ti Szimfonikus Zenekar hivatalos weboldala. Koncertek, fesztiv\u00e1lok, inform\u00e1ci\u00f3k, a zenekar t\u00f6rt\u00e9nete, kapcsolat.","robots":{"index":"index","follow":"follow","max-snippet":"max-snippet:-1","max-image-preview":"max-image-preview:large","max-video-preview":"max-video-preview:-1"},"canonical":"https:\/\/kecskemetsymphony.com\/","og_locale":"hu_HU","og_type":"article","og_title":"f\u0151oldal magyar - Kecskem\u00e9ti Szimfonikus Zenekar","og_description":"A Kecskem\u00e9ti Szimfonikus Zenekar hivatalos weboldala. Koncertek, fesztiv\u00e1lok, inform\u00e1ci\u00f3k, a zenekar t\u00f6rt\u00e9nete, kapcsolat.","og_url":"https:\/\/kecskemetsymphony.com\/","og_site_name":"Kecskem\u00e9ti Szimfonikus Zenekar","article_publisher":"https:\/\/www.facebook.com\/kecskemetiszimfonikuszenekar","article_modified_time":"2026-04-03T06:43:03+00:00","og_image":[{"url":"https:\/\/kecskemetsymphony.com\/wp-content\/uploads\/2026\/03\/HA_Zenet-hallgat-2026foldk-fb-1024x536.jpg","type":"","width":"","height":""}],"twitter_card":"summary_large_image","twitter_misc":{"Becs\u00fclt olvas\u00e1si id\u0151":"2 perc"},"schema":{"@context":"https:\/\/schema.org","@graph":[{"@type":"WebPage","@id":"https:\/\/kecskemetsymphony.com\/","url":"https:\/\/kecskemetsymphony.com\/","name":"f\u0151oldal magyar - Kecskem\u00e9ti Szimfonikus Zenekar","isPartOf":{"@id":"https:\/\/kecskemetsymphony.com\/#website"},"primaryImageOfPage":{"@id":"https:\/\/kecskemetsymphony.com\/#primaryimage"},"image":{"@id":"https:\/\/kecskemetsymphony.com\/#primaryimage"},"thumbnailUrl":"https:\/\/kecskemetsymphony.com\/wp-content\/uploads\/2026\/03\/HA_Zenet-hallgat-2026foldk-fb-1024x536.jpg","datePublished":"2022-07-28T08:49:32+00:00","dateModified":"2026-04-03T06:43:03+00:00","description":"A Kecskem\u00e9ti Szimfonikus Zenekar hivatalos weboldala. Koncertek, fesztiv\u00e1lok, inform\u00e1ci\u00f3k, a zenekar t\u00f6rt\u00e9nete, kapcsolat.","breadcrumb":{"@id":"https:\/\/kecskemetsymphony.com\/#breadcrumb"},"inLanguage":"hu","potentialAction":[{"@type":"ReadAction","target":["https:\/\/kecskemetsymphony.com\/"]}]},{"@type":"ImageObject","inLanguage":"hu","@id":"https:\/\/kecskemetsymphony.com\/#primaryimage","url":"https:\/\/kecskemetsymphony.com\/wp-content\/uploads\/2026\/03\/HA_Zenet-hallgat-2026foldk-fb.jpg","contentUrl":"https:\/\/kecskemetsymphony.com\/wp-content\/uploads\/2026\/03\/HA_Zenet-hallgat-2026foldk-fb.jpg","width":1200,"height":628},{"@type":"BreadcrumbList","@id":"https:\/\/kecskemetsymphony.com\/#breadcrumb","itemListElement":[{"@type":"ListItem","position":1,"name":"Home","item":"https:\/\/kecskemetsymphony.com\/"},{"@type":"ListItem","position":2,"name":"f\u0151oldal magyar"}]},{"@type":"WebSite","@id":"https:\/\/kecskemetsymphony.com\/#website","url":"https:\/\/kecskemetsymphony.com\/","name":"Kecskem\u00e9ti Szimfonikus Zenekar","description":"Kecskem\u00e9ti Szimfonikus Zenekar honlapja","publisher":{"@id":"https:\/\/kecskemetsymphony.com\/#organization"},"potentialAction":[{"@type":"SearchAction","target":{"@type":"EntryPoint","urlTemplate":"https:\/\/kecskemetsymphony.com\/?s={search_term_string}"},"query-input":{"@type":"PropertyValueSpecification","valueRequired":true,"valueName":"search_term_string"}}],"inLanguage":"hu"},{"@type":"Organization","@id":"https:\/\/kecskemetsymphony.com\/#organization","name":"Kecskem\u00e9ti Szimfonikus Zenekar","url":"https:\/\/kecskemetsymphony.com\/","logo":{"@type":"ImageObject","inLanguage":"hu","@id":"https:\/\/kecskemetsymphony.com\/#\/schema\/logo\/image\/","url":"https:\/\/kecskemetsymphony.com\/wp-content\/uploads\/2022\/04\/cropped-KS_BRAND_FB_PROFILE_1.jpg","contentUrl":"https:\/\/kecskemetsymphony.com\/wp-content\/uploads\/2022\/04\/cropped-KS_BRAND_FB_PROFILE_1.jpg","width":480,"height":480,"caption":"Kecskem\u00e9ti Szimfonikus Zenekar"},"image":{"@id":"https:\/\/kecskemetsymphony.com\/#\/schema\/logo\/image\/"},"sameAs":["https:\/\/www.facebook.com\/kecskemetiszimfonikuszenekar"]}]}},"_links":{"self":[{"href":"https:\/\/kecskemetsymphony.com\/index.php\/wp-json\/wp\/v2\/pages\/539","targetHints":{"allow":["GET"]}}],"collection":[{"href":"https:\/\/kecskemetsymphony.com\/index.php\/wp-json\/wp\/v2\/pages"}],"about":[{"href":"https:\/\/kecskemetsymphony.com\/index.php\/wp-json\/wp\/v2\/types\/page"}],"author":[{"embeddable":true,"href":"https:\/\/kecskemetsymphony.com\/index.php\/wp-json\/wp\/v2\/users\/1"}],"replies":[{"embeddable":true,"href":"https:\/\/kecskemetsymphony.com\/index.php\/wp-json\/wp\/v2\/comments?post=539"}],"version-history":[{"count":635,"href":"https:\/\/kecskemetsymphony.com\/index.php\/wp-json\/wp\/v2\/pages\/539\/revisions"}],"predecessor-version":[{"id":3705,"href":"https:\/\/kecskemetsymphony.com\/index.php\/wp-json\/wp\/v2\/pages\/539\/revisions\/3705"}],"wp:attachment":[{"href":"https:\/\/kecskemetsymphony.com\/index.php\/wp-json\/wp\/v2\/media?parent=539"}],"curies":[{"name":"wp","href":"https:\/\/api.w.org\/{rel}","templated":true}]}}