{"id":67,"date":"2022-04-26T10:04:23","date_gmt":"2022-04-26T10:04:23","guid":{"rendered":"https:\/\/kecskemetsymphony.com\/?page_id=67"},"modified":"2022-05-05T11:35:59","modified_gmt":"2022-05-05T11:35:59","slug":"gallery","status":"publish","type":"page","link":"https:\/\/kecskemetsymphony.com\/index.php\/en\/gallery\/","title":{"rendered":"GALLERY"},"content":{"rendered":"\t\t<div data-elementor-type=\"wp-page\" data-elementor-id=\"67\" class=\"elementor elementor-67\">\n\t\t\t\t\t\t<section class=\"elementor-section elementor-top-section elementor-element elementor-element-7788b37 elementor-section-boxed elementor-section-height-default elementor-section-height-default\" data-id=\"7788b37\" data-element_type=\"section\" data-e-type=\"section\">\n\t\t\t\t\t\t<div class=\"elementor-container elementor-column-gap-default\">\n\t\t\t\t\t<div class=\"elementor-column elementor-col-100 elementor-top-column elementor-element elementor-element-fc662d6\" data-id=\"fc662d6\" data-element_type=\"column\" data-e-type=\"column\">\n\t\t\t<div class=\"elementor-widget-wrap elementor-element-populated\">\n\t\t\t\t\t\t<div class=\"elementor-element elementor-element-6ba401c gallery-spacing-custom elementor-widget elementor-widget-image-gallery\" data-id=\"6ba401c\" data-element_type=\"widget\" data-e-type=\"widget\" data-widget_type=\"image-gallery.default\">\n\t\t\t\t<div class=\"elementor-widget-container\">\n\t\t\t\t\t\t\t<div class=\"elementor-image-gallery\">\n\t\t\t<div id='gallery-1' class='gallery galleryid-67 gallery-columns-3 gallery-size-column2-65'><figure class='gallery-item'>\n\t\t\t<div class='gallery-icon landscape'>\n\t\t\t\t<a data-elementor-open-lightbox=\"yes\" data-elementor-lightbox-slideshow=\"6ba401c\" data-elementor-lightbox-title=\"Carmina Burana\" data-elementor-lightbox-description=\"Carmina Burana, karmester: Hollerung G\u00e1bor\" data-e-action-hash=\"#elementor-action%3Aaction%3Dlightbox%26settings%3DeyJpZCI6MjIxLCJ1cmwiOiJodHRwczpcL1wva2Vjc2tlbWV0c3ltcGhvbnkuY29tXC93cC1jb250ZW50XC91cGxvYWRzXC8yMDIyXC8wNVwvMS5wbmciLCJzbGlkZXNob3ciOiI2YmE0MDFjIn0%3D\" href='https:\/\/kecskemetsymphony.com\/wp-content\/uploads\/2022\/05\/1.png'><img fetchpriority=\"high\" decoding=\"async\" width=\"570\" height=\"684\" src=\"https:\/\/kecskemetsymphony.com\/wp-content\/uploads\/2022\/05\/1-570x684.png\" class=\"attachment-column2-6\/5 size-column2-6\/5\" alt=\"Carmina Burana, karmester: Hollerung G\u00e1bor\" aria-describedby=\"gallery-1-221\" \/><\/a>\n\t\t\t<\/div>\n\t\t\t\t<figcaption class='wp-caption-text gallery-caption' id='gallery-1-221'>\n\t\t\t\tCarmina Burana\n\t\t\t\t<\/figcaption><\/figure><figure class='gallery-item'>\n\t\t\t<div class='gallery-icon landscape'>\n\t\t\t\t<a data-elementor-open-lightbox=\"yes\" data-elementor-lightbox-slideshow=\"6ba401c\" data-elementor-lightbox-title=\"2\" data-elementor-lightbox-description=\"Carmina Burana, karmester: Hollerung G\u00e1bor\" data-e-action-hash=\"#elementor-action%3Aaction%3Dlightbox%26settings%3DeyJpZCI6MjIyLCJ1cmwiOiJodHRwczpcL1wva2Vjc2tlbWV0c3ltcGhvbnkuY29tXC93cC1jb250ZW50XC91cGxvYWRzXC8yMDIyXC8wNVwvMi5wbmciLCJzbGlkZXNob3ciOiI2YmE0MDFjIn0%3D\" href='https:\/\/kecskemetsymphony.com\/wp-content\/uploads\/2022\/05\/2.png'><img decoding=\"async\" width=\"570\" height=\"684\" src=\"https:\/\/kecskemetsymphony.com\/wp-content\/uploads\/2022\/05\/2-570x684.png\" class=\"attachment-column2-6\/5 size-column2-6\/5\" alt=\"\" aria-describedby=\"gallery-1-222\" \/><\/a>\n\t\t\t<\/div>\n\t\t\t\t<figcaption class='wp-caption-text gallery-caption' id='gallery-1-222'>\n\t\t\t\tKoncert pillanat \/ Concert moment\n\t\t\t\t<\/figcaption><\/figure><figure class='gallery-item'>\n\t\t\t<div class='gallery-icon landscape'>\n\t\t\t\t<a data-elementor-open-lightbox=\"yes\" data-elementor-lightbox-slideshow=\"6ba401c\" data-elementor-lightbox-title=\"3\" data-elementor-lightbox-description=\"Carmina Burana, karmester: Hollerung G\u00e1bor\" data-e-action-hash=\"#elementor-action%3Aaction%3Dlightbox%26settings%3DeyJpZCI6MjIzLCJ1cmwiOiJodHRwczpcL1wva2Vjc2tlbWV0c3ltcGhvbnkuY29tXC93cC1jb250ZW50XC91cGxvYWRzXC8yMDIyXC8wNVwvMy5wbmciLCJzbGlkZXNob3ciOiI2YmE0MDFjIn0%3D\" href='https:\/\/kecskemetsymphony.com\/wp-content\/uploads\/2022\/05\/3.png'><img decoding=\"async\" width=\"570\" height=\"684\" src=\"https:\/\/kecskemetsymphony.com\/wp-content\/uploads\/2022\/05\/3-570x684.png\" class=\"attachment-column2-6\/5 size-column2-6\/5\" alt=\"\" aria-describedby=\"gallery-1-223\" \/><\/a>\n\t\t\t<\/div>\n\t\t\t\t<figcaption class='wp-caption-text gallery-caption' id='gallery-1-223'>\n\t\t\t\tKarmester\/Conductor: Erdei, P\u00e9ter\n\t\t\t\t<\/figcaption><\/figure><figure class='gallery-item'>\n\t\t\t<div class='gallery-icon landscape'>\n\t\t\t\t<a data-elementor-open-lightbox=\"yes\" data-elementor-lightbox-slideshow=\"6ba401c\" data-elementor-lightbox-title=\"4\" data-elementor-lightbox-description=\"Carmina Burana, karmester: Hollerung G\u00e1bor\" data-e-action-hash=\"#elementor-action%3Aaction%3Dlightbox%26settings%3DeyJpZCI6MjI0LCJ1cmwiOiJodHRwczpcL1wva2Vjc2tlbWV0c3ltcGhvbnkuY29tXC93cC1jb250ZW50XC91cGxvYWRzXC8yMDIyXC8wNVwvNC5wbmciLCJzbGlkZXNob3ciOiI2YmE0MDFjIn0%3D\" href='https:\/\/kecskemetsymphony.com\/wp-content\/uploads\/2022\/05\/4.png'><img loading=\"lazy\" decoding=\"async\" width=\"570\" height=\"684\" src=\"https:\/\/kecskemetsymphony.com\/wp-content\/uploads\/2022\/05\/4-570x684.png\" class=\"attachment-column2-6\/5 size-column2-6\/5\" alt=\"\" aria-describedby=\"gallery-1-224\" \/><\/a>\n\t\t\t<\/div>\n\t\t\t\t<figcaption class='wp-caption-text gallery-caption' id='gallery-1-224'>\n\t\t\t\tKoncert az Ag\u00f3r\u00e1ban \/ Concert in Ag\u00f3ra\n\t\t\t\t<\/figcaption><\/figure><figure class='gallery-item'>\n\t\t\t<div class='gallery-icon landscape'>\n\t\t\t\t<a data-elementor-open-lightbox=\"yes\" data-elementor-lightbox-slideshow=\"6ba401c\" data-elementor-lightbox-title=\"5\" data-elementor-lightbox-description=\"Carmina Burana, karmester: Hollerung G\u00e1bor\" data-e-action-hash=\"#elementor-action%3Aaction%3Dlightbox%26settings%3DeyJpZCI6MjI1LCJ1cmwiOiJodHRwczpcL1wva2Vjc2tlbWV0c3ltcGhvbnkuY29tXC93cC1jb250ZW50XC91cGxvYWRzXC8yMDIyXC8wNVwvNS5wbmciLCJzbGlkZXNob3ciOiI2YmE0MDFjIn0%3D\" href='https:\/\/kecskemetsymphony.com\/wp-content\/uploads\/2022\/05\/5.png'><img loading=\"lazy\" decoding=\"async\" width=\"570\" height=\"684\" src=\"https:\/\/kecskemetsymphony.com\/wp-content\/uploads\/2022\/05\/5-570x684.png\" class=\"attachment-column2-6\/5 size-column2-6\/5\" alt=\"\" aria-describedby=\"gallery-1-225\" \/><\/a>\n\t\t\t<\/div>\n\t\t\t\t<figcaption class='wp-caption-text gallery-caption' id='gallery-1-225'>\n\t\t\t\tKarmester\/Conductor: Hollerung, G\u00e1bor\n\t\t\t\t<\/figcaption><\/figure><figure class='gallery-item'>\n\t\t\t<div class='gallery-icon landscape'>\n\t\t\t\t<a data-elementor-open-lightbox=\"yes\" data-elementor-lightbox-slideshow=\"6ba401c\" data-elementor-lightbox-title=\"6\" data-elementor-lightbox-description=\"Carmina Burana, karmester: Hollerung G\u00e1bor\" data-e-action-hash=\"#elementor-action%3Aaction%3Dlightbox%26settings%3DeyJpZCI6MjI2LCJ1cmwiOiJodHRwczpcL1wva2Vjc2tlbWV0c3ltcGhvbnkuY29tXC93cC1jb250ZW50XC91cGxvYWRzXC8yMDIyXC8wNVwvNi5wbmciLCJzbGlkZXNob3ciOiI2YmE0MDFjIn0%3D\" href='https:\/\/kecskemetsymphony.com\/wp-content\/uploads\/2022\/05\/6.png'><img loading=\"lazy\" decoding=\"async\" width=\"570\" height=\"684\" src=\"https:\/\/kecskemetsymphony.com\/wp-content\/uploads\/2022\/05\/6-570x684.png\" class=\"attachment-column2-6\/5 size-column2-6\/5\" alt=\"\" aria-describedby=\"gallery-1-226\" \/><\/a>\n\t\t\t<\/div>\n\t\t\t\t<figcaption class='wp-caption-text gallery-caption' id='gallery-1-226'>\n\t\t\t\tKoncert a Nagytemplomban \/ Concert in Nagytemplom\n\t\t\t\t<\/figcaption><\/figure><figure class='gallery-item'>\n\t\t\t<div class='gallery-icon landscape'>\n\t\t\t\t<a data-elementor-open-lightbox=\"yes\" data-elementor-lightbox-slideshow=\"6ba401c\" data-elementor-lightbox-title=\"7\" data-elementor-lightbox-description=\"Carmina Burana, karmester: Hollerung G\u00e1bor\" data-e-action-hash=\"#elementor-action%3Aaction%3Dlightbox%26settings%3DeyJpZCI6MjI3LCJ1cmwiOiJodHRwczpcL1wva2Vjc2tlbWV0c3ltcGhvbnkuY29tXC93cC1jb250ZW50XC91cGxvYWRzXC8yMDIyXC8wNVwvNy5wbmciLCJzbGlkZXNob3ciOiI2YmE0MDFjIn0%3D\" href='https:\/\/kecskemetsymphony.com\/wp-content\/uploads\/2022\/05\/7.png'><img loading=\"lazy\" decoding=\"async\" width=\"570\" height=\"684\" src=\"https:\/\/kecskemetsymphony.com\/wp-content\/uploads\/2022\/05\/7-570x684.png\" class=\"attachment-column2-6\/5 size-column2-6\/5\" alt=\"\" aria-describedby=\"gallery-1-227\" \/><\/a>\n\t\t\t<\/div>\n\t\t\t\t<figcaption class='wp-caption-text gallery-caption' id='gallery-1-227'>\n\t\t\t\tKarmester\/Conductor: Holl\u00f3k\u0151i, Huba\n\t\t\t\t<\/figcaption><\/figure><figure class='gallery-item'>\n\t\t\t<div class='gallery-icon landscape'>\n\t\t\t\t<a data-elementor-open-lightbox=\"yes\" data-elementor-lightbox-slideshow=\"6ba401c\" data-elementor-lightbox-title=\"DSC_7440\" data-elementor-lightbox-description=\"Carmina Burana, karmester: Hollerung G\u00e1bor\" data-e-action-hash=\"#elementor-action%3Aaction%3Dlightbox%26settings%3DeyJpZCI6MjI4LCJ1cmwiOiJodHRwczpcL1wva2Vjc2tlbWV0c3ltcGhvbnkuY29tXC93cC1jb250ZW50XC91cGxvYWRzXC8yMDIyXC8wNVwvRFNDXzc0NDAuanBnIiwic2xpZGVzaG93IjoiNmJhNDAxYyJ9\" href='https:\/\/kecskemetsymphony.com\/wp-content\/uploads\/2022\/05\/DSC_7440.jpg'><img loading=\"lazy\" decoding=\"async\" width=\"570\" height=\"684\" src=\"https:\/\/kecskemetsymphony.com\/wp-content\/uploads\/2022\/05\/DSC_7440-570x684.jpg\" class=\"attachment-column2-6\/5 size-column2-6\/5\" alt=\"\" aria-describedby=\"gallery-1-228\" \/><\/a>\n\t\t\t<\/div>\n\t\t\t\t<figcaption class='wp-caption-text gallery-caption' id='gallery-1-228'>\n\t\t\t\t\u00daj\u00e9vi Koncert \/ New Year&#8217;s Concert\n\t\t\t\t<\/figcaption><\/figure>\n\t\t<\/div>\n\t\t<\/div>\n\t\t\t\t\t\t<\/div>\n\t\t\t\t<\/div>\n\t\t\t\t\t<\/div>\n\t\t<\/div>\n\t\t\t\t\t<\/div>\n\t\t<\/section>\n\t\t\t\t<\/div>\n\t\t","protected":false},"excerpt":{"rendered":"","protected":false},"author":1,"featured_media":0,"parent":0,"menu_order":0,"comment_status":"closed","ping_status":"closed","template":"","meta":{"footnotes":""},"class_list":["post-67","page","type-page","status-publish"],"yoast_head":"<!-- This site is optimized with the Yoast SEO plugin v27.4 - https:\/\/yoast.com\/product\/yoast-seo-wordpress\/ -->\n<title>GALLERY - Kecskem\u00e9ti Szimfonikus Zenekar<\/title>\n<meta name=\"robots\" content=\"index, follow, max-snippet:-1, max-image-preview:large, max-video-preview:-1\" \/>\n<link rel=\"canonical\" href=\"https:\/\/kecskemetsymphony.com\/index.php\/en\/gallery\/\" \/>\n<meta property=\"og:locale\" content=\"hu_HU\" \/>\n<meta property=\"og:type\" content=\"article\" \/>\n<meta property=\"og:title\" content=\"GALLERY - Kecskem\u00e9ti Szimfonikus Zenekar\" \/>\n<meta property=\"og:url\" content=\"https:\/\/kecskemetsymphony.com\/index.php\/en\/gallery\/\" \/>\n<meta property=\"og:site_name\" content=\"Kecskem\u00e9ti Szimfonikus Zenekar\" \/>\n<meta property=\"article:publisher\" content=\"https:\/\/www.facebook.com\/kecskemetiszimfonikuszenekar\" \/>\n<meta property=\"article:modified_time\" content=\"2022-05-05T11:35:59+00:00\" \/>\n<meta property=\"og:image\" content=\"https:\/\/kecskemetsymphony.com\/wp-content\/uploads\/2022\/05\/1-570x684.png\" \/>\n<meta name=\"twitter:card\" content=\"summary_large_image\" \/>\n<meta name=\"twitter:label1\" content=\"Becs\u00fclt olvas\u00e1si id\u0151\" \/>\n\t<meta name=\"twitter:data1\" content=\"2 perc\" \/>\n<script type=\"application\/ld+json\" class=\"yoast-schema-graph\">{\"@context\":\"https:\\\/\\\/schema.org\",\"@graph\":[{\"@type\":\"WebPage\",\"@id\":\"https:\\\/\\\/kecskemetsymphony.com\\\/index.php\\\/en\\\/gallery\\\/\",\"url\":\"https:\\\/\\\/kecskemetsymphony.com\\\/index.php\\\/en\\\/gallery\\\/\",\"name\":\"GALLERY - Kecskem\u00e9ti Szimfonikus Zenekar\",\"isPartOf\":{\"@id\":\"https:\\\/\\\/kecskemetsymphony.com\\\/#website\"},\"primaryImageOfPage\":{\"@id\":\"https:\\\/\\\/kecskemetsymphony.com\\\/index.php\\\/en\\\/gallery\\\/#primaryimage\"},\"image\":{\"@id\":\"https:\\\/\\\/kecskemetsymphony.com\\\/index.php\\\/en\\\/gallery\\\/#primaryimage\"},\"thumbnailUrl\":\"https:\\\/\\\/kecskemetsymphony.com\\\/wp-content\\\/uploads\\\/2022\\\/05\\\/1-570x684.png\",\"datePublished\":\"2022-04-26T10:04:23+00:00\",\"dateModified\":\"2022-05-05T11:35:59+00:00\",\"breadcrumb\":{\"@id\":\"https:\\\/\\\/kecskemetsymphony.com\\\/index.php\\\/en\\\/gallery\\\/#breadcrumb\"},\"inLanguage\":\"hu\",\"potentialAction\":[{\"@type\":\"ReadAction\",\"target\":[\"https:\\\/\\\/kecskemetsymphony.com\\\/index.php\\\/en\\\/gallery\\\/\"]}]},{\"@type\":\"ImageObject\",\"inLanguage\":\"hu\",\"@id\":\"https:\\\/\\\/kecskemetsymphony.com\\\/index.php\\\/en\\\/gallery\\\/#primaryimage\",\"url\":\"https:\\\/\\\/kecskemetsymphony.com\\\/wp-content\\\/uploads\\\/2022\\\/05\\\/1.png\",\"contentUrl\":\"https:\\\/\\\/kecskemetsymphony.com\\\/wp-content\\\/uploads\\\/2022\\\/05\\\/1.png\",\"width\":1335,\"height\":888,\"caption\":\"Carmina Burana\"},{\"@type\":\"BreadcrumbList\",\"@id\":\"https:\\\/\\\/kecskemetsymphony.com\\\/index.php\\\/en\\\/gallery\\\/#breadcrumb\",\"itemListElement\":[{\"@type\":\"ListItem\",\"position\":1,\"name\":\"Home\",\"item\":\"https:\\\/\\\/kecskemetsymphony.com\\\/\"},{\"@type\":\"ListItem\",\"position\":2,\"name\":\"GALLERY\"}]},{\"@type\":\"WebSite\",\"@id\":\"https:\\\/\\\/kecskemetsymphony.com\\\/#website\",\"url\":\"https:\\\/\\\/kecskemetsymphony.com\\\/\",\"name\":\"Kecskem\u00e9ti Szimfonikus Zenekar\",\"description\":\"Kecskem\u00e9ti Szimfonikus Zenekar honlapja\",\"publisher\":{\"@id\":\"https:\\\/\\\/kecskemetsymphony.com\\\/#organization\"},\"potentialAction\":[{\"@type\":\"SearchAction\",\"target\":{\"@type\":\"EntryPoint\",\"urlTemplate\":\"https:\\\/\\\/kecskemetsymphony.com\\\/?s={search_term_string}\"},\"query-input\":{\"@type\":\"PropertyValueSpecification\",\"valueRequired\":true,\"valueName\":\"search_term_string\"}}],\"inLanguage\":\"hu\"},{\"@type\":\"Organization\",\"@id\":\"https:\\\/\\\/kecskemetsymphony.com\\\/#organization\",\"name\":\"Kecskem\u00e9ti Szimfonikus Zenekar\",\"url\":\"https:\\\/\\\/kecskemetsymphony.com\\\/\",\"logo\":{\"@type\":\"ImageObject\",\"inLanguage\":\"hu\",\"@id\":\"https:\\\/\\\/kecskemetsymphony.com\\\/#\\\/schema\\\/logo\\\/image\\\/\",\"url\":\"https:\\\/\\\/kecskemetsymphony.com\\\/wp-content\\\/uploads\\\/2022\\\/04\\\/cropped-KS_BRAND_FB_PROFILE_1.jpg\",\"contentUrl\":\"https:\\\/\\\/kecskemetsymphony.com\\\/wp-content\\\/uploads\\\/2022\\\/04\\\/cropped-KS_BRAND_FB_PROFILE_1.jpg\",\"width\":480,\"height\":480,\"caption\":\"Kecskem\u00e9ti Szimfonikus Zenekar\"},\"image\":{\"@id\":\"https:\\\/\\\/kecskemetsymphony.com\\\/#\\\/schema\\\/logo\\\/image\\\/\"},\"sameAs\":[\"https:\\\/\\\/www.facebook.com\\\/kecskemetiszimfonikuszenekar\"]}]}<\/script>\n<!-- \/ Yoast SEO plugin. -->","yoast_head_json":{"title":"GALLERY - Kecskem\u00e9ti Szimfonikus Zenekar","robots":{"index":"index","follow":"follow","max-snippet":"max-snippet:-1","max-image-preview":"max-image-preview:large","max-video-preview":"max-video-preview:-1"},"canonical":"https:\/\/kecskemetsymphony.com\/index.php\/en\/gallery\/","og_locale":"hu_HU","og_type":"article","og_title":"GALLERY - Kecskem\u00e9ti Szimfonikus Zenekar","og_url":"https:\/\/kecskemetsymphony.com\/index.php\/en\/gallery\/","og_site_name":"Kecskem\u00e9ti Szimfonikus Zenekar","article_publisher":"https:\/\/www.facebook.com\/kecskemetiszimfonikuszenekar","article_modified_time":"2022-05-05T11:35:59+00:00","og_image":[{"url":"https:\/\/kecskemetsymphony.com\/wp-content\/uploads\/2022\/05\/1-570x684.png","type":"","width":"","height":""}],"twitter_card":"summary_large_image","twitter_misc":{"Becs\u00fclt olvas\u00e1si id\u0151":"2 perc"},"schema":{"@context":"https:\/\/schema.org","@graph":[{"@type":"WebPage","@id":"https:\/\/kecskemetsymphony.com\/index.php\/en\/gallery\/","url":"https:\/\/kecskemetsymphony.com\/index.php\/en\/gallery\/","name":"GALLERY - Kecskem\u00e9ti Szimfonikus Zenekar","isPartOf":{"@id":"https:\/\/kecskemetsymphony.com\/#website"},"primaryImageOfPage":{"@id":"https:\/\/kecskemetsymphony.com\/index.php\/en\/gallery\/#primaryimage"},"image":{"@id":"https:\/\/kecskemetsymphony.com\/index.php\/en\/gallery\/#primaryimage"},"thumbnailUrl":"https:\/\/kecskemetsymphony.com\/wp-content\/uploads\/2022\/05\/1-570x684.png","datePublished":"2022-04-26T10:04:23+00:00","dateModified":"2022-05-05T11:35:59+00:00","breadcrumb":{"@id":"https:\/\/kecskemetsymphony.com\/index.php\/en\/gallery\/#breadcrumb"},"inLanguage":"hu","potentialAction":[{"@type":"ReadAction","target":["https:\/\/kecskemetsymphony.com\/index.php\/en\/gallery\/"]}]},{"@type":"ImageObject","inLanguage":"hu","@id":"https:\/\/kecskemetsymphony.com\/index.php\/en\/gallery\/#primaryimage","url":"https:\/\/kecskemetsymphony.com\/wp-content\/uploads\/2022\/05\/1.png","contentUrl":"https:\/\/kecskemetsymphony.com\/wp-content\/uploads\/2022\/05\/1.png","width":1335,"height":888,"caption":"Carmina Burana"},{"@type":"BreadcrumbList","@id":"https:\/\/kecskemetsymphony.com\/index.php\/en\/gallery\/#breadcrumb","itemListElement":[{"@type":"ListItem","position":1,"name":"Home","item":"https:\/\/kecskemetsymphony.com\/"},{"@type":"ListItem","position":2,"name":"GALLERY"}]},{"@type":"WebSite","@id":"https:\/\/kecskemetsymphony.com\/#website","url":"https:\/\/kecskemetsymphony.com\/","name":"Kecskem\u00e9ti Szimfonikus Zenekar","description":"Kecskem\u00e9ti Szimfonikus Zenekar honlapja","publisher":{"@id":"https:\/\/kecskemetsymphony.com\/#organization"},"potentialAction":[{"@type":"SearchAction","target":{"@type":"EntryPoint","urlTemplate":"https:\/\/kecskemetsymphony.com\/?s={search_term_string}"},"query-input":{"@type":"PropertyValueSpecification","valueRequired":true,"valueName":"search_term_string"}}],"inLanguage":"hu"},{"@type":"Organization","@id":"https:\/\/kecskemetsymphony.com\/#organization","name":"Kecskem\u00e9ti Szimfonikus Zenekar","url":"https:\/\/kecskemetsymphony.com\/","logo":{"@type":"ImageObject","inLanguage":"hu","@id":"https:\/\/kecskemetsymphony.com\/#\/schema\/logo\/image\/","url":"https:\/\/kecskemetsymphony.com\/wp-content\/uploads\/2022\/04\/cropped-KS_BRAND_FB_PROFILE_1.jpg","contentUrl":"https:\/\/kecskemetsymphony.com\/wp-content\/uploads\/2022\/04\/cropped-KS_BRAND_FB_PROFILE_1.jpg","width":480,"height":480,"caption":"Kecskem\u00e9ti Szimfonikus Zenekar"},"image":{"@id":"https:\/\/kecskemetsymphony.com\/#\/schema\/logo\/image\/"},"sameAs":["https:\/\/www.facebook.com\/kecskemetiszimfonikuszenekar"]}]}},"_links":{"self":[{"href":"https:\/\/kecskemetsymphony.com\/index.php\/wp-json\/wp\/v2\/pages\/67","targetHints":{"allow":["GET"]}}],"collection":[{"href":"https:\/\/kecskemetsymphony.com\/index.php\/wp-json\/wp\/v2\/pages"}],"about":[{"href":"https:\/\/kecskemetsymphony.com\/index.php\/wp-json\/wp\/v2\/types\/page"}],"author":[{"embeddable":true,"href":"https:\/\/kecskemetsymphony.com\/index.php\/wp-json\/wp\/v2\/users\/1"}],"replies":[{"embeddable":true,"href":"https:\/\/kecskemetsymphony.com\/index.php\/wp-json\/wp\/v2\/comments?post=67"}],"version-history":[{"count":5,"href":"https:\/\/kecskemetsymphony.com\/index.php\/wp-json\/wp\/v2\/pages\/67\/revisions"}],"predecessor-version":[{"id":231,"href":"https:\/\/kecskemetsymphony.com\/index.php\/wp-json\/wp\/v2\/pages\/67\/revisions\/231"}],"wp:attachment":[{"href":"https:\/\/kecskemetsymphony.com\/index.php\/wp-json\/wp\/v2\/media?parent=67"}],"curies":[{"name":"wp","href":"https:\/\/api.w.org\/{rel}","templated":true}]}}