{"id":69,"date":"2022-04-26T10:04:48","date_gmt":"2022-04-26T10:04:48","guid":{"rendered":"https:\/\/kecskemetsymphony.com\/?page_id=69"},"modified":"2023-09-29T10:20:32","modified_gmt":"2023-09-29T10:20:32","slug":"contact","status":"publish","type":"page","link":"https:\/\/kecskemetsymphony.com\/index.php\/en\/contact\/","title":{"rendered":"CONTACT"},"content":{"rendered":"\t\t<div data-elementor-type=\"wp-page\" data-elementor-id=\"69\" class=\"elementor elementor-69\">\n\t\t\t\t<div class=\"elementor-element elementor-element-675d5783 e-flex e-con-boxed e-con e-parent\" data-id=\"675d5783\" data-element_type=\"container\" data-e-type=\"container\">\n\t\t\t\t\t<div class=\"e-con-inner\">\n\t\t\t\t<div class=\"elementor-element elementor-element-3c601491 elementor-widget elementor-widget-text-editor\" data-id=\"3c601491\" data-element_type=\"widget\" data-e-type=\"widget\" data-widget_type=\"text-editor.default\">\n\t\t\t\t<div class=\"elementor-widget-container\">\n\t\t\t\t\t\t\t\t\t\n<div class=\"wp-block-contact-form-7-contact-form-selector\">\n<div class=\"wpcf7 no-js\" id=\"wpcf7-f4-o1\" lang=\"en-US\" dir=\"ltr\" data-wpcf7-id=\"4\">\n<div class=\"screen-reader-response\"><p role=\"status\" aria-live=\"polite\" aria-atomic=\"true\"><\/p> <ul><\/ul><\/div>\n<form action=\"\/index.php\/wp-json\/wp\/v2\/pages\/69#wpcf7-f4-o1\" method=\"post\" class=\"wpcf7-form init\" aria-label=\"Contact form\" novalidate=\"novalidate\" data-status=\"init\">\n<fieldset class=\"hidden-fields-container\"><input type=\"hidden\" name=\"_wpcf7\" value=\"4\" \/><input type=\"hidden\" name=\"_wpcf7_version\" value=\"6.1.5\" \/><input type=\"hidden\" name=\"_wpcf7_locale\" value=\"en_US\" \/><input type=\"hidden\" name=\"_wpcf7_unit_tag\" value=\"wpcf7-f4-o1\" \/><input type=\"hidden\" name=\"_wpcf7_container_post\" value=\"0\" \/><input type=\"hidden\" name=\"_wpcf7_posted_data_hash\" value=\"\" \/>\n<\/fieldset>\n<p><label> Your name<br \/>\n<span class=\"wpcf7-form-control-wrap\" data-name=\"your-name\"><input size=\"40\" maxlength=\"400\" class=\"wpcf7-form-control wpcf7-text wpcf7-validates-as-required\" aria-required=\"true\" aria-invalid=\"false\" value=\"\" type=\"text\" name=\"your-name\" \/><\/span> <\/label>\n<\/p>\n<p><label> Your email<br \/>\n<span class=\"wpcf7-form-control-wrap\" data-name=\"your-email\"><input size=\"40\" maxlength=\"400\" class=\"wpcf7-form-control wpcf7-email wpcf7-validates-as-required wpcf7-text wpcf7-validates-as-email\" aria-required=\"true\" aria-invalid=\"false\" value=\"\" type=\"email\" name=\"your-email\" \/><\/span> <\/label>\n<\/p>\n<p><label> Subject<br \/>\n<span class=\"wpcf7-form-control-wrap\" data-name=\"your-subject\"><input size=\"40\" maxlength=\"400\" class=\"wpcf7-form-control wpcf7-text wpcf7-validates-as-required\" aria-required=\"true\" aria-invalid=\"false\" value=\"\" type=\"text\" name=\"your-subject\" \/><\/span> <\/label>\n<\/p>\n<p><label> Your message (optional)<br \/>\n<span class=\"wpcf7-form-control-wrap\" data-name=\"your-message\"><textarea cols=\"40\" rows=\"10\" maxlength=\"2000\" class=\"wpcf7-form-control wpcf7-textarea\" aria-invalid=\"false\" name=\"your-message\"><\/textarea><\/span> <\/label>\n<\/p>\n<p><input class=\"wpcf7-form-control wpcf7-submit has-spinner\" type=\"submit\" value=\"Submit\" \/>\n<\/p><p style=\"display: none !important;\" class=\"akismet-fields-container\" data-prefix=\"_wpcf7_ak_\"><label>&#916;<textarea name=\"_wpcf7_ak_hp_textarea\" cols=\"45\" rows=\"8\" maxlength=\"100\"><\/textarea><\/label><input type=\"hidden\" id=\"ak_js_1\" name=\"_wpcf7_ak_js\" value=\"152\"\/><script>document.getElementById( \"ak_js_1\" ).setAttribute( \"value\", ( new Date() ).getTime() );<\/script><\/p><div class=\"wpcf7-response-output\" aria-hidden=\"true\"><\/div>\n<\/form>\n<\/div>\n<\/div>\n\n<p><strong>Kecskem\u00e9t Symphony Orchestra<\/strong><\/p>\n\n<p><strong>Address:<\/strong> 6000, Kecskem\u00e9t, De\u00e1k Ferenc t\u00e9r 1.<\/p>\n\n<p><strong>E-mail:<\/strong> info@kecskemetiszimfonikusok.hu<\/p>\n\n<p><strong>Phone: <\/strong><br \/>+36 30\/933\/2900<\/p>\n\t\t\t\t\t\t\t\t<\/div>\n\t\t\t\t<\/div>\n\t\t\t\t\t<\/div>\n\t\t\t\t<\/div>\n\t\t\t\t<\/div>\n\t\t","protected":false},"excerpt":{"rendered":"<p>Kecskem\u00e9t Symphony Orchestra Address: 6000, Kecskem\u00e9t, De\u00e1k Ferenc t\u00e9r 1. E-mail: info@kecskemetiszimfonikusok.hu Phone: +36 30\/933\/2900<\/p>\n","protected":false},"author":1,"featured_media":0,"parent":0,"menu_order":0,"comment_status":"closed","ping_status":"closed","template":"","meta":{"footnotes":""},"class_list":["post-69","page","type-page","status-publish"],"yoast_head":"<!-- This site is optimized with the Yoast SEO plugin v27.4 - https:\/\/yoast.com\/product\/yoast-seo-wordpress\/ -->\n<title>CONTACT - Kecskem\u00e9ti Szimfonikus Zenekar<\/title>\n<meta name=\"robots\" content=\"index, follow, max-snippet:-1, max-image-preview:large, max-video-preview:-1\" \/>\n<link rel=\"canonical\" href=\"https:\/\/kecskemetsymphony.com\/index.php\/en\/contact\/\" \/>\n<meta property=\"og:locale\" content=\"hu_HU\" \/>\n<meta property=\"og:type\" content=\"article\" \/>\n<meta property=\"og:title\" content=\"CONTACT - Kecskem\u00e9ti Szimfonikus Zenekar\" \/>\n<meta property=\"og:description\" content=\"Kecskem\u00e9t Symphony Orchestra Address: 6000, Kecskem\u00e9t, De\u00e1k Ferenc t\u00e9r 1. E-mail: info@kecskemetiszimfonikusok.hu Phone: +36 30\/933\/2900\" \/>\n<meta property=\"og:url\" content=\"https:\/\/kecskemetsymphony.com\/index.php\/en\/contact\/\" \/>\n<meta property=\"og:site_name\" content=\"Kecskem\u00e9ti Szimfonikus Zenekar\" \/>\n<meta property=\"article:publisher\" content=\"https:\/\/www.facebook.com\/kecskemetiszimfonikuszenekar\" \/>\n<meta property=\"article:modified_time\" content=\"2023-09-29T10:20:32+00:00\" \/>\n<meta name=\"twitter:card\" content=\"summary_large_image\" \/>\n<meta name=\"twitter:label1\" content=\"Becs\u00fclt olvas\u00e1si id\u0151\" \/>\n\t<meta name=\"twitter:data1\" content=\"1 perc\" \/>\n<script type=\"application\/ld+json\" class=\"yoast-schema-graph\">{\"@context\":\"https:\\\/\\\/schema.org\",\"@graph\":[{\"@type\":\"WebPage\",\"@id\":\"https:\\\/\\\/kecskemetsymphony.com\\\/index.php\\\/en\\\/contact\\\/\",\"url\":\"https:\\\/\\\/kecskemetsymphony.com\\\/index.php\\\/en\\\/contact\\\/\",\"name\":\"CONTACT - Kecskem\u00e9ti Szimfonikus Zenekar\",\"isPartOf\":{\"@id\":\"https:\\\/\\\/kecskemetsymphony.com\\\/#website\"},\"datePublished\":\"2022-04-26T10:04:48+00:00\",\"dateModified\":\"2023-09-29T10:20:32+00:00\",\"breadcrumb\":{\"@id\":\"https:\\\/\\\/kecskemetsymphony.com\\\/index.php\\\/en\\\/contact\\\/#breadcrumb\"},\"inLanguage\":\"hu\",\"potentialAction\":[{\"@type\":\"ReadAction\",\"target\":[\"https:\\\/\\\/kecskemetsymphony.com\\\/index.php\\\/en\\\/contact\\\/\"]}]},{\"@type\":\"BreadcrumbList\",\"@id\":\"https:\\\/\\\/kecskemetsymphony.com\\\/index.php\\\/en\\\/contact\\\/#breadcrumb\",\"itemListElement\":[{\"@type\":\"ListItem\",\"position\":1,\"name\":\"Home\",\"item\":\"https:\\\/\\\/kecskemetsymphony.com\\\/\"},{\"@type\":\"ListItem\",\"position\":2,\"name\":\"CONTACT\"}]},{\"@type\":\"WebSite\",\"@id\":\"https:\\\/\\\/kecskemetsymphony.com\\\/#website\",\"url\":\"https:\\\/\\\/kecskemetsymphony.com\\\/\",\"name\":\"Kecskem\u00e9ti Szimfonikus Zenekar\",\"description\":\"Kecskem\u00e9ti Szimfonikus Zenekar honlapja\",\"publisher\":{\"@id\":\"https:\\\/\\\/kecskemetsymphony.com\\\/#organization\"},\"potentialAction\":[{\"@type\":\"SearchAction\",\"target\":{\"@type\":\"EntryPoint\",\"urlTemplate\":\"https:\\\/\\\/kecskemetsymphony.com\\\/?s={search_term_string}\"},\"query-input\":{\"@type\":\"PropertyValueSpecification\",\"valueRequired\":true,\"valueName\":\"search_term_string\"}}],\"inLanguage\":\"hu\"},{\"@type\":\"Organization\",\"@id\":\"https:\\\/\\\/kecskemetsymphony.com\\\/#organization\",\"name\":\"Kecskem\u00e9ti Szimfonikus Zenekar\",\"url\":\"https:\\\/\\\/kecskemetsymphony.com\\\/\",\"logo\":{\"@type\":\"ImageObject\",\"inLanguage\":\"hu\",\"@id\":\"https:\\\/\\\/kecskemetsymphony.com\\\/#\\\/schema\\\/logo\\\/image\\\/\",\"url\":\"https:\\\/\\\/kecskemetsymphony.com\\\/wp-content\\\/uploads\\\/2022\\\/04\\\/cropped-KS_BRAND_FB_PROFILE_1.jpg\",\"contentUrl\":\"https:\\\/\\\/kecskemetsymphony.com\\\/wp-content\\\/uploads\\\/2022\\\/04\\\/cropped-KS_BRAND_FB_PROFILE_1.jpg\",\"width\":480,\"height\":480,\"caption\":\"Kecskem\u00e9ti Szimfonikus Zenekar\"},\"image\":{\"@id\":\"https:\\\/\\\/kecskemetsymphony.com\\\/#\\\/schema\\\/logo\\\/image\\\/\"},\"sameAs\":[\"https:\\\/\\\/www.facebook.com\\\/kecskemetiszimfonikuszenekar\"]}]}<\/script>\n<!-- \/ Yoast SEO plugin. -->","yoast_head_json":{"title":"CONTACT - Kecskem\u00e9ti Szimfonikus Zenekar","robots":{"index":"index","follow":"follow","max-snippet":"max-snippet:-1","max-image-preview":"max-image-preview:large","max-video-preview":"max-video-preview:-1"},"canonical":"https:\/\/kecskemetsymphony.com\/index.php\/en\/contact\/","og_locale":"hu_HU","og_type":"article","og_title":"CONTACT - Kecskem\u00e9ti Szimfonikus Zenekar","og_description":"Kecskem\u00e9t Symphony Orchestra Address: 6000, Kecskem\u00e9t, De\u00e1k Ferenc t\u00e9r 1. E-mail: info@kecskemetiszimfonikusok.hu Phone: +36 30\/933\/2900","og_url":"https:\/\/kecskemetsymphony.com\/index.php\/en\/contact\/","og_site_name":"Kecskem\u00e9ti Szimfonikus Zenekar","article_publisher":"https:\/\/www.facebook.com\/kecskemetiszimfonikuszenekar","article_modified_time":"2023-09-29T10:20:32+00:00","twitter_card":"summary_large_image","twitter_misc":{"Becs\u00fclt olvas\u00e1si id\u0151":"1 perc"},"schema":{"@context":"https:\/\/schema.org","@graph":[{"@type":"WebPage","@id":"https:\/\/kecskemetsymphony.com\/index.php\/en\/contact\/","url":"https:\/\/kecskemetsymphony.com\/index.php\/en\/contact\/","name":"CONTACT - Kecskem\u00e9ti Szimfonikus Zenekar","isPartOf":{"@id":"https:\/\/kecskemetsymphony.com\/#website"},"datePublished":"2022-04-26T10:04:48+00:00","dateModified":"2023-09-29T10:20:32+00:00","breadcrumb":{"@id":"https:\/\/kecskemetsymphony.com\/index.php\/en\/contact\/#breadcrumb"},"inLanguage":"hu","potentialAction":[{"@type":"ReadAction","target":["https:\/\/kecskemetsymphony.com\/index.php\/en\/contact\/"]}]},{"@type":"BreadcrumbList","@id":"https:\/\/kecskemetsymphony.com\/index.php\/en\/contact\/#breadcrumb","itemListElement":[{"@type":"ListItem","position":1,"name":"Home","item":"https:\/\/kecskemetsymphony.com\/"},{"@type":"ListItem","position":2,"name":"CONTACT"}]},{"@type":"WebSite","@id":"https:\/\/kecskemetsymphony.com\/#website","url":"https:\/\/kecskemetsymphony.com\/","name":"Kecskem\u00e9ti Szimfonikus Zenekar","description":"Kecskem\u00e9ti Szimfonikus Zenekar honlapja","publisher":{"@id":"https:\/\/kecskemetsymphony.com\/#organization"},"potentialAction":[{"@type":"SearchAction","target":{"@type":"EntryPoint","urlTemplate":"https:\/\/kecskemetsymphony.com\/?s={search_term_string}"},"query-input":{"@type":"PropertyValueSpecification","valueRequired":true,"valueName":"search_term_string"}}],"inLanguage":"hu"},{"@type":"Organization","@id":"https:\/\/kecskemetsymphony.com\/#organization","name":"Kecskem\u00e9ti Szimfonikus Zenekar","url":"https:\/\/kecskemetsymphony.com\/","logo":{"@type":"ImageObject","inLanguage":"hu","@id":"https:\/\/kecskemetsymphony.com\/#\/schema\/logo\/image\/","url":"https:\/\/kecskemetsymphony.com\/wp-content\/uploads\/2022\/04\/cropped-KS_BRAND_FB_PROFILE_1.jpg","contentUrl":"https:\/\/kecskemetsymphony.com\/wp-content\/uploads\/2022\/04\/cropped-KS_BRAND_FB_PROFILE_1.jpg","width":480,"height":480,"caption":"Kecskem\u00e9ti Szimfonikus Zenekar"},"image":{"@id":"https:\/\/kecskemetsymphony.com\/#\/schema\/logo\/image\/"},"sameAs":["https:\/\/www.facebook.com\/kecskemetiszimfonikuszenekar"]}]}},"_links":{"self":[{"href":"https:\/\/kecskemetsymphony.com\/index.php\/wp-json\/wp\/v2\/pages\/69","targetHints":{"allow":["GET"]}}],"collection":[{"href":"https:\/\/kecskemetsymphony.com\/index.php\/wp-json\/wp\/v2\/pages"}],"about":[{"href":"https:\/\/kecskemetsymphony.com\/index.php\/wp-json\/wp\/v2\/types\/page"}],"author":[{"embeddable":true,"href":"https:\/\/kecskemetsymphony.com\/index.php\/wp-json\/wp\/v2\/users\/1"}],"replies":[{"embeddable":true,"href":"https:\/\/kecskemetsymphony.com\/index.php\/wp-json\/wp\/v2\/comments?post=69"}],"version-history":[{"count":13,"href":"https:\/\/kecskemetsymphony.com\/index.php\/wp-json\/wp\/v2\/pages\/69\/revisions"}],"predecessor-version":[{"id":2420,"href":"https:\/\/kecskemetsymphony.com\/index.php\/wp-json\/wp\/v2\/pages\/69\/revisions\/2420"}],"wp:attachment":[{"href":"https:\/\/kecskemetsymphony.com\/index.php\/wp-json\/wp\/v2\/media?parent=69"}],"curies":[{"name":"wp","href":"https:\/\/api.w.org\/{rel}","templated":true}]}}